{"id":2758,"date":"2021-12-01T09:47:54","date_gmt":"2021-12-01T08:47:54","guid":{"rendered":"https:\/\/btl.com.pl\/?post_type=product&#038;p=2758"},"modified":"2022-03-01T21:05:14","modified_gmt":"2022-03-01T20:05:14","slug":"podloze-z-cetrymidem-i-kwasem-nalidyksowym-anc-p-0239","status":"publish","type":"product","link":"https:\/\/www.btl.com.pl\/en\/produkty\/podloza-mikrobiologiczne-gotowe\/butelki\/podloze-z-cetrymidem-i-kwasem-nalidyksowym-anc-p-0239\/","title":{"rendered":"Pod\u0142o\u017ce z cetrymidem i kwasem nalidyksowym (ANC).  P-0239"},"content":{"rendered":"<div>nr katalogowy: <b>P-0239<\/b><\/div>\n<p>&nbsp;<\/p>\n<div>\n<p><strong>Zastosowanie:<\/strong><br \/>\nPod\u0142o\u017ce wybi\u00f3rcze do izolacji i oznaczania liczby bakterii z gatunku <em>Pseudomonas<\/em> aeruginosa w r\u00f3\u017cnych materia\u0142ach, metod\u0105 filtr\u00f3w membranowych w wodzie i innych p\u0142ynach.<br \/>\n<strong>Szczepy kontrolne:<br \/>\n<\/strong><em>Pseudomonas aeruginosa ATCC 27853<\/em><br \/>\n<strong>Wielko\u015b\u0107 opakowania:<\/strong><br \/>\nSypkie: 500 g, 250 g, 100 g, gotowa nawa\u017cka na 250 ml<br \/>\nButelki: 6 x 400 ml, 6 x 200 ml<\/p>\n<\/div>","protected":false},"excerpt":{"rendered":"<p>nr katalogowy: P-0239 &nbsp; Zastosowanie: Pod\u0142o\u017ce wybi\u00f3rcze do izolacji i oznaczania liczby bakterii z gatunku Pseudomonas aeruginosa w r\u00f3\u017cnych materia\u0142ach, metod\u0105 filtr\u00f3w membranowych w wodzie i innych p\u0142ynach. Szczepy kontrolne: Pseudomonas aeruginosa ATCC 27853 Wielko\u015b\u0107 opakowania: Sypkie: 500 g, 250 g, 100 g, gotowa nawa\u017cka na 250 ml Butelki: 6 x 400 ml, 6 x [&hellip;]<\/p>\n","protected":false},"featured_media":0,"template":"","meta":[],"product_brand":[],"product_cat":[99,126,78,77],"product_tag":[],"class_list":{"0":"post-2758","1":"product","2":"type-product","3":"status-publish","5":"product_cat-agary","6":"product_cat-butelki","7":"product_cat-podloza-mikrobiologiczne-gotowe","8":"product_cat-podloza-mikrobiologiczne-sypkie","10":"first","11":"instock","12":"shipping-taxable","13":"product-type-simple"},"_links":{"self":[{"href":"https:\/\/www.btl.com.pl\/en\/wp-json\/wp\/v2\/product\/2758","targetHints":{"allow":["GET"]}}],"collection":[{"href":"https:\/\/www.btl.com.pl\/en\/wp-json\/wp\/v2\/product"}],"about":[{"href":"https:\/\/www.btl.com.pl\/en\/wp-json\/wp\/v2\/types\/product"}],"version-history":[{"count":1,"href":"https:\/\/www.btl.com.pl\/en\/wp-json\/wp\/v2\/product\/2758\/revisions"}],"predecessor-version":[{"id":2759,"href":"https:\/\/www.btl.com.pl\/en\/wp-json\/wp\/v2\/product\/2758\/revisions\/2759"}],"wp:attachment":[{"href":"https:\/\/www.btl.com.pl\/en\/wp-json\/wp\/v2\/media?parent=2758"}],"wp:term":[{"taxonomy":"product_brand","embeddable":true,"href":"https:\/\/www.btl.com.pl\/en\/wp-json\/wp\/v2\/product_brand?post=2758"},{"taxonomy":"product_cat","embeddable":true,"href":"https:\/\/www.btl.com.pl\/en\/wp-json\/wp\/v2\/product_cat?post=2758"},{"taxonomy":"product_tag","embeddable":true,"href":"https:\/\/www.btl.com.pl\/en\/wp-json\/wp\/v2\/product_tag?post=2758"}],"curies":[{"name":"wp","href":"https:\/\/api.w.org\/{rel}","templated":true}]}}