{"id":2753,"date":"2021-11-30T15:37:24","date_gmt":"2021-11-30T14:37:24","guid":{"rendered":"https:\/\/btl.com.pl\/?post_type=product&#038;p=2753"},"modified":"2022-03-01T21:00:40","modified_gmt":"2022-03-01T20:00:40","slug":"podloze-z-azotanem-potasu-do-stwierdzania-redukcji-azotanow-p-0264","status":"publish","type":"product","link":"https:\/\/www.btl.com.pl\/en\/produkty\/podloza-mikrobiologiczne-gotowe\/butelki\/podloze-z-azotanem-potasu-do-stwierdzania-redukcji-azotanow-p-0264\/","title":{"rendered":"Pod\u0142o\u017ce z azotanem potasu do stwierdzania redukcji azotan\u00f3w.  P-0264"},"content":{"rendered":"<div>nr katalogowy: <b>P-0264<\/b><\/div>\n<p>&nbsp;<\/p>\n<div>\n<p><strong>Zastosowanie:<\/strong><br \/>\nPod\u0142o\u017ce do wykrywania zdolno\u015bci do redukcji azotan\u00f3w przez mikroorganizmy, zalecane przy diagnostyce bakterii z rodzaju <em>Bacillus.<\/em><br \/>\n<strong>Szczepy kontrolne:<br \/>\n<\/strong><em>Bacillus cereus ATCC 10876<br \/>\nEscherichia coli ATCC 25922<\/em><br \/>\n<strong>Wielko\u015b\u0107 opakowania:<\/strong><br \/>\nSypkie: 500 g, 250 g, 100 g, gotowa nawa\u017cka na 250 ml<br \/>\nButelki: 6 x 400 ml, 6 x 200 ml<\/p>\n<\/div>","protected":false},"excerpt":{"rendered":"<p>nr katalogowy: P-0264 &nbsp; Zastosowanie: Pod\u0142o\u017ce do wykrywania zdolno\u015bci do redukcji azotan\u00f3w przez mikroorganizmy, zalecane przy diagnostyce bakterii z rodzaju Bacillus. Szczepy kontrolne: Bacillus cereus ATCC 10876 Escherichia coli ATCC 25922 Wielko\u015b\u0107 opakowania: Sypkie: 500 g, 250 g, 100 g, gotowa nawa\u017cka na 250 ml Butelki: 6 x 400 ml, 6 x 200 ml<\/p>","protected":false},"featured_media":0,"template":"","meta":[],"product_brand":[],"product_cat":[100,126,78,77],"product_tag":[],"class_list":{"0":"post-2753","1":"product","2":"type-product","3":"status-publish","5":"product_cat-buliony","6":"product_cat-butelki","7":"product_cat-podloza-mikrobiologiczne-gotowe","8":"product_cat-podloza-mikrobiologiczne-sypkie","10":"first","11":"instock","12":"shipping-taxable","13":"product-type-simple"},"_links":{"self":[{"href":"https:\/\/www.btl.com.pl\/en\/wp-json\/wp\/v2\/product\/2753","targetHints":{"allow":["GET"]}}],"collection":[{"href":"https:\/\/www.btl.com.pl\/en\/wp-json\/wp\/v2\/product"}],"about":[{"href":"https:\/\/www.btl.com.pl\/en\/wp-json\/wp\/v2\/types\/product"}],"version-history":[{"count":1,"href":"https:\/\/www.btl.com.pl\/en\/wp-json\/wp\/v2\/product\/2753\/revisions"}],"predecessor-version":[{"id":2754,"href":"https:\/\/www.btl.com.pl\/en\/wp-json\/wp\/v2\/product\/2753\/revisions\/2754"}],"wp:attachment":[{"href":"https:\/\/www.btl.com.pl\/en\/wp-json\/wp\/v2\/media?parent=2753"}],"wp:term":[{"taxonomy":"product_brand","embeddable":true,"href":"https:\/\/www.btl.com.pl\/en\/wp-json\/wp\/v2\/product_brand?post=2753"},{"taxonomy":"product_cat","embeddable":true,"href":"https:\/\/www.btl.com.pl\/en\/wp-json\/wp\/v2\/product_cat?post=2753"},{"taxonomy":"product_tag","embeddable":true,"href":"https:\/\/www.btl.com.pl\/en\/wp-json\/wp\/v2\/product_tag?post=2753"}],"curies":[{"name":"wp","href":"https:\/\/api.w.org\/{rel}","templated":true}]}}