{"id":2747,"date":"2021-11-30T15:31:27","date_gmt":"2021-11-30T14:31:27","guid":{"rendered":"https:\/\/btl.com.pl\/?post_type=product&#038;p=2747"},"modified":"2022-03-01T11:13:04","modified_gmt":"2022-03-01T10:13:04","slug":"podloze-wilson-blaira-ii-dla-beztlenowcow-podstawowe-p-0321","status":"publish","type":"product","link":"https:\/\/www.btl.com.pl\/en\/produkty\/podloza-mikrobiologiczne-gotowe\/plytki-podloza-mikrobiologiczne-gotowe\/podloze-wilson-blaira-ii-dla-beztlenowcow-podstawowe-p-0321\/","title":{"rendered":"Pod\u0142o\u017ce Wilson-Blaira II dla beztlenowc\u00f3w \u2013 podstawowe.  P-0321"},"content":{"rendered":"<div>nr katalogowy: <b>P-0321<\/b><\/div>\n<p>&nbsp;<\/p>\n<div>\n<p><strong>Zastosowanie:<\/strong><br \/>\nPod\u0142o\u017ce Wilson-Blaira II przeznaczone jest do izolacji i wykrywania beztlenowych bakterii przetrwalnikuj\u0105cych, redukuj\u0105cych siarczany, szczeg\u00f3lnie z rodzaju <em>Clostridium <\/em>w badanym materiale.<br \/>\nSuplementy:<br \/>\nChlorek \u017celaza (III), wodorotlenek sodu, siarczan (IV) sodu<br \/>\n<strong>Szczepy kontrolne:<\/strong><br \/>\n<em>Clostridium perfringens ATCC 13124<br \/>\nClostridium sporogenes ATCC 11437<\/em><br \/>\n<strong>Wielko\u015b\u0107 opakowania:<\/strong><br \/>\nSypkie: 500 g, 250 g, 100 g, gotowa nawa\u017cka na 250 ml<br \/>\nButelki: 6 x 400 ml, 6 x 200 ml<\/p>\n<\/div>","protected":false},"excerpt":{"rendered":"<p>nr katalogowy: P-0321 &nbsp; Zastosowanie: Pod\u0142o\u017ce Wilson-Blaira II przeznaczone jest do izolacji i wykrywania beztlenowych bakterii przetrwalnikuj\u0105cych, redukuj\u0105cych siarczany, szczeg\u00f3lnie z rodzaju Clostridium w badanym materiale. Suplementy: Chlorek \u017celaza (III), wodorotlenek sodu, siarczan (IV) sodu Szczepy kontrolne: Clostridium perfringens ATCC 13124 Clostridium sporogenes ATCC 11437 Wielko\u015b\u0107 opakowania: Sypkie: 500 g, 250 g, 100 g, gotowa [&hellip;]<\/p>\n","protected":false},"featured_media":0,"template":"","meta":[],"product_brand":[],"product_cat":[99,104,78,77],"product_tag":[],"class_list":{"0":"post-2747","1":"product","2":"type-product","3":"status-publish","5":"product_cat-agary","6":"product_cat-plytki-podloza-mikrobiologiczne-gotowe","7":"product_cat-podloza-mikrobiologiczne-gotowe","8":"product_cat-podloza-mikrobiologiczne-sypkie","10":"first","11":"instock","12":"shipping-taxable","13":"product-type-simple"},"_links":{"self":[{"href":"https:\/\/www.btl.com.pl\/en\/wp-json\/wp\/v2\/product\/2747","targetHints":{"allow":["GET"]}}],"collection":[{"href":"https:\/\/www.btl.com.pl\/en\/wp-json\/wp\/v2\/product"}],"about":[{"href":"https:\/\/www.btl.com.pl\/en\/wp-json\/wp\/v2\/types\/product"}],"version-history":[{"count":1,"href":"https:\/\/www.btl.com.pl\/en\/wp-json\/wp\/v2\/product\/2747\/revisions"}],"predecessor-version":[{"id":2748,"href":"https:\/\/www.btl.com.pl\/en\/wp-json\/wp\/v2\/product\/2747\/revisions\/2748"}],"wp:attachment":[{"href":"https:\/\/www.btl.com.pl\/en\/wp-json\/wp\/v2\/media?parent=2747"}],"wp:term":[{"taxonomy":"product_brand","embeddable":true,"href":"https:\/\/www.btl.com.pl\/en\/wp-json\/wp\/v2\/product_brand?post=2747"},{"taxonomy":"product_cat","embeddable":true,"href":"https:\/\/www.btl.com.pl\/en\/wp-json\/wp\/v2\/product_cat?post=2747"},{"taxonomy":"product_tag","embeddable":true,"href":"https:\/\/www.btl.com.pl\/en\/wp-json\/wp\/v2\/product_tag?post=2747"}],"curies":[{"name":"wp","href":"https:\/\/api.w.org\/{rel}","templated":true}]}}