{"id":2743,"date":"2021-11-30T15:28:14","date_gmt":"2021-11-30T14:28:14","guid":{"rendered":"https:\/\/btl.com.pl\/?post_type=product&#038;p=2743"},"modified":"2022-03-01T20:56:22","modified_gmt":"2022-03-01T19:56:22","slug":"podloze-whalleya-scaar-p-0195","status":"publish","type":"product","link":"https:\/\/www.btl.com.pl\/en\/produkty\/podloza-mikrobiologiczne-gotowe\/butelki\/podloze-whalleya-scaar-p-0195\/","title":{"rendered":"Pod\u0142o\u017ce Whalleya-Scaar.  P-0195"},"content":{"rendered":"<div>nr katalogowy: <b>P-0195<\/b><\/div>\n<p>&nbsp;<\/p>\n<div>\n<p><strong>Zastosowanie:<\/strong><br \/>\nPod\u0142o\u017ce do hodowli i oznaczania liczby dro\u017cd\u017cy i ple\u015bni osmotolerancyjnych , polecane jest dla produkt\u00f3w o du\u017cej zawarto\u015bci sk\u0142adnik\u00f3w podwy\u017cszaj\u0105cych ci\u015bnienie osmotyczne np. sacharozy. Pod\u0142o\u017ce mo\u017ce s\u0142u\u017cy\u0107 do bada\u0144 mikrobiologicznych cukru, d\u017cem\u00f3w, marmolad i innych produkt\u00f3w.<br \/>\n<strong>Szczepy kontrolne:<br \/>\n<\/strong><em>Aspergillus niger ATCC 16404<br \/>\nSaccharomyces cerevisiae ATCC 9763<br \/>\nCandida albicans ATCC 10231<\/em><br \/>\n<strong>Wielko\u015b\u0107 opakowania:<\/strong><br \/>\nSypkie: 500 g, 250 g, 100 g, gotowa nawa\u017cka na 250 ml<br \/>\nButelki: 6 x 400 ml, 6 x 200 ml<\/p>\n<\/div>","protected":false},"excerpt":{"rendered":"<p>nr katalogowy: P-0195 &nbsp; Zastosowanie: Pod\u0142o\u017ce do hodowli i oznaczania liczby dro\u017cd\u017cy i ple\u015bni osmotolerancyjnych , polecane jest dla produkt\u00f3w o du\u017cej zawarto\u015bci sk\u0142adnik\u00f3w podwy\u017cszaj\u0105cych ci\u015bnienie osmotyczne np. sacharozy. Pod\u0142o\u017ce mo\u017ce s\u0142u\u017cy\u0107 do bada\u0144 mikrobiologicznych cukru, d\u017cem\u00f3w, marmolad i innych produkt\u00f3w. Szczepy kontrolne: Aspergillus niger ATCC 16404 Saccharomyces cerevisiae ATCC 9763 Candida albicans ATCC 10231 [&hellip;]<\/p>\n","protected":false},"featured_media":0,"template":"","meta":[],"product_brand":[],"product_cat":[99,126,78,77],"product_tag":[],"class_list":{"0":"post-2743","1":"product","2":"type-product","3":"status-publish","5":"product_cat-agary","6":"product_cat-butelki","7":"product_cat-podloza-mikrobiologiczne-gotowe","8":"product_cat-podloza-mikrobiologiczne-sypkie","10":"first","11":"instock","12":"shipping-taxable","13":"product-type-simple"},"_links":{"self":[{"href":"https:\/\/www.btl.com.pl\/en\/wp-json\/wp\/v2\/product\/2743","targetHints":{"allow":["GET"]}}],"collection":[{"href":"https:\/\/www.btl.com.pl\/en\/wp-json\/wp\/v2\/product"}],"about":[{"href":"https:\/\/www.btl.com.pl\/en\/wp-json\/wp\/v2\/types\/product"}],"version-history":[{"count":1,"href":"https:\/\/www.btl.com.pl\/en\/wp-json\/wp\/v2\/product\/2743\/revisions"}],"predecessor-version":[{"id":2744,"href":"https:\/\/www.btl.com.pl\/en\/wp-json\/wp\/v2\/product\/2743\/revisions\/2744"}],"wp:attachment":[{"href":"https:\/\/www.btl.com.pl\/en\/wp-json\/wp\/v2\/media?parent=2743"}],"wp:term":[{"taxonomy":"product_brand","embeddable":true,"href":"https:\/\/www.btl.com.pl\/en\/wp-json\/wp\/v2\/product_brand?post=2743"},{"taxonomy":"product_cat","embeddable":true,"href":"https:\/\/www.btl.com.pl\/en\/wp-json\/wp\/v2\/product_cat?post=2743"},{"taxonomy":"product_tag","embeddable":true,"href":"https:\/\/www.btl.com.pl\/en\/wp-json\/wp\/v2\/product_tag?post=2743"}],"curies":[{"name":"wp","href":"https:\/\/api.w.org\/{rel}","templated":true}]}}