{"id":2741,"date":"2021-11-30T15:03:20","date_gmt":"2021-11-30T14:03:20","guid":{"rendered":"https:\/\/btl.com.pl\/?post_type=product&#038;p=2741"},"modified":"2021-11-30T15:03:20","modified_gmt":"2021-11-30T14:03:20","slug":"podloze-vrbga-p-0055","status":"publish","type":"product","link":"https:\/\/www.btl.com.pl\/en\/produkty\/podloza-mikrobiologiczne-sypkie\/agary\/podloze-vrbga-p-0055\/","title":{"rendered":"Pod\u0142o\u017ce VRBGA.  P-0055"},"content":{"rendered":"<div>nr katalogowy: <b>P-0055<\/b><\/div>\n<p>&nbsp;<\/p>\n<div>\n<p><strong>Zastosowanie:<\/strong><br \/>\nPod\u0142o\u017ce wybi\u00f3rcze do izolacji i okre\u015blania liczby bakterii z rodziny <em>Enterobacteriaceae <\/em>w produktach \u017cywno\u015bciowych.<br \/>\n<strong>Szczepy kontrolne:<\/strong><br \/>\n<em>Escherichia coli ATCC 25922<br \/>\nSalmonella typhimurium ATCC 14028<br \/>\nSalmonella enteritidis ATCC 13076<br \/>\nKlebsiella pneumoniae ATCC 13883<br \/>\n<\/em><strong>Wielko\u015b\u0107 opakowania:<\/strong><br \/>\nSypkie: 500 g, 250 g, 100 g, gotowa nawa\u017cka na 250 ml<\/p>\n<\/div>","protected":false},"excerpt":{"rendered":"<p>nr katalogowy: P-0055 &nbsp; Zastosowanie: Pod\u0142o\u017ce wybi\u00f3rcze do izolacji i okre\u015blania liczby bakterii z rodziny Enterobacteriaceae w produktach \u017cywno\u015bciowych. Szczepy kontrolne: Escherichia coli ATCC 25922 Salmonella typhimurium ATCC 14028 Salmonella enteritidis ATCC 13076 Klebsiella pneumoniae ATCC 13883 Wielko\u015b\u0107 opakowania: Sypkie: 500 g, 250 g, 100 g, gotowa nawa\u017cka na 250 ml<\/p>","protected":false},"featured_media":0,"template":"","meta":[],"product_brand":[],"product_cat":[99,77],"product_tag":[],"class_list":{"0":"post-2741","1":"product","2":"type-product","3":"status-publish","5":"product_cat-agary","6":"product_cat-podloza-mikrobiologiczne-sypkie","8":"first","9":"instock","10":"shipping-taxable","11":"product-type-simple"},"_links":{"self":[{"href":"https:\/\/www.btl.com.pl\/en\/wp-json\/wp\/v2\/product\/2741","targetHints":{"allow":["GET"]}}],"collection":[{"href":"https:\/\/www.btl.com.pl\/en\/wp-json\/wp\/v2\/product"}],"about":[{"href":"https:\/\/www.btl.com.pl\/en\/wp-json\/wp\/v2\/types\/product"}],"version-history":[{"count":1,"href":"https:\/\/www.btl.com.pl\/en\/wp-json\/wp\/v2\/product\/2741\/revisions"}],"predecessor-version":[{"id":2742,"href":"https:\/\/www.btl.com.pl\/en\/wp-json\/wp\/v2\/product\/2741\/revisions\/2742"}],"wp:attachment":[{"href":"https:\/\/www.btl.com.pl\/en\/wp-json\/wp\/v2\/media?parent=2741"}],"wp:term":[{"taxonomy":"product_brand","embeddable":true,"href":"https:\/\/www.btl.com.pl\/en\/wp-json\/wp\/v2\/product_brand?post=2741"},{"taxonomy":"product_cat","embeddable":true,"href":"https:\/\/www.btl.com.pl\/en\/wp-json\/wp\/v2\/product_cat?post=2741"},{"taxonomy":"product_tag","embeddable":true,"href":"https:\/\/www.btl.com.pl\/en\/wp-json\/wp\/v2\/product_tag?post=2741"}],"curies":[{"name":"wp","href":"https:\/\/api.w.org\/{rel}","templated":true}]}}