{"id":2739,"date":"2021-11-30T15:01:50","date_gmt":"2021-11-30T14:01:50","guid":{"rendered":"https:\/\/btl.com.pl\/?post_type=product&#038;p=2739"},"modified":"2021-11-30T15:01:51","modified_gmt":"2021-11-30T14:01:51","slug":"podloze-vl-dla-beztlenowcow-p-0266","status":"publish","type":"product","link":"https:\/\/www.btl.com.pl\/en\/produkty\/podloza-mikrobiologiczne-sypkie\/buliony\/podloze-vl-dla-beztlenowcow-p-0266\/","title":{"rendered":"Pod\u0142o\u017ce VL (dla beztlenowc\u00f3w).  P-0266"},"content":{"rendered":"<div>nr katalogowy: <b>P-0266<\/b><\/div>\n<p>&nbsp;<\/p>\n<div>\n<p><strong>Zastosowanie:<\/strong><br \/>\nPod\u0142o\u017ce do hodowli i\/lub badania zdolno\u015bci fermentacji cukr\u00f3w (glukozy, maltozy, sacharozy) przez beztlenowe bakterie przetrwalnikuj\u0105ce. Pod\u0142o\u017ce VL zawiera wystarczaj\u0105c\u0105 ilo\u015b\u0107 sk\u0142adnik\u00f3w od\u017cywczych gwarantuj\u0105cych wzrost i rozmna\u017canie si\u0119 <em>Clostridium.<\/em><br \/>\n<strong>Wielko\u015b\u0107 opakowania:<\/strong><br \/>\nSypkie: 500 g, 250 g, 100 g, gotowa nawa\u017cka na 250 ml<\/p>\n<\/div>","protected":false},"excerpt":{"rendered":"<p>nr katalogowy: P-0266 &nbsp; Zastosowanie: Pod\u0142o\u017ce do hodowli i\/lub badania zdolno\u015bci fermentacji cukr\u00f3w (glukozy, maltozy, sacharozy) przez beztlenowe bakterie przetrwalnikuj\u0105ce. Pod\u0142o\u017ce VL zawiera wystarczaj\u0105c\u0105 ilo\u015b\u0107 sk\u0142adnik\u00f3w od\u017cywczych gwarantuj\u0105cych wzrost i rozmna\u017canie si\u0119 Clostridium. Wielko\u015b\u0107 opakowania: Sypkie: 500 g, 250 g, 100 g, gotowa nawa\u017cka na 250 ml<\/p>","protected":false},"featured_media":0,"template":"","meta":[],"product_brand":[],"product_cat":[100,77],"product_tag":[],"class_list":{"0":"post-2739","1":"product","2":"type-product","3":"status-publish","5":"product_cat-buliony","6":"product_cat-podloza-mikrobiologiczne-sypkie","8":"first","9":"instock","10":"shipping-taxable","11":"product-type-simple"},"_links":{"self":[{"href":"https:\/\/www.btl.com.pl\/en\/wp-json\/wp\/v2\/product\/2739","targetHints":{"allow":["GET"]}}],"collection":[{"href":"https:\/\/www.btl.com.pl\/en\/wp-json\/wp\/v2\/product"}],"about":[{"href":"https:\/\/www.btl.com.pl\/en\/wp-json\/wp\/v2\/types\/product"}],"version-history":[{"count":1,"href":"https:\/\/www.btl.com.pl\/en\/wp-json\/wp\/v2\/product\/2739\/revisions"}],"predecessor-version":[{"id":2740,"href":"https:\/\/www.btl.com.pl\/en\/wp-json\/wp\/v2\/product\/2739\/revisions\/2740"}],"wp:attachment":[{"href":"https:\/\/www.btl.com.pl\/en\/wp-json\/wp\/v2\/media?parent=2739"}],"wp:term":[{"taxonomy":"product_brand","embeddable":true,"href":"https:\/\/www.btl.com.pl\/en\/wp-json\/wp\/v2\/product_brand?post=2739"},{"taxonomy":"product_cat","embeddable":true,"href":"https:\/\/www.btl.com.pl\/en\/wp-json\/wp\/v2\/product_cat?post=2739"},{"taxonomy":"product_tag","embeddable":true,"href":"https:\/\/www.btl.com.pl\/en\/wp-json\/wp\/v2\/product_tag?post=2739"}],"curies":[{"name":"wp","href":"https:\/\/api.w.org\/{rel}","templated":true}]}}