{"id":2735,"date":"2021-11-30T14:46:37","date_gmt":"2021-11-30T13:46:37","guid":{"rendered":"https:\/\/btl.com.pl\/?post_type=product&#038;p=2735"},"modified":"2022-03-01T20:52:27","modified_gmt":"2022-03-01T19:52:27","slug":"podloze-tioglikolanowo-sojowe-p-0171","status":"publish","type":"product","link":"https:\/\/www.btl.com.pl\/en\/produkty\/podloza-mikrobiologiczne-gotowe\/butelki\/podloze-tioglikolanowo-sojowe-p-0171\/","title":{"rendered":"Pod\u0142o\u017ce tioglikolanowo-sojowe.  P-0171"},"content":{"rendered":"<div>nr katalogowy: <b>P-0171<\/b><\/div>\n<p>&nbsp;<\/p>\n<div>\n<p><strong>Zastosowanie:<\/strong><br \/>\nDo hodowli i izolacji mikroorganizm\u00f3w wzgl\u0119dnie i bezwzgl\u0119dnie beztlenowych. Pod\u0142o\u017ce o poni\u017cszym sk\u0142adzie polecane jest do badania ja\u0142owo\u015bci np. w produktach leczniczych i wyrobach medycznych.<br \/>\n<strong>Szczepy kontrolne:<\/strong><br \/>\n<em>Clostridium perfringens ATCC 13124<br \/>\nEscherichia coli ATCC 25922<br \/>\nStaphylococcus aureus ATCC 6538<\/em><br \/>\n<strong>Wielko\u015b\u0107 opakowania:<br \/>\n<\/strong>Sypkie: 500 g, 250 g, 100 g, gotowa nawa\u017cka na 250 ml<br \/>\nButelki: 6 x 400 ml, 6 x 200 ml<\/p>\n<\/div>","protected":false},"excerpt":{"rendered":"<p>nr katalogowy: P-0171 &nbsp; Zastosowanie: Do hodowli i izolacji mikroorganizm\u00f3w wzgl\u0119dnie i bezwzgl\u0119dnie beztlenowych. Pod\u0142o\u017ce o poni\u017cszym sk\u0142adzie polecane jest do badania ja\u0142owo\u015bci np. w produktach leczniczych i wyrobach medycznych. Szczepy kontrolne: Clostridium perfringens ATCC 13124 Escherichia coli ATCC 25922 Staphylococcus aureus ATCC 6538 Wielko\u015b\u0107 opakowania: Sypkie: 500 g, 250 g, 100 g, gotowa nawa\u017cka [&hellip;]<\/p>\n","protected":false},"featured_media":0,"template":"","meta":[],"product_brand":[],"product_cat":[100,126,78,77],"product_tag":[],"class_list":{"0":"post-2735","1":"product","2":"type-product","3":"status-publish","5":"product_cat-buliony","6":"product_cat-butelki","7":"product_cat-podloza-mikrobiologiczne-gotowe","8":"product_cat-podloza-mikrobiologiczne-sypkie","10":"first","11":"instock","12":"shipping-taxable","13":"product-type-simple"},"_links":{"self":[{"href":"https:\/\/www.btl.com.pl\/en\/wp-json\/wp\/v2\/product\/2735","targetHints":{"allow":["GET"]}}],"collection":[{"href":"https:\/\/www.btl.com.pl\/en\/wp-json\/wp\/v2\/product"}],"about":[{"href":"https:\/\/www.btl.com.pl\/en\/wp-json\/wp\/v2\/types\/product"}],"version-history":[{"count":1,"href":"https:\/\/www.btl.com.pl\/en\/wp-json\/wp\/v2\/product\/2735\/revisions"}],"predecessor-version":[{"id":2736,"href":"https:\/\/www.btl.com.pl\/en\/wp-json\/wp\/v2\/product\/2735\/revisions\/2736"}],"wp:attachment":[{"href":"https:\/\/www.btl.com.pl\/en\/wp-json\/wp\/v2\/media?parent=2735"}],"wp:term":[{"taxonomy":"product_brand","embeddable":true,"href":"https:\/\/www.btl.com.pl\/en\/wp-json\/wp\/v2\/product_brand?post=2735"},{"taxonomy":"product_cat","embeddable":true,"href":"https:\/\/www.btl.com.pl\/en\/wp-json\/wp\/v2\/product_cat?post=2735"},{"taxonomy":"product_tag","embeddable":true,"href":"https:\/\/www.btl.com.pl\/en\/wp-json\/wp\/v2\/product_tag?post=2735"}],"curies":[{"name":"wp","href":"https:\/\/api.w.org\/{rel}","templated":true}]}}