{"id":2731,"date":"2021-11-30T14:43:33","date_gmt":"2021-11-30T13:43:33","guid":{"rendered":"https:\/\/btl.com.pl\/?post_type=product&#038;p=2731"},"modified":"2021-11-30T14:43:33","modified_gmt":"2021-11-30T13:43:33","slug":"podloze-syntetyczne-do-oznaczania-drozdzy-i-plesni-p-0033","status":"publish","type":"product","link":"https:\/\/www.btl.com.pl\/en\/produkty\/podloza-mikrobiologiczne-sypkie\/agary\/podloze-syntetyczne-do-oznaczania-drozdzy-i-plesni-p-0033\/","title":{"rendered":"Pod\u0142o\u017ce syntetyczne do oznaczania dro\u017cd\u017cy i ple\u015bni.  P-0033"},"content":{"rendered":"<div>nr katalogowy: <b>P-0033<\/b><\/div>\n<p>&nbsp;<\/p>\n<div>\n<p><strong>Zastosowanie:<\/strong><br \/>\nPod\u0142o\u017ce do hodowli, izolacji i okre\u015blania liczby grzyb\u00f3w, w tym grzyb\u00f3w chorobotw\u00f3rczych.<br \/>\n<strong>Szczepy kontrolne:<br \/>\n<\/strong><em>Aspergillus niger ATCC 16404<br \/>\nSaccharomyces cerevisiae ATCC 9763<br \/>\nCandida albicans ATCC 10231<\/em><br \/>\n<strong>Wielko\u015b\u0107 opakowania:<\/strong><br \/>\nSypkie: 500 g, 250 g, 100 g, gotowa nawa\u017cka na 250 ml<br \/>\nButelki:\u00a06 x\u00a0400 ml, 6 x 200 ml<\/p>\n<\/div>","protected":false},"excerpt":{"rendered":"<p>nr katalogowy: P-0033 &nbsp; Zastosowanie: Pod\u0142o\u017ce do hodowli, izolacji i okre\u015blania liczby grzyb\u00f3w, w tym grzyb\u00f3w chorobotw\u00f3rczych. Szczepy kontrolne: Aspergillus niger ATCC 16404 Saccharomyces cerevisiae ATCC 9763 Candida albicans ATCC 10231 Wielko\u015b\u0107 opakowania: Sypkie: 500 g, 250 g, 100 g, gotowa nawa\u017cka na 250 ml Butelki:\u00a06 x\u00a0400 ml, 6 x 200 ml<\/p>","protected":false},"featured_media":0,"template":"","meta":[],"product_brand":[],"product_cat":[77,99],"product_tag":[],"class_list":{"0":"post-2731","1":"product","2":"type-product","3":"status-publish","5":"product_cat-podloza-mikrobiologiczne-sypkie","6":"product_cat-agary","8":"first","9":"instock","10":"shipping-taxable","11":"product-type-simple"},"_links":{"self":[{"href":"https:\/\/www.btl.com.pl\/en\/wp-json\/wp\/v2\/product\/2731","targetHints":{"allow":["GET"]}}],"collection":[{"href":"https:\/\/www.btl.com.pl\/en\/wp-json\/wp\/v2\/product"}],"about":[{"href":"https:\/\/www.btl.com.pl\/en\/wp-json\/wp\/v2\/types\/product"}],"version-history":[{"count":1,"href":"https:\/\/www.btl.com.pl\/en\/wp-json\/wp\/v2\/product\/2731\/revisions"}],"predecessor-version":[{"id":2732,"href":"https:\/\/www.btl.com.pl\/en\/wp-json\/wp\/v2\/product\/2731\/revisions\/2732"}],"wp:attachment":[{"href":"https:\/\/www.btl.com.pl\/en\/wp-json\/wp\/v2\/media?parent=2731"}],"wp:term":[{"taxonomy":"product_brand","embeddable":true,"href":"https:\/\/www.btl.com.pl\/en\/wp-json\/wp\/v2\/product_brand?post=2731"},{"taxonomy":"product_cat","embeddable":true,"href":"https:\/\/www.btl.com.pl\/en\/wp-json\/wp\/v2\/product_cat?post=2731"},{"taxonomy":"product_tag","embeddable":true,"href":"https:\/\/www.btl.com.pl\/en\/wp-json\/wp\/v2\/product_tag?post=2731"}],"curies":[{"name":"wp","href":"https:\/\/api.w.org\/{rel}","templated":true}]}}