{"id":2729,"date":"2021-11-30T14:42:17","date_gmt":"2021-11-30T13:42:17","guid":{"rendered":"https:\/\/btl.com.pl\/?post_type=product&#038;p=2729"},"modified":"2021-11-30T14:42:17","modified_gmt":"2021-11-30T13:42:17","slug":"podloze-ss-p-0015","status":"publish","type":"product","link":"https:\/\/www.btl.com.pl\/en\/produkty\/podloza-mikrobiologiczne-sypkie\/agary\/podloze-ss-p-0015\/","title":{"rendered":"Pod\u0142o\u017ce SS.  P-0015"},"content":{"rendered":"<div>nr katalogowy: <b>P-0015<\/b><\/div>\n<p>&nbsp;<\/p>\n<div>\n<p><strong>Zastosowanie:<br \/>\n<\/strong>Pod\u0142o\u017ce wybi\u00f3rcze do izolacji <em>Salmonella sp.<\/em> i <em>Shigella sp<\/em>. z produkt\u00f3w spo\u017cywczych, ka\u0142u i innego materia\u0142u podejrzanego o wyst\u0119powanie powy\u017cszych mikroorganizm\u00f3w.<br \/>\n<strong>Szczepy kontrolne:<\/strong><br \/>\n<em>Salmonella typhimurium ATCC 14028<br \/>\nSalmonella enteritidis ATCC 13076<br \/>\nShigella sonnei ATCC 9290<br \/>\n<\/em><strong>Wielko\u015b\u0107 opakowania:<\/strong><br \/>\nSypkie: 500 g, 250 g, 100 g, gotowa nawa\u017cka na 250 ml<\/p>\n<p>&nbsp;<\/p>\n<\/div>","protected":false},"excerpt":{"rendered":"<p>nr katalogowy: P-0015 &nbsp; Zastosowanie: Pod\u0142o\u017ce wybi\u00f3rcze do izolacji Salmonella sp. i Shigella sp. z produkt\u00f3w spo\u017cywczych, ka\u0142u i innego materia\u0142u podejrzanego o wyst\u0119powanie powy\u017cszych mikroorganizm\u00f3w. Szczepy kontrolne: Salmonella typhimurium ATCC 14028 Salmonella enteritidis ATCC 13076 Shigella sonnei ATCC 9290 Wielko\u015b\u0107 opakowania: Sypkie: 500 g, 250 g, 100 g, gotowa nawa\u017cka na 250 ml &nbsp;<\/p>","protected":false},"featured_media":0,"template":"","meta":[],"product_brand":[],"product_cat":[77,99],"product_tag":[],"class_list":{"0":"post-2729","1":"product","2":"type-product","3":"status-publish","5":"product_cat-podloza-mikrobiologiczne-sypkie","6":"product_cat-agary","8":"first","9":"instock","10":"shipping-taxable","11":"product-type-simple"},"_links":{"self":[{"href":"https:\/\/www.btl.com.pl\/en\/wp-json\/wp\/v2\/product\/2729","targetHints":{"allow":["GET"]}}],"collection":[{"href":"https:\/\/www.btl.com.pl\/en\/wp-json\/wp\/v2\/product"}],"about":[{"href":"https:\/\/www.btl.com.pl\/en\/wp-json\/wp\/v2\/types\/product"}],"version-history":[{"count":1,"href":"https:\/\/www.btl.com.pl\/en\/wp-json\/wp\/v2\/product\/2729\/revisions"}],"predecessor-version":[{"id":2730,"href":"https:\/\/www.btl.com.pl\/en\/wp-json\/wp\/v2\/product\/2729\/revisions\/2730"}],"wp:attachment":[{"href":"https:\/\/www.btl.com.pl\/en\/wp-json\/wp\/v2\/media?parent=2729"}],"wp:term":[{"taxonomy":"product_brand","embeddable":true,"href":"https:\/\/www.btl.com.pl\/en\/wp-json\/wp\/v2\/product_brand?post=2729"},{"taxonomy":"product_cat","embeddable":true,"href":"https:\/\/www.btl.com.pl\/en\/wp-json\/wp\/v2\/product_cat?post=2729"},{"taxonomy":"product_tag","embeddable":true,"href":"https:\/\/www.btl.com.pl\/en\/wp-json\/wp\/v2\/product_tag?post=2729"}],"curies":[{"name":"wp","href":"https:\/\/api.w.org\/{rel}","templated":true}]}}