{"id":2727,"date":"2021-11-30T14:40:56","date_gmt":"2021-11-30T13:40:56","guid":{"rendered":"https:\/\/btl.com.pl\/?post_type=product&#038;p=2727"},"modified":"2022-03-01T20:51:39","modified_gmt":"2022-03-01T19:51:39","slug":"podloze-smith-lorentza-p-0072","status":"publish","type":"product","link":"https:\/\/www.btl.com.pl\/en\/produkty\/podloza-mikrobiologiczne-gotowe\/butelki\/podloze-smith-lorentza-p-0072\/","title":{"rendered":"Pod\u0142o\u017ce Smith-Lorentza.  P-0072"},"content":{"rendered":"<div>nr katalogowy: <b>P-0072<\/b><\/div>\n<p>&nbsp;<\/p>\n<div>\n<p><strong>Zastosowanie:<\/strong><br \/>\nPod\u0142o\u017ce do hodowli i oznaczania liczby termofilnych bakterii tlenowych w przetworach owocowych, warzywnych i warzywno-mi\u0119snych.<br \/>\n<strong>Wielko\u015b\u0107 opakowania:<br \/>\n<\/strong>Sypkie: 500 g, 250 g, 100 g, gotowa nawa\u017cka na 250 ml<br \/>\nButelki: 6 x 400 ml,\u00a06 x\u00a0200 ml<\/p>\n<\/div>","protected":false},"excerpt":{"rendered":"<p>nr katalogowy: P-0072 &nbsp; Zastosowanie: Pod\u0142o\u017ce do hodowli i oznaczania liczby termofilnych bakterii tlenowych w przetworach owocowych, warzywnych i warzywno-mi\u0119snych. Wielko\u015b\u0107 opakowania: Sypkie: 500 g, 250 g, 100 g, gotowa nawa\u017cka na 250 ml Butelki: 6 x 400 ml,\u00a06 x\u00a0200 ml<\/p>","protected":false},"featured_media":0,"template":"","meta":[],"product_brand":[],"product_cat":[99,126,78,77],"product_tag":[],"class_list":{"0":"post-2727","1":"product","2":"type-product","3":"status-publish","5":"product_cat-agary","6":"product_cat-butelki","7":"product_cat-podloza-mikrobiologiczne-gotowe","8":"product_cat-podloza-mikrobiologiczne-sypkie","10":"first","11":"instock","12":"shipping-taxable","13":"product-type-simple"},"_links":{"self":[{"href":"https:\/\/www.btl.com.pl\/en\/wp-json\/wp\/v2\/product\/2727","targetHints":{"allow":["GET"]}}],"collection":[{"href":"https:\/\/www.btl.com.pl\/en\/wp-json\/wp\/v2\/product"}],"about":[{"href":"https:\/\/www.btl.com.pl\/en\/wp-json\/wp\/v2\/types\/product"}],"version-history":[{"count":1,"href":"https:\/\/www.btl.com.pl\/en\/wp-json\/wp\/v2\/product\/2727\/revisions"}],"predecessor-version":[{"id":2728,"href":"https:\/\/www.btl.com.pl\/en\/wp-json\/wp\/v2\/product\/2727\/revisions\/2728"}],"wp:attachment":[{"href":"https:\/\/www.btl.com.pl\/en\/wp-json\/wp\/v2\/media?parent=2727"}],"wp:term":[{"taxonomy":"product_brand","embeddable":true,"href":"https:\/\/www.btl.com.pl\/en\/wp-json\/wp\/v2\/product_brand?post=2727"},{"taxonomy":"product_cat","embeddable":true,"href":"https:\/\/www.btl.com.pl\/en\/wp-json\/wp\/v2\/product_cat?post=2727"},{"taxonomy":"product_tag","embeddable":true,"href":"https:\/\/www.btl.com.pl\/en\/wp-json\/wp\/v2\/product_tag?post=2727"}],"curies":[{"name":"wp","href":"https:\/\/api.w.org\/{rel}","templated":true}]}}