{"id":2719,"date":"2021-11-30T14:35:26","date_gmt":"2021-11-30T13:35:26","guid":{"rendered":"https:\/\/btl.com.pl\/?post_type=product&#038;p=2719"},"modified":"2021-11-30T14:35:26","modified_gmt":"2021-11-30T13:35:26","slug":"podloze-pa-9-p-0149","status":"publish","type":"product","link":"https:\/\/www.btl.com.pl\/en\/produkty\/podloza-mikrobiologiczne-sypkie\/buliony\/podloze-pa-9-p-0149\/","title":{"rendered":"Pod\u0142o\u017ce PA 9.  P-0149"},"content":{"rendered":"<div>nr katalogowy: <b>P-0149<\/b><\/div>\n<p>&nbsp;<\/p>\n<div>\n<p><strong>Zastosowanie:<\/strong><br \/>\nPod\u0142o\u017ca do mikrobiologicznego oznaczania aktywno\u015bci wybranych antybiotyk\u00f3w metod\u0105 cylinderkowo-p\u0142ytkow\u0105 lub metod\u0105 turbidymetryczn\u0105.<br \/>\n<strong>Wielko\u015b\u0107 opakowania:<\/strong><br \/>\nSypkie: 500 g, 250 g, 100 g, gotowa nawa\u017cka na 250 ml<br \/>\nButelki: 6 x 400 ml, 6 x 200 ml<\/p>\n<\/div>","protected":false},"excerpt":{"rendered":"<p>nr katalogowy: P-0149 &nbsp; Zastosowanie: Pod\u0142o\u017ca do mikrobiologicznego oznaczania aktywno\u015bci wybranych antybiotyk\u00f3w metod\u0105 cylinderkowo-p\u0142ytkow\u0105 lub metod\u0105 turbidymetryczn\u0105. Wielko\u015b\u0107 opakowania: Sypkie: 500 g, 250 g, 100 g, gotowa nawa\u017cka na 250 ml Butelki: 6 x 400 ml, 6 x 200 ml<\/p>","protected":false},"featured_media":0,"template":"","meta":[],"product_brand":[],"product_cat":[100,77],"product_tag":[],"class_list":{"0":"post-2719","1":"product","2":"type-product","3":"status-publish","5":"product_cat-buliony","6":"product_cat-podloza-mikrobiologiczne-sypkie","8":"first","9":"instock","10":"shipping-taxable","11":"product-type-simple"},"_links":{"self":[{"href":"https:\/\/www.btl.com.pl\/en\/wp-json\/wp\/v2\/product\/2719","targetHints":{"allow":["GET"]}}],"collection":[{"href":"https:\/\/www.btl.com.pl\/en\/wp-json\/wp\/v2\/product"}],"about":[{"href":"https:\/\/www.btl.com.pl\/en\/wp-json\/wp\/v2\/types\/product"}],"version-history":[{"count":1,"href":"https:\/\/www.btl.com.pl\/en\/wp-json\/wp\/v2\/product\/2719\/revisions"}],"predecessor-version":[{"id":2720,"href":"https:\/\/www.btl.com.pl\/en\/wp-json\/wp\/v2\/product\/2719\/revisions\/2720"}],"wp:attachment":[{"href":"https:\/\/www.btl.com.pl\/en\/wp-json\/wp\/v2\/media?parent=2719"}],"wp:term":[{"taxonomy":"product_brand","embeddable":true,"href":"https:\/\/www.btl.com.pl\/en\/wp-json\/wp\/v2\/product_brand?post=2719"},{"taxonomy":"product_cat","embeddable":true,"href":"https:\/\/www.btl.com.pl\/en\/wp-json\/wp\/v2\/product_cat?post=2719"},{"taxonomy":"product_tag","embeddable":true,"href":"https:\/\/www.btl.com.pl\/en\/wp-json\/wp\/v2\/product_tag?post=2719"}],"curies":[{"name":"wp","href":"https:\/\/api.w.org\/{rel}","templated":true}]}}