{"id":2705,"date":"2021-11-30T14:18:47","date_gmt":"2021-11-30T13:18:47","guid":{"rendered":"https:\/\/btl.com.pl\/?post_type=product&#038;p=2705"},"modified":"2022-03-01T20:40:09","modified_gmt":"2022-03-01T19:40:09","slug":"podloze-pa-2-p-0142","status":"publish","type":"product","link":"https:\/\/www.btl.com.pl\/en\/produkty\/podloza-mikrobiologiczne-gotowe\/butelki\/podloze-pa-2-p-0142\/","title":{"rendered":"Pod\u0142o\u017ce PA 2.  P-0142"},"content":{"rendered":"<div>nr katalogowy: <b>P-0142<\/b><\/div>\n<p>&nbsp;<\/p>\n<div>\n<p><strong>Zastosowanie:<\/strong><br \/>\nPod\u0142o\u017ca do mikrobiologicznego oznaczania aktywno\u015bci wybranych antybiotyk\u00f3w metod\u0105 cylinderkowo-p\u0142ytkow\u0105 lub metod\u0105 turbidymetryczn\u0105.<br \/>\n<strong>Wielko\u015b\u0107 opakowania:<\/strong><br \/>\nSypkie: 500 g, 250 g, 100 g, gotowa nawa\u017cka na 250 ml<br \/>\nButelki: 6 x 400 ml, 6 x 200 ml<\/p>\n<\/div>","protected":false},"excerpt":{"rendered":"<p>nr katalogowy: P-0142 &nbsp; Zastosowanie: Pod\u0142o\u017ca do mikrobiologicznego oznaczania aktywno\u015bci wybranych antybiotyk\u00f3w metod\u0105 cylinderkowo-p\u0142ytkow\u0105 lub metod\u0105 turbidymetryczn\u0105. Wielko\u015b\u0107 opakowania: Sypkie: 500 g, 250 g, 100 g, gotowa nawa\u017cka na 250 ml Butelki: 6 x 400 ml, 6 x 200 ml<\/p>","protected":false},"featured_media":0,"template":"","meta":[],"product_brand":[],"product_cat":[126,77,99,78],"product_tag":[],"class_list":{"0":"post-2705","1":"product","2":"type-product","3":"status-publish","5":"product_cat-butelki","6":"product_cat-podloza-mikrobiologiczne-sypkie","7":"product_cat-agary","8":"product_cat-podloza-mikrobiologiczne-gotowe","10":"first","11":"instock","12":"shipping-taxable","13":"product-type-simple"},"_links":{"self":[{"href":"https:\/\/www.btl.com.pl\/en\/wp-json\/wp\/v2\/product\/2705","targetHints":{"allow":["GET"]}}],"collection":[{"href":"https:\/\/www.btl.com.pl\/en\/wp-json\/wp\/v2\/product"}],"about":[{"href":"https:\/\/www.btl.com.pl\/en\/wp-json\/wp\/v2\/types\/product"}],"version-history":[{"count":1,"href":"https:\/\/www.btl.com.pl\/en\/wp-json\/wp\/v2\/product\/2705\/revisions"}],"predecessor-version":[{"id":2706,"href":"https:\/\/www.btl.com.pl\/en\/wp-json\/wp\/v2\/product\/2705\/revisions\/2706"}],"wp:attachment":[{"href":"https:\/\/www.btl.com.pl\/en\/wp-json\/wp\/v2\/media?parent=2705"}],"wp:term":[{"taxonomy":"product_brand","embeddable":true,"href":"https:\/\/www.btl.com.pl\/en\/wp-json\/wp\/v2\/product_brand?post=2705"},{"taxonomy":"product_cat","embeddable":true,"href":"https:\/\/www.btl.com.pl\/en\/wp-json\/wp\/v2\/product_cat?post=2705"},{"taxonomy":"product_tag","embeddable":true,"href":"https:\/\/www.btl.com.pl\/en\/wp-json\/wp\/v2\/product_tag?post=2705"}],"curies":[{"name":"wp","href":"https:\/\/api.w.org\/{rel}","templated":true}]}}