{"id":2691,"date":"2021-11-30T11:20:03","date_gmt":"2021-11-30T10:20:03","guid":{"rendered":"https:\/\/btl.com.pl\/?post_type=product&#038;p=2691"},"modified":"2021-11-30T11:20:04","modified_gmt":"2021-11-30T10:20:04","slug":"podloze-nogrady-p-0202","status":"publish","type":"product","link":"https:\/\/www.btl.com.pl\/en\/produkty\/podloza-mikrobiologiczne-sypkie\/agary\/podloze-nogrady-p-0202\/","title":{"rendered":"Pod\u0142o\u017ce Nogrady. P-0202"},"content":{"rendered":"<div>nr katalogowy: <b>P-0202<\/b><\/div>\n<p>&nbsp;<\/p>\n<div>\n<p><strong>Zastosowanie:<\/strong><br \/>\nPod\u0142o\u017ce wybi\u00f3rcze do wykrywania i oznaczania liczby pa\u0142eczek z rodzaju <em>Proteus <\/em>w produktach garma\u017ceryjnych i innych produktach spo\u017cywczych. Pod\u0142o\u017ce to zawiera wystarczaj\u0105c\u0105 ilo\u015b\u0107 sk\u0142adnik\u00f3w od\u017cywczych gwarantuj\u0105cych wzrost i rozmna\u017canie si\u0119 bakterii z rodzaju <em>Proteus<\/em>.<br \/>\n<strong>Szczepy kontrolne:<br \/>\n<\/strong><em>Proteus vulgaris ATCC 49990<br \/>\nProteus vulgaris ATCC 13315<br \/>\nEscherichia coli ATCC 25922<\/em><br \/>\n<strong>Wielko\u015b\u0107 opakowania:<\/strong><br \/>\nSypkie: 500 g, 250 g, 100 g, gotowa nawa\u017cka na 250 ml<\/p>\n<\/div>","protected":false},"excerpt":{"rendered":"<p>nr katalogowy: P-0202 &nbsp; Zastosowanie: Pod\u0142o\u017ce wybi\u00f3rcze do wykrywania i oznaczania liczby pa\u0142eczek z rodzaju Proteus w produktach garma\u017ceryjnych i innych produktach spo\u017cywczych. Pod\u0142o\u017ce to zawiera wystarczaj\u0105c\u0105 ilo\u015b\u0107 sk\u0142adnik\u00f3w od\u017cywczych gwarantuj\u0105cych wzrost i rozmna\u017canie si\u0119 bakterii z rodzaju Proteus. Szczepy kontrolne: Proteus vulgaris ATCC 49990 Proteus vulgaris ATCC 13315 Escherichia coli ATCC 25922 Wielko\u015b\u0107 opakowania: [&hellip;]<\/p>\n","protected":false},"featured_media":0,"template":"","meta":[],"product_brand":[],"product_cat":[99,77],"product_tag":[],"class_list":{"0":"post-2691","1":"product","2":"type-product","3":"status-publish","5":"product_cat-agary","6":"product_cat-podloza-mikrobiologiczne-sypkie","8":"first","9":"instock","10":"shipping-taxable","11":"product-type-simple"},"_links":{"self":[{"href":"https:\/\/www.btl.com.pl\/en\/wp-json\/wp\/v2\/product\/2691","targetHints":{"allow":["GET"]}}],"collection":[{"href":"https:\/\/www.btl.com.pl\/en\/wp-json\/wp\/v2\/product"}],"about":[{"href":"https:\/\/www.btl.com.pl\/en\/wp-json\/wp\/v2\/types\/product"}],"version-history":[{"count":1,"href":"https:\/\/www.btl.com.pl\/en\/wp-json\/wp\/v2\/product\/2691\/revisions"}],"predecessor-version":[{"id":2692,"href":"https:\/\/www.btl.com.pl\/en\/wp-json\/wp\/v2\/product\/2691\/revisions\/2692"}],"wp:attachment":[{"href":"https:\/\/www.btl.com.pl\/en\/wp-json\/wp\/v2\/media?parent=2691"}],"wp:term":[{"taxonomy":"product_brand","embeddable":true,"href":"https:\/\/www.btl.com.pl\/en\/wp-json\/wp\/v2\/product_brand?post=2691"},{"taxonomy":"product_cat","embeddable":true,"href":"https:\/\/www.btl.com.pl\/en\/wp-json\/wp\/v2\/product_cat?post=2691"},{"taxonomy":"product_tag","embeddable":true,"href":"https:\/\/www.btl.com.pl\/en\/wp-json\/wp\/v2\/product_tag?post=2691"}],"curies":[{"name":"wp","href":"https:\/\/api.w.org\/{rel}","templated":true}]}}