{"id":2681,"date":"2021-11-30T10:59:20","date_gmt":"2021-11-30T09:59:20","guid":{"rendered":"https:\/\/btl.com.pl\/?post_type=product&#038;p=2681"},"modified":"2022-03-01T20:29:15","modified_gmt":"2022-03-01T19:29:15","slug":"podloze-macconkeya-p-0008","status":"publish","type":"product","link":"https:\/\/www.btl.com.pl\/en\/produkty\/podloza-mikrobiologiczne-gotowe\/butelki\/podloze-macconkeya-p-0008\/","title":{"rendered":"Pod\u0142o\u017ce MacConkeya. P-0008"},"content":{"rendered":"<p>nr katalogowy: <strong>P-0008<\/strong><\/p>\n<p>&nbsp;<\/p>\n<p><strong>Zastosowanie:<\/strong><br \/>\nPod\u0142o\u017ce wybi\u00f3rcze do wst\u0119pnej kontroli obecno\u015bci <em>Shigella, Salmonella<\/em> i bakterii z grupy coli w produktach spo\u017cywczych, \u015bciekach, kale i moczu. Odpowiednie do wst\u0119pnej izolacji <em>V.comma<\/em> w wodzie i mleku.<br \/>\n<strong>Szczepy kontrolne:<\/strong><br \/>\n<em>Escherichia coli ATCC 25922<br \/>\nSalmonella typhimurium ATCC 14028<br \/>\nSalmonella enteritidis ATCC 13076<br \/>\nShigella sonnei ATCC 9290<\/em><br \/>\n<strong>Wielko\u015b\u0107 opakowania:<br \/>\n<\/strong>Sypkie: 500 g, 250 g, 100 g, gotowa nawa\u017cka na 250 ml<br \/>\nButelki: 6 x 400 ml,\u00a06 x\u00a0200 ml<\/p>","protected":false},"excerpt":{"rendered":"<p>nr katalogowy: P-0008 &nbsp; Zastosowanie: Pod\u0142o\u017ce wybi\u00f3rcze do wst\u0119pnej kontroli obecno\u015bci Shigella, Salmonella i bakterii z grupy coli w produktach spo\u017cywczych, \u015bciekach, kale i moczu. Odpowiednie do wst\u0119pnej izolacji V.comma w wodzie i mleku. Szczepy kontrolne: Escherichia coli ATCC 25922 Salmonella typhimurium ATCC 14028 Salmonella enteritidis ATCC 13076 Shigella sonnei ATCC 9290 Wielko\u015b\u0107 opakowania: Sypkie: [&hellip;]<\/p>\n","protected":false},"featured_media":0,"template":"","meta":[],"product_brand":[],"product_cat":[99,126,78,77],"product_tag":[],"class_list":{"0":"post-2681","1":"product","2":"type-product","3":"status-publish","5":"product_cat-agary","6":"product_cat-butelki","7":"product_cat-podloza-mikrobiologiczne-gotowe","8":"product_cat-podloza-mikrobiologiczne-sypkie","10":"first","11":"instock","12":"shipping-taxable","13":"product-type-simple"},"_links":{"self":[{"href":"https:\/\/www.btl.com.pl\/en\/wp-json\/wp\/v2\/product\/2681","targetHints":{"allow":["GET"]}}],"collection":[{"href":"https:\/\/www.btl.com.pl\/en\/wp-json\/wp\/v2\/product"}],"about":[{"href":"https:\/\/www.btl.com.pl\/en\/wp-json\/wp\/v2\/types\/product"}],"version-history":[{"count":1,"href":"https:\/\/www.btl.com.pl\/en\/wp-json\/wp\/v2\/product\/2681\/revisions"}],"predecessor-version":[{"id":2682,"href":"https:\/\/www.btl.com.pl\/en\/wp-json\/wp\/v2\/product\/2681\/revisions\/2682"}],"wp:attachment":[{"href":"https:\/\/www.btl.com.pl\/en\/wp-json\/wp\/v2\/media?parent=2681"}],"wp:term":[{"taxonomy":"product_brand","embeddable":true,"href":"https:\/\/www.btl.com.pl\/en\/wp-json\/wp\/v2\/product_brand?post=2681"},{"taxonomy":"product_cat","embeddable":true,"href":"https:\/\/www.btl.com.pl\/en\/wp-json\/wp\/v2\/product_cat?post=2681"},{"taxonomy":"product_tag","embeddable":true,"href":"https:\/\/www.btl.com.pl\/en\/wp-json\/wp\/v2\/product_tag?post=2681"}],"curies":[{"name":"wp","href":"https:\/\/api.w.org\/{rel}","templated":true}]}}