{"id":2679,"date":"2021-11-30T10:53:03","date_gmt":"2021-11-30T09:53:03","guid":{"rendered":"https:\/\/btl.com.pl\/?post_type=product&#038;p=2679"},"modified":"2022-03-01T20:28:33","modified_gmt":"2022-03-01T19:28:33","slug":"podloze-levina-p-0165","status":"publish","type":"product","link":"https:\/\/www.btl.com.pl\/en\/produkty\/podloza-mikrobiologiczne-gotowe\/butelki\/podloze-levina-p-0165\/","title":{"rendered":"Pod\u0142o\u017ce Levina.  P-0165"},"content":{"rendered":"<div>nr katalogowy: <b>P-0165<\/b><\/div>\n<p>&nbsp;<\/p>\n<div>\n<p><strong>Zastosowanie:<\/strong><br \/>\nPod\u0142o\u017ce wybi\u00f3rcze do wykrywania i izolacji patogennych bakterii z rodziny <em>Enterobacteriaceae.<\/em><br \/>\n<strong>Szczepy kontrolne:<\/strong><br \/>\n<em>Escherichia coli ATCC 25922<br \/>\nEscherichia coli ATCC 23716<br \/>\nEnterobacter aerogenes ATCC 13048<br \/>\nSalmonella typhimurium ATCC 14028<br \/>\nShigella sonnei ATCC 9290<\/em><br \/>\n<strong>Wielko\u015b\u0107 opakowania:<br \/>\n<\/strong>Sypkie: 500 g, 250 g, 100 g, gotowa nawa\u017cka na 250 ml<br \/>\nButelki: 6 x 400 ml, 6 x 200 ml<\/p>\n<\/div>","protected":false},"excerpt":{"rendered":"<p>nr katalogowy: P-0165 &nbsp; Zastosowanie: Pod\u0142o\u017ce wybi\u00f3rcze do wykrywania i izolacji patogennych bakterii z rodziny Enterobacteriaceae. Szczepy kontrolne: Escherichia coli ATCC 25922 Escherichia coli ATCC 23716 Enterobacter aerogenes ATCC 13048 Salmonella typhimurium ATCC 14028 Shigella sonnei ATCC 9290 Wielko\u015b\u0107 opakowania: Sypkie: 500 g, 250 g, 100 g, gotowa nawa\u017cka na 250 ml Butelki: 6 x [&hellip;]<\/p>\n","protected":false},"featured_media":0,"template":"","meta":[],"product_brand":[],"product_cat":[99,126,78,77],"product_tag":[],"class_list":{"0":"post-2679","1":"product","2":"type-product","3":"status-publish","5":"product_cat-agary","6":"product_cat-butelki","7":"product_cat-podloza-mikrobiologiczne-gotowe","8":"product_cat-podloza-mikrobiologiczne-sypkie","10":"first","11":"instock","12":"shipping-taxable","13":"product-type-simple"},"_links":{"self":[{"href":"https:\/\/www.btl.com.pl\/en\/wp-json\/wp\/v2\/product\/2679","targetHints":{"allow":["GET"]}}],"collection":[{"href":"https:\/\/www.btl.com.pl\/en\/wp-json\/wp\/v2\/product"}],"about":[{"href":"https:\/\/www.btl.com.pl\/en\/wp-json\/wp\/v2\/types\/product"}],"version-history":[{"count":1,"href":"https:\/\/www.btl.com.pl\/en\/wp-json\/wp\/v2\/product\/2679\/revisions"}],"predecessor-version":[{"id":2680,"href":"https:\/\/www.btl.com.pl\/en\/wp-json\/wp\/v2\/product\/2679\/revisions\/2680"}],"wp:attachment":[{"href":"https:\/\/www.btl.com.pl\/en\/wp-json\/wp\/v2\/media?parent=2679"}],"wp:term":[{"taxonomy":"product_brand","embeddable":true,"href":"https:\/\/www.btl.com.pl\/en\/wp-json\/wp\/v2\/product_brand?post=2679"},{"taxonomy":"product_cat","embeddable":true,"href":"https:\/\/www.btl.com.pl\/en\/wp-json\/wp\/v2\/product_cat?post=2679"},{"taxonomy":"product_tag","embeddable":true,"href":"https:\/\/www.btl.com.pl\/en\/wp-json\/wp\/v2\/product_tag?post=2679"}],"curies":[{"name":"wp","href":"https:\/\/api.w.org\/{rel}","templated":true}]}}