{"id":2669,"date":"2021-11-30T10:41:50","date_gmt":"2021-11-30T09:41:50","guid":{"rendered":"https:\/\/btl.com.pl\/?post_type=product&#038;p=2669"},"modified":"2022-03-01T16:31:11","modified_gmt":"2022-03-01T15:31:11","slug":"podloze-hugh-leifsona-p-0027","status":"publish","type":"product","link":"https:\/\/www.btl.com.pl\/en\/produkty\/podloza-mikrobiologiczne-gotowe\/butelki\/podloze-hugh-leifsona-p-0027\/","title":{"rendered":"Pod\u0142o\u017ce Hugh-Leifsona. P-0027"},"content":{"rendered":"<div>nr katalogowy: <b>P-0027<\/b><\/div>\n<p>&nbsp;<\/p>\n<div>\n<p><strong>Zastosowanie:<\/strong><br \/>\nPod\u0142o\u017ce do wykrywania tlenowego lub beztlenowego rozk\u0142adu w\u0119glowodan\u00f3w \u2013 glukozy.<br \/>\n<strong>Szczepy kontrolne:<br \/>\n<\/strong><em>Escherichia coli ATCC 25922<br \/>\nSalmonella enteritidis ATCC 13076<br \/>\nPseudomonas aeruginosa ATCC 27853<\/em><br \/>\n<strong>Wielko\u015b\u0107 opakowania:<\/strong><br \/>\nSypkie: 500 g, 250 g, 100 g, gotowa nawa\u017cka na 250 ml<br \/>\nButelki: 6 x 400 ml, 6 x 200 ml<\/p>\n<\/div>","protected":false},"excerpt":{"rendered":"<p>nr katalogowy: P-0027 &nbsp; Zastosowanie: Pod\u0142o\u017ce do wykrywania tlenowego lub beztlenowego rozk\u0142adu w\u0119glowodan\u00f3w \u2013 glukozy. Szczepy kontrolne: Escherichia coli ATCC 25922 Salmonella enteritidis ATCC 13076 Pseudomonas aeruginosa ATCC 27853 Wielko\u015b\u0107 opakowania: Sypkie: 500 g, 250 g, 100 g, gotowa nawa\u017cka na 250 ml Butelki: 6 x 400 ml, 6 x 200 ml<\/p>","protected":false},"featured_media":0,"template":"","meta":[],"product_brand":[],"product_cat":[126,78,77,124],"product_tag":[],"class_list":{"0":"post-2669","1":"product","2":"type-product","3":"status-publish","5":"product_cat-butelki","6":"product_cat-podloza-mikrobiologiczne-gotowe","7":"product_cat-podloza-mikrobiologiczne-sypkie","8":"product_cat-podloza-polplynne","10":"first","11":"instock","12":"shipping-taxable","13":"product-type-simple"},"_links":{"self":[{"href":"https:\/\/www.btl.com.pl\/en\/wp-json\/wp\/v2\/product\/2669","targetHints":{"allow":["GET"]}}],"collection":[{"href":"https:\/\/www.btl.com.pl\/en\/wp-json\/wp\/v2\/product"}],"about":[{"href":"https:\/\/www.btl.com.pl\/en\/wp-json\/wp\/v2\/types\/product"}],"version-history":[{"count":1,"href":"https:\/\/www.btl.com.pl\/en\/wp-json\/wp\/v2\/product\/2669\/revisions"}],"predecessor-version":[{"id":2670,"href":"https:\/\/www.btl.com.pl\/en\/wp-json\/wp\/v2\/product\/2669\/revisions\/2670"}],"wp:attachment":[{"href":"https:\/\/www.btl.com.pl\/en\/wp-json\/wp\/v2\/media?parent=2669"}],"wp:term":[{"taxonomy":"product_brand","embeddable":true,"href":"https:\/\/www.btl.com.pl\/en\/wp-json\/wp\/v2\/product_brand?post=2669"},{"taxonomy":"product_cat","embeddable":true,"href":"https:\/\/www.btl.com.pl\/en\/wp-json\/wp\/v2\/product_cat?post=2669"},{"taxonomy":"product_tag","embeddable":true,"href":"https:\/\/www.btl.com.pl\/en\/wp-json\/wp\/v2\/product_tag?post=2669"}],"curies":[{"name":"wp","href":"https:\/\/api.w.org\/{rel}","templated":true}]}}