{"id":2667,"date":"2021-11-30T10:39:36","date_gmt":"2021-11-30T09:39:36","guid":{"rendered":"https:\/\/btl.com.pl\/?post_type=product&#038;p=2667"},"modified":"2022-03-01T16:06:40","modified_gmt":"2022-03-01T15:06:40","slug":"podloze-hektoena-p-0082","status":"publish","type":"product","link":"https:\/\/www.btl.com.pl\/en\/produkty\/podloza-mikrobiologiczne-gotowe\/butelki\/podloze-hektoena-p-0082\/","title":{"rendered":"Pod\u0142o\u017ce Hektoena. P-0082"},"content":{"rendered":"<div id=\"glowna\">\n<div id=\"tresc_produkt\">\n<div>nr katalogowy: <b>P-0082<\/b><\/div>\n<div>\n<p><strong>Zastosowanie:<\/strong><br \/>\nPod\u0142o\u017ce wybi\u00f3rcze do wykrywania i izolowania drobnoustroj\u00f3w z rodziny <em>Enterobacteriaceae<\/em>. Stosowane do wykrywania pa\u0142eczek <em>Salmonella<\/em> i <em>Shigella<\/em>. Wysiewy na to pod\u0142o\u017ce wykonuje si\u0119 z produkt\u00f3w spo\u017cywczych, ka\u0142u i innych materia\u0142\u00f3w.<br \/>\n<strong>Szczepy kontrolne:<\/strong><br \/>\n<em>Salmonella typhimurium ATCC 14028<br \/>\nSalmonella enteritidis ATCC 13076<br \/>\nShigella sonnei ATCC 9290<br \/>\nEscherichia coli ATCC 25922<br \/>\n<\/em><strong>Wielko\u015b\u0107 opakowania:<br \/>\n<\/strong>Sypkie: 500 g, 250 g, 100 g, gotowa nawa\u017cka na 250 ml<\/p>\n<\/div>\n<\/div>\n<\/div>","protected":false},"excerpt":{"rendered":"<p>nr katalogowy: P-0082 Zastosowanie: Pod\u0142o\u017ce wybi\u00f3rcze do wykrywania i izolowania drobnoustroj\u00f3w z rodziny Enterobacteriaceae. Stosowane do wykrywania pa\u0142eczek Salmonella i Shigella. Wysiewy na to pod\u0142o\u017ce wykonuje si\u0119 z produkt\u00f3w spo\u017cywczych, ka\u0142u i innych materia\u0142\u00f3w. Szczepy kontrolne: Salmonella typhimurium ATCC 14028 Salmonella enteritidis ATCC 13076 Shigella sonnei ATCC 9290 Escherichia coli ATCC 25922 Wielko\u015b\u0107 opakowania: Sypkie: [&hellip;]<\/p>\n","protected":false},"featured_media":0,"template":"","meta":[],"product_brand":[],"product_cat":[99,126,78,77],"product_tag":[],"class_list":{"0":"post-2667","1":"product","2":"type-product","3":"status-publish","5":"product_cat-agary","6":"product_cat-butelki","7":"product_cat-podloza-mikrobiologiczne-gotowe","8":"product_cat-podloza-mikrobiologiczne-sypkie","10":"first","11":"instock","12":"shipping-taxable","13":"product-type-simple"},"_links":{"self":[{"href":"https:\/\/www.btl.com.pl\/en\/wp-json\/wp\/v2\/product\/2667","targetHints":{"allow":["GET"]}}],"collection":[{"href":"https:\/\/www.btl.com.pl\/en\/wp-json\/wp\/v2\/product"}],"about":[{"href":"https:\/\/www.btl.com.pl\/en\/wp-json\/wp\/v2\/types\/product"}],"version-history":[{"count":1,"href":"https:\/\/www.btl.com.pl\/en\/wp-json\/wp\/v2\/product\/2667\/revisions"}],"predecessor-version":[{"id":2668,"href":"https:\/\/www.btl.com.pl\/en\/wp-json\/wp\/v2\/product\/2667\/revisions\/2668"}],"wp:attachment":[{"href":"https:\/\/www.btl.com.pl\/en\/wp-json\/wp\/v2\/media?parent=2667"}],"wp:term":[{"taxonomy":"product_brand","embeddable":true,"href":"https:\/\/www.btl.com.pl\/en\/wp-json\/wp\/v2\/product_brand?post=2667"},{"taxonomy":"product_cat","embeddable":true,"href":"https:\/\/www.btl.com.pl\/en\/wp-json\/wp\/v2\/product_cat?post=2667"},{"taxonomy":"product_tag","embeddable":true,"href":"https:\/\/www.btl.com.pl\/en\/wp-json\/wp\/v2\/product_tag?post=2667"}],"curies":[{"name":"wp","href":"https:\/\/api.w.org\/{rel}","templated":true}]}}