{"id":2665,"date":"2021-11-29T23:18:56","date_gmt":"2021-11-29T22:18:56","guid":{"rendered":"https:\/\/btl.com.pl\/?post_type=product&#038;p=2665"},"modified":"2022-03-01T16:30:44","modified_gmt":"2022-03-01T15:30:44","slug":"podloze-giolitti-i-cantoni-p-0028","status":"publish","type":"product","link":"https:\/\/www.btl.com.pl\/en\/produkty\/podloza-mikrobiologiczne-gotowe\/butelki\/podloze-giolitti-i-cantoni-p-0028\/","title":{"rendered":"Pod\u0142o\u017ce Giolitti i Cantoni. P-0028"},"content":{"rendered":"<div>nr katalogowy: <b>P-0028<\/b><\/div>\n<p>&nbsp;<\/p>\n<div>\n<p><strong>Zastosowanie:<br \/>\n<\/strong>Pod\u0142o\u017ce wybi\u00f3rcze do okre\u015blania liczby gronkowc\u00f3w, wyznaczonej jako NPL lub do wybi\u00f3rczego namna\u017cania gronkowc\u00f3w z produkt\u00f3w spo\u017cywczych.<br \/>\n<strong>Szczepy kontrolne:<\/strong><br \/>\n<em>Staphylococcus aureus ATCC 6538<br \/>\n<\/em><strong>Wielko\u015b\u0107 opakowania:<\/strong><br \/>\nSypkie: 500 g, 250 g, 100 g, gotowa nawa\u017cka na 250 ml<br \/>\nButelki: 6 x\u00a0400 ml,\u00a06 x\u00a0200 ml<\/p>\n<\/div>","protected":false},"excerpt":{"rendered":"<p>nr katalogowy: P-0028 &nbsp; Zastosowanie: Pod\u0142o\u017ce wybi\u00f3rcze do okre\u015blania liczby gronkowc\u00f3w, wyznaczonej jako NPL lub do wybi\u00f3rczego namna\u017cania gronkowc\u00f3w z produkt\u00f3w spo\u017cywczych. Szczepy kontrolne: Staphylococcus aureus ATCC 6538 Wielko\u015b\u0107 opakowania: Sypkie: 500 g, 250 g, 100 g, gotowa nawa\u017cka na 250 ml Butelki: 6 x\u00a0400 ml,\u00a06 x\u00a0200 ml<\/p>","protected":false},"featured_media":0,"template":"","meta":[],"product_brand":[],"product_cat":[100,126,78,77],"product_tag":[],"class_list":{"0":"post-2665","1":"product","2":"type-product","3":"status-publish","5":"product_cat-buliony","6":"product_cat-butelki","7":"product_cat-podloza-mikrobiologiczne-gotowe","8":"product_cat-podloza-mikrobiologiczne-sypkie","10":"first","11":"instock","12":"shipping-taxable","13":"product-type-simple"},"_links":{"self":[{"href":"https:\/\/www.btl.com.pl\/en\/wp-json\/wp\/v2\/product\/2665","targetHints":{"allow":["GET"]}}],"collection":[{"href":"https:\/\/www.btl.com.pl\/en\/wp-json\/wp\/v2\/product"}],"about":[{"href":"https:\/\/www.btl.com.pl\/en\/wp-json\/wp\/v2\/types\/product"}],"version-history":[{"count":1,"href":"https:\/\/www.btl.com.pl\/en\/wp-json\/wp\/v2\/product\/2665\/revisions"}],"predecessor-version":[{"id":2666,"href":"https:\/\/www.btl.com.pl\/en\/wp-json\/wp\/v2\/product\/2665\/revisions\/2666"}],"wp:attachment":[{"href":"https:\/\/www.btl.com.pl\/en\/wp-json\/wp\/v2\/media?parent=2665"}],"wp:term":[{"taxonomy":"product_brand","embeddable":true,"href":"https:\/\/www.btl.com.pl\/en\/wp-json\/wp\/v2\/product_brand?post=2665"},{"taxonomy":"product_cat","embeddable":true,"href":"https:\/\/www.btl.com.pl\/en\/wp-json\/wp\/v2\/product_cat?post=2665"},{"taxonomy":"product_tag","embeddable":true,"href":"https:\/\/www.btl.com.pl\/en\/wp-json\/wp\/v2\/product_tag?post=2665"}],"curies":[{"name":"wp","href":"https:\/\/api.w.org\/{rel}","templated":true}]}}