{"id":2661,"date":"2021-11-29T23:07:04","date_gmt":"2021-11-29T22:07:04","guid":{"rendered":"https:\/\/btl.com.pl\/?post_type=product&#038;p=2661"},"modified":"2022-03-01T16:29:27","modified_gmt":"2022-03-01T15:29:27","slug":"podloze-endo-fm-d-podstawowe-p-0079","status":"publish","type":"product","link":"https:\/\/www.btl.com.pl\/en\/produkty\/podloza-mikrobiologiczne-gotowe\/butelki\/podloze-endo-fm-d-podstawowe-p-0079\/","title":{"rendered":"Pod\u0142o\u017ce Endo FM-D \u2013 podstawowe. P-0079"},"content":{"rendered":"<div>nr katalogowy: <b>P-0079<\/b><\/div>\n<p>&nbsp;<\/p>\n<div>\n<p><strong>Zastosowanie:<\/strong><br \/>\nPod\u0142o\u017ce wybi\u00f3rcze do wykrywania i oznaczania liczby bakterii z grupy coli i <em>E.coli<\/em> w wodzie metod\u0105 filtracji membranowej.<br \/>\n<a href=\"https:\/\/www.btl.com.pl\/en\/produktopis\/1\/0\/produkty\/13\/22\/\" target=\"_blank\" rel=\"noopener\"><strong>Suplementy:<\/strong><\/a><br \/>\nD-012 Fuksyna zasadowa + C-052 Sodu siarczyn czda<br \/>\n<strong>Szczepy kontrolne:<\/strong><br \/>\n<em>Escherichia coli ATCC 25922<br \/>\nEnterobacter aerogenes ATCC 13048<br \/>\nSalmonella enteritidis ATCC 13076<br \/>\n<\/em><strong>Wielko\u015b\u0107 opakowania:<\/strong><br \/>\nSypkie: 500 g, 250 g, 100 g, gotowa nawa\u017cka na 250 ml<br \/>\nButelki:\u00a06 x 400 ml, 6 x 200 ml<\/p>\n<\/div>","protected":false},"excerpt":{"rendered":"<p>nr katalogowy: P-0079 &nbsp; Zastosowanie: Pod\u0142o\u017ce wybi\u00f3rcze do wykrywania i oznaczania liczby bakterii z grupy coli i E.coli w wodzie metod\u0105 filtracji membranowej. Suplementy: D-012 Fuksyna zasadowa + C-052 Sodu siarczyn czda Szczepy kontrolne: Escherichia coli ATCC 25922 Enterobacter aerogenes ATCC 13048 Salmonella enteritidis ATCC 13076 Wielko\u015b\u0107 opakowania: Sypkie: 500 g, 250 g, 100 g, [&hellip;]<\/p>\n","protected":false},"featured_media":0,"template":"","meta":[],"product_brand":[],"product_cat":[99,126,78,77],"product_tag":[],"class_list":{"0":"post-2661","1":"product","2":"type-product","3":"status-publish","5":"product_cat-agary","6":"product_cat-butelki","7":"product_cat-podloza-mikrobiologiczne-gotowe","8":"product_cat-podloza-mikrobiologiczne-sypkie","10":"first","11":"instock","12":"shipping-taxable","13":"product-type-simple"},"_links":{"self":[{"href":"https:\/\/www.btl.com.pl\/en\/wp-json\/wp\/v2\/product\/2661","targetHints":{"allow":["GET"]}}],"collection":[{"href":"https:\/\/www.btl.com.pl\/en\/wp-json\/wp\/v2\/product"}],"about":[{"href":"https:\/\/www.btl.com.pl\/en\/wp-json\/wp\/v2\/types\/product"}],"version-history":[{"count":1,"href":"https:\/\/www.btl.com.pl\/en\/wp-json\/wp\/v2\/product\/2661\/revisions"}],"predecessor-version":[{"id":2662,"href":"https:\/\/www.btl.com.pl\/en\/wp-json\/wp\/v2\/product\/2661\/revisions\/2662"}],"wp:attachment":[{"href":"https:\/\/www.btl.com.pl\/en\/wp-json\/wp\/v2\/media?parent=2661"}],"wp:term":[{"taxonomy":"product_brand","embeddable":true,"href":"https:\/\/www.btl.com.pl\/en\/wp-json\/wp\/v2\/product_brand?post=2661"},{"taxonomy":"product_cat","embeddable":true,"href":"https:\/\/www.btl.com.pl\/en\/wp-json\/wp\/v2\/product_cat?post=2661"},{"taxonomy":"product_tag","embeddable":true,"href":"https:\/\/www.btl.com.pl\/en\/wp-json\/wp\/v2\/product_tag?post=2661"}],"curies":[{"name":"wp","href":"https:\/\/api.w.org\/{rel}","templated":true}]}}