{"id":2657,"date":"2021-11-29T23:04:33","date_gmt":"2021-11-29T22:04:33","guid":{"rendered":"https:\/\/btl.com.pl\/?post_type=product&#038;p=2657"},"modified":"2021-11-29T23:04:33","modified_gmt":"2021-11-29T22:04:33","slug":"podloze-endo-p-0005","status":"publish","type":"product","link":"https:\/\/www.btl.com.pl\/en\/produkty\/podloza-mikrobiologiczne-sypkie\/agary\/podloze-endo-p-0005\/","title":{"rendered":"Pod\u0142o\u017ce Endo. P-0005"},"content":{"rendered":"<p>nr katalogowy: <strong>P-0005<\/strong><\/p>\n<p>&nbsp;<\/p>\n<p><strong>Zastosowanie:<br \/>\n<\/strong>Pod\u0142o\u017ce wybi\u00f3rcze do wykrywania i r\u00f3\u017cnicowania bakterii z grupy coli i <em>E.coli<\/em> w r\u00f3\u017cnych materia\u0142ach.<br \/>\n<strong>Szczepy kontrolne:<\/strong><br \/>\n<em>Escherichia coli ATCC 25922<br \/>\nEnterobacter aerogenes ATCC 13048<br \/>\nKlebsiella pneumoniae ATCC 13883<br \/>\nSalmonella typhimurium ATCC 14028<\/em><br \/>\n<strong>Wielko\u015b\u0107 opakowania:<\/strong><br \/>\nSypkie: 500 g, 250 g, 100 g, gotowa nawa\u017cka na 250 ml<\/p>\n<p>&nbsp;<\/p>","protected":false},"excerpt":{"rendered":"<p>nr katalogowy: P-0005 &nbsp; Zastosowanie: Pod\u0142o\u017ce wybi\u00f3rcze do wykrywania i r\u00f3\u017cnicowania bakterii z grupy coli i E.coli w r\u00f3\u017cnych materia\u0142ach. Szczepy kontrolne: Escherichia coli ATCC 25922 Enterobacter aerogenes ATCC 13048 Klebsiella pneumoniae ATCC 13883 Salmonella typhimurium ATCC 14028 Wielko\u015b\u0107 opakowania: Sypkie: 500 g, 250 g, 100 g, gotowa nawa\u017cka na 250 ml &nbsp;<\/p>","protected":false},"featured_media":0,"template":"","meta":[],"product_brand":[],"product_cat":[99,77],"product_tag":[],"class_list":{"0":"post-2657","1":"product","2":"type-product","3":"status-publish","5":"product_cat-agary","6":"product_cat-podloza-mikrobiologiczne-sypkie","8":"first","9":"instock","10":"shipping-taxable","11":"product-type-simple"},"_links":{"self":[{"href":"https:\/\/www.btl.com.pl\/en\/wp-json\/wp\/v2\/product\/2657","targetHints":{"allow":["GET"]}}],"collection":[{"href":"https:\/\/www.btl.com.pl\/en\/wp-json\/wp\/v2\/product"}],"about":[{"href":"https:\/\/www.btl.com.pl\/en\/wp-json\/wp\/v2\/types\/product"}],"version-history":[{"count":1,"href":"https:\/\/www.btl.com.pl\/en\/wp-json\/wp\/v2\/product\/2657\/revisions"}],"predecessor-version":[{"id":2658,"href":"https:\/\/www.btl.com.pl\/en\/wp-json\/wp\/v2\/product\/2657\/revisions\/2658"}],"wp:attachment":[{"href":"https:\/\/www.btl.com.pl\/en\/wp-json\/wp\/v2\/media?parent=2657"}],"wp:term":[{"taxonomy":"product_brand","embeddable":true,"href":"https:\/\/www.btl.com.pl\/en\/wp-json\/wp\/v2\/product_brand?post=2657"},{"taxonomy":"product_cat","embeddable":true,"href":"https:\/\/www.btl.com.pl\/en\/wp-json\/wp\/v2\/product_cat?post=2657"},{"taxonomy":"product_tag","embeddable":true,"href":"https:\/\/www.btl.com.pl\/en\/wp-json\/wp\/v2\/product_tag?post=2657"}],"curies":[{"name":"wp","href":"https:\/\/api.w.org\/{rel}","templated":true}]}}