{"id":2653,"date":"2021-11-29T23:02:49","date_gmt":"2021-11-29T22:02:49","guid":{"rendered":"https:\/\/btl.com.pl\/?post_type=product&#038;p=2653"},"modified":"2022-03-01T16:04:54","modified_gmt":"2022-03-01T15:04:54","slug":"podloze-do-wykrywania-dekarboksylazy-lizyny-p-0129","status":"publish","type":"product","link":"https:\/\/www.btl.com.pl\/en\/produkty\/podloza-mikrobiologiczne-gotowe\/butelki\/podloze-do-wykrywania-dekarboksylazy-lizyny-p-0129\/","title":{"rendered":"Pod\u0142o\u017ce do wykrywania dekarboksylazy lizyny. P-0129"},"content":{"rendered":"<div>nr katalogowy: <b>P-0129<\/b><\/div>\n<p>&nbsp;<\/p>\n<div>\n<p><strong>Zastosowanie:<\/strong><br \/>\nPod\u0142o\u017ce do wykrywania zdolno\u015bci dekarboksylacji lizyny przez mikroorganizmy.<br \/>\n<strong>Szczepy kontrolne:<br \/>\n<\/strong><em>Escherichia coli ATCC 25922<br \/>\nSalmonella enteritidis ATCC 13076<br \/>\nShigella sonnei ATCC 9290<br \/>\n<\/em><strong>Wielko\u015b\u0107 opakowania:<br \/>\n<\/strong>Sypkie: 500 g, 250 g, 100 g, gotowa nawa\u017cka na 250 ml<br \/>\nButelki: 6 x 400 ml, 6 x\u00a0 200 ml<\/p>\n<\/div>","protected":false},"excerpt":{"rendered":"<p>nr katalogowy: P-0129 &nbsp; Zastosowanie: Pod\u0142o\u017ce do wykrywania zdolno\u015bci dekarboksylacji lizyny przez mikroorganizmy. Szczepy kontrolne: Escherichia coli ATCC 25922 Salmonella enteritidis ATCC 13076 Shigella sonnei ATCC 9290 Wielko\u015b\u0107 opakowania: Sypkie: 500 g, 250 g, 100 g, gotowa nawa\u017cka na 250 ml Butelki: 6 x 400 ml, 6 x\u00a0 200 ml<\/p>","protected":false},"featured_media":0,"template":"","meta":[],"product_brand":[],"product_cat":[100,126,78,77],"product_tag":[],"class_list":{"0":"post-2653","1":"product","2":"type-product","3":"status-publish","5":"product_cat-buliony","6":"product_cat-butelki","7":"product_cat-podloza-mikrobiologiczne-gotowe","8":"product_cat-podloza-mikrobiologiczne-sypkie","10":"first","11":"instock","12":"shipping-taxable","13":"product-type-simple"},"_links":{"self":[{"href":"https:\/\/www.btl.com.pl\/en\/wp-json\/wp\/v2\/product\/2653","targetHints":{"allow":["GET"]}}],"collection":[{"href":"https:\/\/www.btl.com.pl\/en\/wp-json\/wp\/v2\/product"}],"about":[{"href":"https:\/\/www.btl.com.pl\/en\/wp-json\/wp\/v2\/types\/product"}],"version-history":[{"count":1,"href":"https:\/\/www.btl.com.pl\/en\/wp-json\/wp\/v2\/product\/2653\/revisions"}],"predecessor-version":[{"id":2654,"href":"https:\/\/www.btl.com.pl\/en\/wp-json\/wp\/v2\/product\/2653\/revisions\/2654"}],"wp:attachment":[{"href":"https:\/\/www.btl.com.pl\/en\/wp-json\/wp\/v2\/media?parent=2653"}],"wp:term":[{"taxonomy":"product_brand","embeddable":true,"href":"https:\/\/www.btl.com.pl\/en\/wp-json\/wp\/v2\/product_brand?post=2653"},{"taxonomy":"product_cat","embeddable":true,"href":"https:\/\/www.btl.com.pl\/en\/wp-json\/wp\/v2\/product_cat?post=2653"},{"taxonomy":"product_tag","embeddable":true,"href":"https:\/\/www.btl.com.pl\/en\/wp-json\/wp\/v2\/product_tag?post=2653"}],"curies":[{"name":"wp","href":"https:\/\/api.w.org\/{rel}","templated":true}]}}