{"id":2649,"date":"2021-11-29T23:01:03","date_gmt":"2021-11-29T22:01:03","guid":{"rendered":"https:\/\/btl.com.pl\/?post_type=product&#038;p=2649"},"modified":"2021-11-29T23:01:03","modified_gmt":"2021-11-29T22:01:03","slug":"podloze-do-szybkiego-wykrywania-fermentacji-laktozy-p-0109","status":"publish","type":"product","link":"https:\/\/www.btl.com.pl\/en\/produkty\/podloza-mikrobiologiczne-sypkie\/buliony\/podloze-do-szybkiego-wykrywania-fermentacji-laktozy-p-0109\/","title":{"rendered":"Pod\u0142o\u017ce do szybkiego wykrywania fermentacji laktozy. P-0109"},"content":{"rendered":"<div>nr katalogowy: <b>P-0109<\/b><\/div>\n<p>&nbsp;<\/p>\n<div>\n<p><strong>Zastosowanie:<\/strong><br \/>\nPod\u0142o\u017ce stosowane do szybkiego wykrywania fermentacji laktozy przez drobnoustroje.<br \/>\n<strong>Szczepy kontrolne:<br \/>\n<\/strong><em>Escherichia coli ATCC 25922<br \/>\nEnterobacter aerogenes ATCC 13048<br \/>\nSalmonella typhimurium ATCC 14028<\/em><br \/>\n<strong>Wielko\u015b\u0107 opakowania:<\/strong><br \/>\nSypkie: 500 g, 250 g, 100 g, gotowa nawa\u017cka na 250 ml<br \/>\nButelki: 6 x\u00a0400 ml,\u00a06 x\u00a0200 ml<\/p>\n<\/div>","protected":false},"excerpt":{"rendered":"<p>nr katalogowy: P-0109 &nbsp; Zastosowanie: Pod\u0142o\u017ce stosowane do szybkiego wykrywania fermentacji laktozy przez drobnoustroje. Szczepy kontrolne: Escherichia coli ATCC 25922 Enterobacter aerogenes ATCC 13048 Salmonella typhimurium ATCC 14028 Wielko\u015b\u0107 opakowania: Sypkie: 500 g, 250 g, 100 g, gotowa nawa\u017cka na 250 ml Butelki: 6 x\u00a0400 ml,\u00a06 x\u00a0200 ml<\/p>","protected":false},"featured_media":0,"template":"","meta":[],"product_brand":[],"product_cat":[100,77],"product_tag":[],"class_list":{"0":"post-2649","1":"product","2":"type-product","3":"status-publish","5":"product_cat-buliony","6":"product_cat-podloza-mikrobiologiczne-sypkie","8":"first","9":"instock","10":"shipping-taxable","11":"product-type-simple"},"_links":{"self":[{"href":"https:\/\/www.btl.com.pl\/en\/wp-json\/wp\/v2\/product\/2649","targetHints":{"allow":["GET"]}}],"collection":[{"href":"https:\/\/www.btl.com.pl\/en\/wp-json\/wp\/v2\/product"}],"about":[{"href":"https:\/\/www.btl.com.pl\/en\/wp-json\/wp\/v2\/types\/product"}],"version-history":[{"count":1,"href":"https:\/\/www.btl.com.pl\/en\/wp-json\/wp\/v2\/product\/2649\/revisions"}],"predecessor-version":[{"id":2650,"href":"https:\/\/www.btl.com.pl\/en\/wp-json\/wp\/v2\/product\/2649\/revisions\/2650"}],"wp:attachment":[{"href":"https:\/\/www.btl.com.pl\/en\/wp-json\/wp\/v2\/media?parent=2649"}],"wp:term":[{"taxonomy":"product_brand","embeddable":true,"href":"https:\/\/www.btl.com.pl\/en\/wp-json\/wp\/v2\/product_brand?post=2649"},{"taxonomy":"product_cat","embeddable":true,"href":"https:\/\/www.btl.com.pl\/en\/wp-json\/wp\/v2\/product_cat?post=2649"},{"taxonomy":"product_tag","embeddable":true,"href":"https:\/\/www.btl.com.pl\/en\/wp-json\/wp\/v2\/product_tag?post=2649"}],"curies":[{"name":"wp","href":"https:\/\/api.w.org\/{rel}","templated":true}]}}