{"id":2647,"date":"2021-11-29T22:59:45","date_gmt":"2021-11-29T21:59:45","guid":{"rendered":"https:\/\/btl.com.pl\/?post_type=product&#038;p=2647"},"modified":"2021-11-29T22:59:45","modified_gmt":"2021-11-29T21:59:45","slug":"podloze-do-pasazowania-szczepow-wzorcowych-p-0302","status":"publish","type":"product","link":"https:\/\/www.btl.com.pl\/en\/produkty\/podloza-mikrobiologiczne-sypkie\/podloza-polplynne\/podloze-do-pasazowania-szczepow-wzorcowych-p-0302\/","title":{"rendered":"Pod\u0142o\u017ce do pasa\u017cowania szczep\u00f3w wzorcowych. P-0302"},"content":{"rendered":"<div>nr katalogowy: <b>P-0302<\/b><\/div>\n<p>&nbsp;<\/p>\n<div>\n<p><strong>Zastosowanie:<\/strong><br \/>\nPod\u0142o\u017ce jest odpowiednim pod\u0142o\u017cem do namna\u017cania, pasa\u017cowania i przechowywania szczep\u00f3w wzorco-wych. Sk\u0142adniki od\u017cywcze zawarte w pod\u0142o\u017cu gwarantuj\u0105 wzrost mikroorganizm\u00f3w o niewysokich wymaga-niach pokarmowych.<br \/>\n<strong>Szczepy kontrolne:<\/strong><br \/>\n<em>Bacillus subtilis ATCC 6633<br \/>\nSalmonella enteritidis ATCC 13076<br \/>\nEscherichia coli ATCC 25922<br \/>\nStaphylococcus aureus ATCC 6538<\/em><br \/>\n<strong>Wielko\u015b\u0107 opakowania:<\/strong><br \/>\nSypkie: 500 g, 250 g, 100 g, gotowa nawa\u017cka na 250 ml<br \/>\nButelki: 6 x 400 ml, 6 x 200 ml<\/p>\n<\/div>","protected":false},"excerpt":{"rendered":"<p>nr katalogowy: P-0302 &nbsp; Zastosowanie: Pod\u0142o\u017ce jest odpowiednim pod\u0142o\u017cem do namna\u017cania, pasa\u017cowania i przechowywania szczep\u00f3w wzorco-wych. Sk\u0142adniki od\u017cywcze zawarte w pod\u0142o\u017cu gwarantuj\u0105 wzrost mikroorganizm\u00f3w o niewysokich wymaga-niach pokarmowych. Szczepy kontrolne: Bacillus subtilis ATCC 6633 Salmonella enteritidis ATCC 13076 Escherichia coli ATCC 25922 Staphylococcus aureus ATCC 6538 Wielko\u015b\u0107 opakowania: Sypkie: 500 g, 250 g, 100 g, [&hellip;]<\/p>\n","protected":false},"featured_media":0,"template":"","meta":[],"product_brand":[],"product_cat":[77,124],"product_tag":[],"class_list":{"0":"post-2647","1":"product","2":"type-product","3":"status-publish","5":"product_cat-podloza-mikrobiologiczne-sypkie","6":"product_cat-podloza-polplynne","8":"first","9":"instock","10":"shipping-taxable","11":"product-type-simple"},"_links":{"self":[{"href":"https:\/\/www.btl.com.pl\/en\/wp-json\/wp\/v2\/product\/2647","targetHints":{"allow":["GET"]}}],"collection":[{"href":"https:\/\/www.btl.com.pl\/en\/wp-json\/wp\/v2\/product"}],"about":[{"href":"https:\/\/www.btl.com.pl\/en\/wp-json\/wp\/v2\/types\/product"}],"version-history":[{"count":1,"href":"https:\/\/www.btl.com.pl\/en\/wp-json\/wp\/v2\/product\/2647\/revisions"}],"predecessor-version":[{"id":2648,"href":"https:\/\/www.btl.com.pl\/en\/wp-json\/wp\/v2\/product\/2647\/revisions\/2648"}],"wp:attachment":[{"href":"https:\/\/www.btl.com.pl\/en\/wp-json\/wp\/v2\/media?parent=2647"}],"wp:term":[{"taxonomy":"product_brand","embeddable":true,"href":"https:\/\/www.btl.com.pl\/en\/wp-json\/wp\/v2\/product_brand?post=2647"},{"taxonomy":"product_cat","embeddable":true,"href":"https:\/\/www.btl.com.pl\/en\/wp-json\/wp\/v2\/product_cat?post=2647"},{"taxonomy":"product_tag","embeddable":true,"href":"https:\/\/www.btl.com.pl\/en\/wp-json\/wp\/v2\/product_tag?post=2647"}],"curies":[{"name":"wp","href":"https:\/\/api.w.org\/{rel}","templated":true}]}}