{"id":2645,"date":"2021-11-29T22:58:43","date_gmt":"2021-11-29T21:58:43","guid":{"rendered":"https:\/\/btl.com.pl\/?post_type=product&#038;p=2645"},"modified":"2022-03-01T16:00:57","modified_gmt":"2022-03-01T15:00:57","slug":"podloze-do-oznaczania-ogolnej-liczby-drobnoustrojow-p-0044","status":"publish","type":"product","link":"https:\/\/www.btl.com.pl\/en\/produkty\/podloza-mikrobiologiczne-gotowe\/butelki\/podloze-do-oznaczania-ogolnej-liczby-drobnoustrojow-p-0044\/","title":{"rendered":"Pod\u0142o\u017ce do oznaczania og\u00f3lnej liczby drobnoustroj\u00f3w. P-0044"},"content":{"rendered":"<p>&nbsp;<\/p>\n<div>nr katalogowy: <b>P-0044<\/b><\/div>\n<p><strong>\u00a0<\/strong><\/p>\n<div>\n<p><strong>Zastosowanie:<br \/>\n<\/strong>Pod\u0142o\u017ce do okre\u015blania og\u00f3lnej liczby drobnoustroj\u00f3w w mleku i przetworach mleczarskich.<br \/>\n<strong>Szczepy kontrolne:<\/strong><br \/>\n<em>Salmonella enteritidis ATCC 13076<br \/>\nStaphylococcus aureus ATCC 6538<br \/>\nEscherichia coli ATCC 25922<br \/>\nKlebsiella pneumoniae ATCC 13883<\/em><br \/>\n<strong>Wielko\u015b\u0107 opakowania:<\/strong><br \/>\nSypkie: 500 g, 250 g, 100 g, gotowa nawa\u017cka na 250 ml<br \/>\nButelki:\u00a06 x\u00a0400 ml, 6 x 200 ml<\/p>\n<\/div>","protected":false},"excerpt":{"rendered":"<p>&nbsp; nr katalogowy: P-0044 \u00a0 Zastosowanie: Pod\u0142o\u017ce do okre\u015blania og\u00f3lnej liczby drobnoustroj\u00f3w w mleku i przetworach mleczarskich. Szczepy kontrolne: Salmonella enteritidis ATCC 13076 Staphylococcus aureus ATCC 6538 Escherichia coli ATCC 25922 Klebsiella pneumoniae ATCC 13883 Wielko\u015b\u0107 opakowania: Sypkie: 500 g, 250 g, 100 g, gotowa nawa\u017cka na 250 ml Butelki:\u00a06 x\u00a0400 ml, 6 x 200 [&hellip;]<\/p>\n","protected":false},"featured_media":0,"template":"","meta":[],"product_brand":[],"product_cat":[99,126,78,77],"product_tag":[],"class_list":{"0":"post-2645","1":"product","2":"type-product","3":"status-publish","5":"product_cat-agary","6":"product_cat-butelki","7":"product_cat-podloza-mikrobiologiczne-gotowe","8":"product_cat-podloza-mikrobiologiczne-sypkie","10":"first","11":"instock","12":"shipping-taxable","13":"product-type-simple"},"_links":{"self":[{"href":"https:\/\/www.btl.com.pl\/en\/wp-json\/wp\/v2\/product\/2645","targetHints":{"allow":["GET"]}}],"collection":[{"href":"https:\/\/www.btl.com.pl\/en\/wp-json\/wp\/v2\/product"}],"about":[{"href":"https:\/\/www.btl.com.pl\/en\/wp-json\/wp\/v2\/types\/product"}],"version-history":[{"count":1,"href":"https:\/\/www.btl.com.pl\/en\/wp-json\/wp\/v2\/product\/2645\/revisions"}],"predecessor-version":[{"id":2646,"href":"https:\/\/www.btl.com.pl\/en\/wp-json\/wp\/v2\/product\/2645\/revisions\/2646"}],"wp:attachment":[{"href":"https:\/\/www.btl.com.pl\/en\/wp-json\/wp\/v2\/media?parent=2645"}],"wp:term":[{"taxonomy":"product_brand","embeddable":true,"href":"https:\/\/www.btl.com.pl\/en\/wp-json\/wp\/v2\/product_brand?post=2645"},{"taxonomy":"product_cat","embeddable":true,"href":"https:\/\/www.btl.com.pl\/en\/wp-json\/wp\/v2\/product_cat?post=2645"},{"taxonomy":"product_tag","embeddable":true,"href":"https:\/\/www.btl.com.pl\/en\/wp-json\/wp\/v2\/product_tag?post=2645"}],"curies":[{"name":"wp","href":"https:\/\/api.w.org\/{rel}","templated":true}]}}