{"id":2641,"date":"2021-11-29T22:57:14","date_gmt":"2021-11-29T21:57:14","guid":{"rendered":"https:\/\/btl.com.pl\/?post_type=product&#038;p=2641"},"modified":"2022-03-01T15:36:35","modified_gmt":"2022-03-01T14:36:35","slug":"podloze-do-badania-zdolnosci-ruchu-bakterii-p-0238-2","status":"publish","type":"product","link":"https:\/\/www.btl.com.pl\/en\/produkty\/podloza-mikrobiologiczne-sypkie\/podloza-polplynne\/podloze-do-badania-zdolnosci-ruchu-bakterii-p-0238-2\/","title":{"rendered":"Pod\u0142o\u017ce do badania zdolno\u015bci ruchu bakterii. P-0238"},"content":{"rendered":"<div>nr katalogowy: <b>P-0238<\/b><\/div>\n<p>&nbsp;<\/p>\n<div>\n<p><strong>Zastosowanie:<\/strong><br \/>\nPod\u0142o\u017ce do wykrywania zdolno\u015bci ruchu u bakterii jest odpowiednim pod\u0142o\u017cem do namna\u017cania, hodowli bakterii, kt\u00f3re nie maj\u0105 wysokich wymaga\u0144 pokarmowych. Pod\u0142o\u017ce s\u0142u\u017cy do badania zdolno\u015bci ruchu, szczeg\u00f3lnie przy diagnostyce bakterii z rodzaju <em>Listeria<\/em>.<br \/>\n<strong>Szczepy kontrolne:<\/strong><br \/>\n<em>Listeria monocytogenes ATCC 15315<br \/>\nSalmonella enteritidis ATCC 13076<br \/>\nEscherichia coli ATCC 25922<br \/>\nStaphylococcus aureus ATCC 6538<\/em><br \/>\n<strong>Wielko\u015b\u0107 opakowania:<br \/>\n<\/strong>Sypkie: 500 g, 250 g, 100 g, gotowa nawa\u017cka na 250 ml<br \/>\nButelki: 6 x 400 ml, 6 x 200 ml<\/p>\n<\/div>","protected":false},"excerpt":{"rendered":"<p>nr katalogowy: P-0238 &nbsp; Zastosowanie: Pod\u0142o\u017ce do wykrywania zdolno\u015bci ruchu u bakterii jest odpowiednim pod\u0142o\u017cem do namna\u017cania, hodowli bakterii, kt\u00f3re nie maj\u0105 wysokich wymaga\u0144 pokarmowych. Pod\u0142o\u017ce s\u0142u\u017cy do badania zdolno\u015bci ruchu, szczeg\u00f3lnie przy diagnostyce bakterii z rodzaju Listeria. Szczepy kontrolne: Listeria monocytogenes ATCC 15315 Salmonella enteritidis ATCC 13076 Escherichia coli ATCC 25922 Staphylococcus aureus ATCC [&hellip;]<\/p>\n","protected":false},"featured_media":0,"template":"","meta":[],"product_brand":[],"product_cat":[78,77,124],"product_tag":[],"class_list":{"0":"post-2641","1":"product","2":"type-product","3":"status-publish","5":"product_cat-podloza-mikrobiologiczne-gotowe","6":"product_cat-podloza-mikrobiologiczne-sypkie","7":"product_cat-podloza-polplynne","9":"first","10":"instock","11":"shipping-taxable","12":"product-type-simple"},"_links":{"self":[{"href":"https:\/\/www.btl.com.pl\/en\/wp-json\/wp\/v2\/product\/2641","targetHints":{"allow":["GET"]}}],"collection":[{"href":"https:\/\/www.btl.com.pl\/en\/wp-json\/wp\/v2\/product"}],"about":[{"href":"https:\/\/www.btl.com.pl\/en\/wp-json\/wp\/v2\/types\/product"}],"version-history":[{"count":1,"href":"https:\/\/www.btl.com.pl\/en\/wp-json\/wp\/v2\/product\/2641\/revisions"}],"predecessor-version":[{"id":2642,"href":"https:\/\/www.btl.com.pl\/en\/wp-json\/wp\/v2\/product\/2641\/revisions\/2642"}],"wp:attachment":[{"href":"https:\/\/www.btl.com.pl\/en\/wp-json\/wp\/v2\/media?parent=2641"}],"wp:term":[{"taxonomy":"product_brand","embeddable":true,"href":"https:\/\/www.btl.com.pl\/en\/wp-json\/wp\/v2\/product_brand?post=2641"},{"taxonomy":"product_cat","embeddable":true,"href":"https:\/\/www.btl.com.pl\/en\/wp-json\/wp\/v2\/product_cat?post=2641"},{"taxonomy":"product_tag","embeddable":true,"href":"https:\/\/www.btl.com.pl\/en\/wp-json\/wp\/v2\/product_tag?post=2641"}],"curies":[{"name":"wp","href":"https:\/\/api.w.org\/{rel}","templated":true}]}}