{"id":2639,"date":"2021-11-29T22:56:16","date_gmt":"2021-11-29T21:56:16","guid":{"rendered":"https:\/\/btl.com.pl\/?post_type=product&#038;p=2639"},"modified":"2021-11-29T22:56:16","modified_gmt":"2021-11-29T21:56:16","slug":"podloze-do-oznaczania-antybiotykow-w-mleku-p-0031","status":"publish","type":"product","link":"https:\/\/www.btl.com.pl\/en\/produkty\/podloza-mikrobiologiczne-sypkie\/podloza-polplynne\/podloze-do-oznaczania-antybiotykow-w-mleku-p-0031\/","title":{"rendered":"Pod\u0142o\u017ce do oznaczania antybiotyk\u00f3w w mleku. P-0031"},"content":{"rendered":"<div>nr katalogowy: <b>P-0031<\/b><\/div>\n<p>&nbsp;<\/p>\n<div>\n<p><strong>Zastosowanie:<\/strong><br \/>\nPod\u0142o\u017ce do oznaczania antybiotyk\u00f3w zawartych w mleku.<br \/>\n<strong>Wielko\u015b\u0107 opakowania:<\/strong><br \/>\nSypkie: 500 g, 250 g, 100 g, gotowa nawa\u017cka na 250 ml<br \/>\nButelki: 6 x\u00a0400 ml,\u00a06 x\u00a0200 ml<\/p>\n<\/div>","protected":false},"excerpt":{"rendered":"<p>nr katalogowy: P-0031 &nbsp; Zastosowanie: Pod\u0142o\u017ce do oznaczania antybiotyk\u00f3w zawartych w mleku. Wielko\u015b\u0107 opakowania: Sypkie: 500 g, 250 g, 100 g, gotowa nawa\u017cka na 250 ml Butelki: 6 x\u00a0400 ml,\u00a06 x\u00a0200 ml<\/p>","protected":false},"featured_media":0,"template":"","meta":[],"product_brand":[],"product_cat":[77,124],"product_tag":[],"class_list":{"0":"post-2639","1":"product","2":"type-product","3":"status-publish","5":"product_cat-podloza-mikrobiologiczne-sypkie","6":"product_cat-podloza-polplynne","8":"first","9":"instock","10":"shipping-taxable","11":"product-type-simple"},"_links":{"self":[{"href":"https:\/\/www.btl.com.pl\/en\/wp-json\/wp\/v2\/product\/2639","targetHints":{"allow":["GET"]}}],"collection":[{"href":"https:\/\/www.btl.com.pl\/en\/wp-json\/wp\/v2\/product"}],"about":[{"href":"https:\/\/www.btl.com.pl\/en\/wp-json\/wp\/v2\/types\/product"}],"version-history":[{"count":1,"href":"https:\/\/www.btl.com.pl\/en\/wp-json\/wp\/v2\/product\/2639\/revisions"}],"predecessor-version":[{"id":2640,"href":"https:\/\/www.btl.com.pl\/en\/wp-json\/wp\/v2\/product\/2639\/revisions\/2640"}],"wp:attachment":[{"href":"https:\/\/www.btl.com.pl\/en\/wp-json\/wp\/v2\/media?parent=2639"}],"wp:term":[{"taxonomy":"product_brand","embeddable":true,"href":"https:\/\/www.btl.com.pl\/en\/wp-json\/wp\/v2\/product_brand?post=2639"},{"taxonomy":"product_cat","embeddable":true,"href":"https:\/\/www.btl.com.pl\/en\/wp-json\/wp\/v2\/product_cat?post=2639"},{"taxonomy":"product_tag","embeddable":true,"href":"https:\/\/www.btl.com.pl\/en\/wp-json\/wp\/v2\/product_tag?post=2639"}],"curies":[{"name":"wp","href":"https:\/\/api.w.org\/{rel}","templated":true}]}}