{"id":2635,"date":"2021-11-29T22:54:07","date_gmt":"2021-11-29T21:54:07","guid":{"rendered":"https:\/\/btl.com.pl\/?post_type=product&#038;p=2635"},"modified":"2022-03-01T15:35:31","modified_gmt":"2022-03-01T14:35:31","slug":"podloze-do-badania-ruchliwosci-i-reakcji-azotanow-m-n-podstawowe-p-0130","status":"publish","type":"product","link":"https:\/\/www.btl.com.pl\/en\/produkty\/podloza-mikrobiologiczne-gotowe\/butelki\/podloze-do-badania-ruchliwosci-i-reakcji-azotanow-m-n-podstawowe-p-0130\/","title":{"rendered":"Pod\u0142o\u017ce do badania ruchliwo\u015bci i reakcji azotan\u00f3w (M-N) \u2013 podstawowe. P-0130"},"content":{"rendered":"<div>nr katalogowy: <b>P-0130<\/b><\/div>\n<p>&nbsp;<\/p>\n<div>\n<p><strong>Zastosowanie:<\/strong><br \/>\nPod\u0142o\u017ce do wykrywania zdolno\u015bci ruchu i redukcji azotan\u00f3w.<br \/>\n<strong><a href=\"https:\/\/www.btl.com.pl\/en\/produktopis\/1\/0\/produkty\/13\/22\/\" target=\"_blank\" rel=\"noopener\">Suplementy<\/a><\/strong>:<br \/>\nD-015 gricerol<br \/>\n<strong>Szczepy kontrolne:<\/strong><br \/>\n<em>Bacillus perfringens ATCC 13124<br \/>\n<\/em><strong>Wielko\u015b\u0107 opakowania:<br \/>\n<\/strong>Sypkie: 500 g, 250 g, 100 g, gotowa nawa\u017cka na 250 ml<br \/>\nButelki: 6 x\u00a0400 ml, 6 x 200 ml<\/p>\n<\/div>","protected":false},"excerpt":{"rendered":"<p>nr katalogowy: P-0130 &nbsp; Zastosowanie: Pod\u0142o\u017ce do wykrywania zdolno\u015bci ruchu i redukcji azotan\u00f3w. Suplementy: D-015 gricerol Szczepy kontrolne: Bacillus perfringens ATCC 13124 Wielko\u015b\u0107 opakowania: Sypkie: 500 g, 250 g, 100 g, gotowa nawa\u017cka na 250 ml Butelki: 6 x\u00a0400 ml, 6 x 200 ml<\/p>","protected":false},"featured_media":0,"template":"","meta":[],"product_brand":[],"product_cat":[126,78,77,124],"product_tag":[],"class_list":{"0":"post-2635","1":"product","2":"type-product","3":"status-publish","5":"product_cat-butelki","6":"product_cat-podloza-mikrobiologiczne-gotowe","7":"product_cat-podloza-mikrobiologiczne-sypkie","8":"product_cat-podloza-polplynne","10":"first","11":"instock","12":"shipping-taxable","13":"product-type-simple"},"_links":{"self":[{"href":"https:\/\/www.btl.com.pl\/en\/wp-json\/wp\/v2\/product\/2635","targetHints":{"allow":["GET"]}}],"collection":[{"href":"https:\/\/www.btl.com.pl\/en\/wp-json\/wp\/v2\/product"}],"about":[{"href":"https:\/\/www.btl.com.pl\/en\/wp-json\/wp\/v2\/types\/product"}],"version-history":[{"count":1,"href":"https:\/\/www.btl.com.pl\/en\/wp-json\/wp\/v2\/product\/2635\/revisions"}],"predecessor-version":[{"id":2636,"href":"https:\/\/www.btl.com.pl\/en\/wp-json\/wp\/v2\/product\/2635\/revisions\/2636"}],"wp:attachment":[{"href":"https:\/\/www.btl.com.pl\/en\/wp-json\/wp\/v2\/media?parent=2635"}],"wp:term":[{"taxonomy":"product_brand","embeddable":true,"href":"https:\/\/www.btl.com.pl\/en\/wp-json\/wp\/v2\/product_brand?post=2635"},{"taxonomy":"product_cat","embeddable":true,"href":"https:\/\/www.btl.com.pl\/en\/wp-json\/wp\/v2\/product_cat?post=2635"},{"taxonomy":"product_tag","embeddable":true,"href":"https:\/\/www.btl.com.pl\/en\/wp-json\/wp\/v2\/product_tag?post=2635"}],"curies":[{"name":"wp","href":"https:\/\/api.w.org\/{rel}","templated":true}]}}