{"id":2631,"date":"2021-11-29T22:48:25","date_gmt":"2021-11-29T21:48:25","guid":{"rendered":"https:\/\/btl.com.pl\/?post_type=product&#038;p=2631"},"modified":"2022-03-01T15:34:27","modified_gmt":"2022-03-01T14:34:27","slug":"podloze-blickfeldta-podstawowe-p-0128","status":"publish","type":"product","link":"https:\/\/www.btl.com.pl\/en\/produkty\/podloza-mikrobiologiczne-gotowe\/butelki\/podloze-blickfeldta-podstawowe-p-0128\/","title":{"rendered":"Pod\u0142o\u017ce Blickfeldta \u2013 podstawowe. P-0128"},"content":{"rendered":"<div>nr katalogowy: <b>P-0128<\/b><\/div>\n<p>&nbsp;<\/p>\n<div>\n<p><strong>Zastosowanie:<\/strong><br \/>\nPod\u0142o\u017ce do hodowli, izolacji oraz okre\u015blania liczby bakterii mlekowych z r\u00f3\u017cnych typ\u00f3w materia\u0142\u00f3w.<br \/>\n<strong><a href=\"https:\/\/www.btl.com.pl\/en\/produktopis\/1\/0\/produkty\/13\/22\/\">Suplementy:<\/a><\/strong><br \/>\nD-064 w\u0119glan wapnia<br \/>\n<strong>Szczepy kontrolne:<\/strong><br \/>\n<em>Lactobacillus lactis ATCC 19435<br \/>\nLactobacillus casei<\/em><br \/>\n<strong>Wielko\u015b\u0107 opakowania:<\/strong><br \/>\nSypkie: 500 g, 250 g, 100 g, gotowa nawa\u017cka na 250 ml<br \/>\nButelki: 6 x\u00a0400 ml,\u00a06 x\u00a0200 ml<\/p>\n<\/div>","protected":false},"excerpt":{"rendered":"<p>nr katalogowy: P-0128 &nbsp; Zastosowanie: Pod\u0142o\u017ce do hodowli, izolacji oraz okre\u015blania liczby bakterii mlekowych z r\u00f3\u017cnych typ\u00f3w materia\u0142\u00f3w. Suplementy: D-064 w\u0119glan wapnia Szczepy kontrolne: Lactobacillus lactis ATCC 19435 Lactobacillus casei Wielko\u015b\u0107 opakowania: Sypkie: 500 g, 250 g, 100 g, gotowa nawa\u017cka na 250 ml Butelki: 6 x\u00a0400 ml,\u00a06 x\u00a0200 ml<\/p>","protected":false},"featured_media":0,"template":"","meta":[],"product_brand":[],"product_cat":[99,126,78,77],"product_tag":[],"class_list":{"0":"post-2631","1":"product","2":"type-product","3":"status-publish","5":"product_cat-agary","6":"product_cat-butelki","7":"product_cat-podloza-mikrobiologiczne-gotowe","8":"product_cat-podloza-mikrobiologiczne-sypkie","10":"first","11":"instock","12":"shipping-taxable","13":"product-type-simple"},"_links":{"self":[{"href":"https:\/\/www.btl.com.pl\/en\/wp-json\/wp\/v2\/product\/2631","targetHints":{"allow":["GET"]}}],"collection":[{"href":"https:\/\/www.btl.com.pl\/en\/wp-json\/wp\/v2\/product"}],"about":[{"href":"https:\/\/www.btl.com.pl\/en\/wp-json\/wp\/v2\/types\/product"}],"version-history":[{"count":1,"href":"https:\/\/www.btl.com.pl\/en\/wp-json\/wp\/v2\/product\/2631\/revisions"}],"predecessor-version":[{"id":2632,"href":"https:\/\/www.btl.com.pl\/en\/wp-json\/wp\/v2\/product\/2631\/revisions\/2632"}],"wp:attachment":[{"href":"https:\/\/www.btl.com.pl\/en\/wp-json\/wp\/v2\/media?parent=2631"}],"wp:term":[{"taxonomy":"product_brand","embeddable":true,"href":"https:\/\/www.btl.com.pl\/en\/wp-json\/wp\/v2\/product_brand?post=2631"},{"taxonomy":"product_cat","embeddable":true,"href":"https:\/\/www.btl.com.pl\/en\/wp-json\/wp\/v2\/product_cat?post=2631"},{"taxonomy":"product_tag","embeddable":true,"href":"https:\/\/www.btl.com.pl\/en\/wp-json\/wp\/v2\/product_tag?post=2631"}],"curies":[{"name":"wp","href":"https:\/\/api.w.org\/{rel}","templated":true}]}}