{"id":2629,"date":"2021-11-29T22:47:41","date_gmt":"2021-11-29T21:47:41","guid":{"rendered":"https:\/\/btl.com.pl\/?post_type=product&#038;p=2629"},"modified":"2022-03-01T15:34:04","modified_gmt":"2022-03-01T14:34:04","slug":"podloze-baird-parkera-podstawowe-p-0026","status":"publish","type":"product","link":"https:\/\/www.btl.com.pl\/en\/produkty\/podloza-mikrobiologiczne-gotowe\/butelki\/podloze-baird-parkera-podstawowe-p-0026\/","title":{"rendered":"Pod\u0142o\u017ce Baird-Parkera \u2013 podstawowe. P-0026"},"content":{"rendered":"<div>nr katalogowy: <b>P-0026<\/b><\/div>\n<p>&nbsp;<\/p>\n<div>\n<p><strong>Zastosowanie:<br \/>\n<\/strong>Pod\u0142o\u017ce do izolacji i r\u00f3\u017cnicowania gronkowc\u00f3w, szczeg\u00f3lnie <em>Staphylococcus aureus<\/em> w produktach spo\u017cywczych i innych materia\u0142ach.<br \/>\n<a href=\"https:\/\/www.btl.com.pl\/en\/produktopis\/1\/0\/produkty\/13\/22\/\" target=\"_blank\" rel=\"noopener\"><strong>Suplementy:<\/strong><\/a><br \/>\nD-058 roztw\u00f3r tellurynu potasu + D-071 emulsja \u017c\u00f3\u0142tka lub<br \/>\nD-072 emulsja \u017c\u00f3\u0142tka z tellurynem potasu<br \/>\n<strong>Szczepy kontrolne:<br \/>\n<\/strong><em>Staphylococcus aureus ATCC 6538<\/em><br \/>\n<strong>Wielko\u015b\u0107 opakowania:<\/strong><br \/>\nSypkie: 500 g, 250 g, 100 g, gotowa nawa\u017cka na 250 ml<br \/>\nButelki: 6 x\u00a0400 ml,\u00a06 x\u00a0200 ml<\/p>\n<\/div>","protected":false},"excerpt":{"rendered":"<p>nr katalogowy: P-0026 &nbsp; Zastosowanie: Pod\u0142o\u017ce do izolacji i r\u00f3\u017cnicowania gronkowc\u00f3w, szczeg\u00f3lnie Staphylococcus aureus w produktach spo\u017cywczych i innych materia\u0142ach. Suplementy: D-058 roztw\u00f3r tellurynu potasu + D-071 emulsja \u017c\u00f3\u0142tka lub D-072 emulsja \u017c\u00f3\u0142tka z tellurynem potasu Szczepy kontrolne: Staphylococcus aureus ATCC 6538 Wielko\u015b\u0107 opakowania: Sypkie: 500 g, 250 g, 100 g, gotowa nawa\u017cka na 250 [&hellip;]<\/p>\n","protected":false},"featured_media":0,"template":"","meta":[],"product_brand":[],"product_cat":[99,126,78,77],"product_tag":[],"class_list":{"0":"post-2629","1":"product","2":"type-product","3":"status-publish","5":"product_cat-agary","6":"product_cat-butelki","7":"product_cat-podloza-mikrobiologiczne-gotowe","8":"product_cat-podloza-mikrobiologiczne-sypkie","10":"first","11":"instock","12":"shipping-taxable","13":"product-type-simple"},"_links":{"self":[{"href":"https:\/\/www.btl.com.pl\/en\/wp-json\/wp\/v2\/product\/2629","targetHints":{"allow":["GET"]}}],"collection":[{"href":"https:\/\/www.btl.com.pl\/en\/wp-json\/wp\/v2\/product"}],"about":[{"href":"https:\/\/www.btl.com.pl\/en\/wp-json\/wp\/v2\/types\/product"}],"version-history":[{"count":1,"href":"https:\/\/www.btl.com.pl\/en\/wp-json\/wp\/v2\/product\/2629\/revisions"}],"predecessor-version":[{"id":2630,"href":"https:\/\/www.btl.com.pl\/en\/wp-json\/wp\/v2\/product\/2629\/revisions\/2630"}],"wp:attachment":[{"href":"https:\/\/www.btl.com.pl\/en\/wp-json\/wp\/v2\/media?parent=2629"}],"wp:term":[{"taxonomy":"product_brand","embeddable":true,"href":"https:\/\/www.btl.com.pl\/en\/wp-json\/wp\/v2\/product_brand?post=2629"},{"taxonomy":"product_cat","embeddable":true,"href":"https:\/\/www.btl.com.pl\/en\/wp-json\/wp\/v2\/product_cat?post=2629"},{"taxonomy":"product_tag","embeddable":true,"href":"https:\/\/www.btl.com.pl\/en\/wp-json\/wp\/v2\/product_tag?post=2629"}],"curies":[{"name":"wp","href":"https:\/\/api.w.org\/{rel}","templated":true}]}}