{"id":2623,"date":"2021-11-29T22:45:23","date_gmt":"2021-11-29T21:45:23","guid":{"rendered":"https:\/\/btl.com.pl\/?post_type=product&#038;p=2623"},"modified":"2022-03-01T15:32:09","modified_gmt":"2022-03-01T14:32:09","slug":"podloze-agarowe-z-mannitolem-p-0058","status":"publish","type":"product","link":"https:\/\/www.btl.com.pl\/en\/produkty\/podloza-mikrobiologiczne-gotowe\/butelki\/podloze-agarowe-z-mannitolem-p-0058\/","title":{"rendered":"Pod\u0142o\u017ce agarowe z mannitolem. P-0058"},"content":{"rendered":"<div>nr katalogowy: <b>P-0058<\/b><\/div>\n<p>&nbsp;<\/p>\n<div>\n<p><strong>Zastosowanie:<br \/>\n<\/strong>Pod\u0142o\u017ce do wykrywania zdolno\u015bci wykorzystywania mannitolu przez mikroorganizmy.<br \/>\n<strong>Szczepy kontrolne:<br \/>\n<\/strong><em>Staphylococcus aureus ATCC 6538<br \/>\nBacillus cereus ATCC 10876<\/em><br \/>\n<strong>Wielko\u015b\u0107 opakowania:<br \/>\n<\/strong>Sypkie: 500 g, 250 g, 100 g, gotowa nawa\u017cka na 250 ml<br \/>\nButelki: 6 x\u00a0400 ml, 6 x 200 ml<\/p>\n<\/div>","protected":false},"excerpt":{"rendered":"<p>nr katalogowy: P-0058 &nbsp; Zastosowanie: Pod\u0142o\u017ce do wykrywania zdolno\u015bci wykorzystywania mannitolu przez mikroorganizmy. Szczepy kontrolne: Staphylococcus aureus ATCC 6538 Bacillus cereus ATCC 10876 Wielko\u015b\u0107 opakowania: Sypkie: 500 g, 250 g, 100 g, gotowa nawa\u017cka na 250 ml Butelki: 6 x\u00a0400 ml, 6 x 200 ml<\/p>","protected":false},"featured_media":0,"template":"","meta":[],"product_brand":[],"product_cat":[99,126,78,77],"product_tag":[],"class_list":{"0":"post-2623","1":"product","2":"type-product","3":"status-publish","5":"product_cat-agary","6":"product_cat-butelki","7":"product_cat-podloza-mikrobiologiczne-gotowe","8":"product_cat-podloza-mikrobiologiczne-sypkie","10":"first","11":"instock","12":"shipping-taxable","13":"product-type-simple"},"_links":{"self":[{"href":"https:\/\/www.btl.com.pl\/en\/wp-json\/wp\/v2\/product\/2623","targetHints":{"allow":["GET"]}}],"collection":[{"href":"https:\/\/www.btl.com.pl\/en\/wp-json\/wp\/v2\/product"}],"about":[{"href":"https:\/\/www.btl.com.pl\/en\/wp-json\/wp\/v2\/types\/product"}],"version-history":[{"count":1,"href":"https:\/\/www.btl.com.pl\/en\/wp-json\/wp\/v2\/product\/2623\/revisions"}],"predecessor-version":[{"id":2624,"href":"https:\/\/www.btl.com.pl\/en\/wp-json\/wp\/v2\/product\/2623\/revisions\/2624"}],"wp:attachment":[{"href":"https:\/\/www.btl.com.pl\/en\/wp-json\/wp\/v2\/media?parent=2623"}],"wp:term":[{"taxonomy":"product_brand","embeddable":true,"href":"https:\/\/www.btl.com.pl\/en\/wp-json\/wp\/v2\/product_brand?post=2623"},{"taxonomy":"product_cat","embeddable":true,"href":"https:\/\/www.btl.com.pl\/en\/wp-json\/wp\/v2\/product_cat?post=2623"},{"taxonomy":"product_tag","embeddable":true,"href":"https:\/\/www.btl.com.pl\/en\/wp-json\/wp\/v2\/product_tag?post=2623"}],"curies":[{"name":"wp","href":"https:\/\/api.w.org\/{rel}","templated":true}]}}