{"id":2621,"date":"2021-11-29T22:44:34","date_gmt":"2021-11-29T21:44:34","guid":{"rendered":"https:\/\/btl.com.pl\/?post_type=product&#038;p=2621"},"modified":"2021-11-29T22:44:34","modified_gmt":"2021-11-29T21:44:34","slug":"podloze-agarowe-z-zolcia-czerwienia-obojetna-i-fioletem-krystalicznym-vrbl-p-0019","status":"publish","type":"product","link":"https:\/\/www.btl.com.pl\/en\/produkty\/podloza-mikrobiologiczne-sypkie\/agary\/podloze-agarowe-z-zolcia-czerwienia-obojetna-i-fioletem-krystalicznym-vrbl-p-0019\/","title":{"rendered":"Pod\u0142o\u017ce agarowe z \u017c\u00f3\u0142ci\u0105, czerwieni\u0105 oboj\u0119tn\u0105 i fioletem krystalicznym (VRBL).  P-0019"},"content":{"rendered":"<div>nr katalogowy: <b>P-0019<\/b><\/div>\n<p>&nbsp;<\/p>\n<div>\n<p><strong>Zastosowanie:<\/strong><br \/>\nPod\u0142o\u017ce wybi\u00f3rcze do wykrywania i okre\u015blania liczby bakterii z rodziny <em>Enterobacteriaceae<\/em> (w tym bakterii z grupy coli i <em>E.coli<\/em>)w produktach mleczarskich i innych produktach spo\u017cywczych.<br \/>\n<strong>Szczepy kontrolne:<br \/>\n<\/strong><em>Escherichia coli ATCC 25922<br \/>\nSalmonella typhimurium ATCC 14028<br \/>\nKlebsiella pneumoniae ATCC 13883<\/em><br \/>\n<strong>Wielko\u015b\u0107 opakowania:<br \/>\n<\/strong>Sypkie: 500 g, 250 g, 100 g, gotowa nawa\u017cka na 250 ml<\/p>\n<\/div>","protected":false},"excerpt":{"rendered":"<p>nr katalogowy: P-0019 &nbsp; Zastosowanie: Pod\u0142o\u017ce wybi\u00f3rcze do wykrywania i okre\u015blania liczby bakterii z rodziny Enterobacteriaceae (w tym bakterii z grupy coli i E.coli)w produktach mleczarskich i innych produktach spo\u017cywczych. Szczepy kontrolne: Escherichia coli ATCC 25922 Salmonella typhimurium ATCC 14028 Klebsiella pneumoniae ATCC 13883 Wielko\u015b\u0107 opakowania: Sypkie: 500 g, 250 g, 100 g, gotowa nawa\u017cka [&hellip;]<\/p>\n","protected":false},"featured_media":0,"template":"","meta":[],"product_brand":[],"product_cat":[99,77],"product_tag":[],"class_list":{"0":"post-2621","1":"product","2":"type-product","3":"status-publish","5":"product_cat-agary","6":"product_cat-podloza-mikrobiologiczne-sypkie","8":"first","9":"instock","10":"shipping-taxable","11":"product-type-simple"},"_links":{"self":[{"href":"https:\/\/www.btl.com.pl\/en\/wp-json\/wp\/v2\/product\/2621","targetHints":{"allow":["GET"]}}],"collection":[{"href":"https:\/\/www.btl.com.pl\/en\/wp-json\/wp\/v2\/product"}],"about":[{"href":"https:\/\/www.btl.com.pl\/en\/wp-json\/wp\/v2\/types\/product"}],"version-history":[{"count":1,"href":"https:\/\/www.btl.com.pl\/en\/wp-json\/wp\/v2\/product\/2621\/revisions"}],"predecessor-version":[{"id":2622,"href":"https:\/\/www.btl.com.pl\/en\/wp-json\/wp\/v2\/product\/2621\/revisions\/2622"}],"wp:attachment":[{"href":"https:\/\/www.btl.com.pl\/en\/wp-json\/wp\/v2\/media?parent=2621"}],"wp:term":[{"taxonomy":"product_brand","embeddable":true,"href":"https:\/\/www.btl.com.pl\/en\/wp-json\/wp\/v2\/product_brand?post=2621"},{"taxonomy":"product_cat","embeddable":true,"href":"https:\/\/www.btl.com.pl\/en\/wp-json\/wp\/v2\/product_cat?post=2621"},{"taxonomy":"product_tag","embeddable":true,"href":"https:\/\/www.btl.com.pl\/en\/wp-json\/wp\/v2\/product_tag?post=2621"}],"curies":[{"name":"wp","href":"https:\/\/api.w.org\/{rel}","templated":true}]}}