{"id":2619,"date":"2021-11-29T22:43:43","date_gmt":"2021-11-29T21:43:43","guid":{"rendered":"https:\/\/btl.com.pl\/?post_type=product&#038;p=2619"},"modified":"2022-03-01T15:29:56","modified_gmt":"2022-03-01T14:29:56","slug":"podloze-agarowe-kliglera-dla-pseudomonas-p-0244","status":"publish","type":"product","link":"https:\/\/www.btl.com.pl\/en\/produkty\/podloza-mikrobiologiczne-gotowe\/butelki\/podloze-agarowe-kliglera-dla-pseudomonas-p-0244\/","title":{"rendered":"Pod\u0142o\u017ce agarowe Kliglera dla Pseudomonas. P-0244"},"content":{"rendered":"<div>nr katalogowy: <b>P-0244<\/b><\/div>\n<p>&nbsp;<\/p>\n<div>\n<p><strong>Zastosowanie:<\/strong><br \/>\nPod\u0142o\u017ce stosowane do identyfikacji pa\u0142eczek z rodzaju <em>Pseudomonas<\/em> w oparciu o zdolno\u015b\u0107 do fermentacji glukozy, laktozy i redukcji tiosiarczanu do H<sub>2<\/sub>S.<br \/>\n<strong>Szczepy kontrolne:<br \/>\n<\/strong><em>Pseudomonas aeruginosa ATCC 27853<br \/>\nSalmonella eneritidis ATCC 13076<br \/>\nShigella sonnei ATCC 9290<br \/>\nEscherichia coli ATCC 25922<br \/>\n<\/em><strong>Wielko\u015b\u0107 opakowania:<br \/>\n<\/strong>Sypkie: 500 g, 250 g, 100 g, gotowa nawa\u017cka na 250 ml<br \/>\nButelki: 6 x 400 ml, 6 x 200 ml<\/p>\n<\/div>","protected":false},"excerpt":{"rendered":"<p>nr katalogowy: P-0244 &nbsp; Zastosowanie: Pod\u0142o\u017ce stosowane do identyfikacji pa\u0142eczek z rodzaju Pseudomonas w oparciu o zdolno\u015b\u0107 do fermentacji glukozy, laktozy i redukcji tiosiarczanu do H2S. Szczepy kontrolne: Pseudomonas aeruginosa ATCC 27853 Salmonella eneritidis ATCC 13076 Shigella sonnei ATCC 9290 Escherichia coli ATCC 25922 Wielko\u015b\u0107 opakowania: Sypkie: 500 g, 250 g, 100 g, gotowa nawa\u017cka [&hellip;]<\/p>\n","protected":false},"featured_media":0,"template":"","meta":[],"product_brand":[],"product_cat":[99,126,78,77],"product_tag":[],"class_list":{"0":"post-2619","1":"product","2":"type-product","3":"status-publish","5":"product_cat-agary","6":"product_cat-butelki","7":"product_cat-podloza-mikrobiologiczne-gotowe","8":"product_cat-podloza-mikrobiologiczne-sypkie","10":"first","11":"instock","12":"shipping-taxable","13":"product-type-simple"},"_links":{"self":[{"href":"https:\/\/www.btl.com.pl\/en\/wp-json\/wp\/v2\/product\/2619","targetHints":{"allow":["GET"]}}],"collection":[{"href":"https:\/\/www.btl.com.pl\/en\/wp-json\/wp\/v2\/product"}],"about":[{"href":"https:\/\/www.btl.com.pl\/en\/wp-json\/wp\/v2\/types\/product"}],"version-history":[{"count":1,"href":"https:\/\/www.btl.com.pl\/en\/wp-json\/wp\/v2\/product\/2619\/revisions"}],"predecessor-version":[{"id":2620,"href":"https:\/\/www.btl.com.pl\/en\/wp-json\/wp\/v2\/product\/2619\/revisions\/2620"}],"wp:attachment":[{"href":"https:\/\/www.btl.com.pl\/en\/wp-json\/wp\/v2\/media?parent=2619"}],"wp:term":[{"taxonomy":"product_brand","embeddable":true,"href":"https:\/\/www.btl.com.pl\/en\/wp-json\/wp\/v2\/product_brand?post=2619"},{"taxonomy":"product_cat","embeddable":true,"href":"https:\/\/www.btl.com.pl\/en\/wp-json\/wp\/v2\/product_cat?post=2619"},{"taxonomy":"product_tag","embeddable":true,"href":"https:\/\/www.btl.com.pl\/en\/wp-json\/wp\/v2\/product_tag?post=2619"}],"curies":[{"name":"wp","href":"https:\/\/api.w.org\/{rel}","templated":true}]}}