{"id":2617,"date":"2021-11-29T22:43:06","date_gmt":"2021-11-29T21:43:06","guid":{"rendered":"https:\/\/btl.com.pl\/?post_type=product&#038;p=2617"},"modified":"2022-03-01T15:29:14","modified_gmt":"2022-03-01T14:29:14","slug":"podloze-agarowe-myp-wg-mossela-podstawowe-p-0056","status":"publish","type":"product","link":"https:\/\/www.btl.com.pl\/en\/produkty\/podloza-mikrobiologiczne-gotowe\/butelki\/podloze-agarowe-myp-wg-mossela-podstawowe-p-0056\/","title":{"rendered":"Pod\u0142o\u017ce agarowe (MYP) wg Mossela \u2013 podstawowe. P-0056"},"content":{"rendered":"<div>nr katalogowy: <b>P-0056<\/b><\/div>\n<p>&nbsp;<\/p>\n<div>\n<p><strong>Zastosowanie:<\/strong><br \/>\nPod\u0142o\u017ce wybi\u00f3rcze do wykrywania, izolacji i okre\u015blania liczby Bacillus cereus w produktach spo\u017cywczych.<br \/>\n<strong><a href=\"https:\/\/www.btl.com.pl\/en\/produktopis\/1\/0\/produkty\/13\/22\/\" target=\"_blank\" rel=\"noopener\">Suplementy<\/a><\/strong>:<br \/>\nD-071 emulsja \u017c\u00f3\u0142tka jaja + D-049 roztw\u00f3r siarczanu \u00df-polimyksyny<br \/>\n<strong>Szczepy kontrolne:<\/strong><br \/>\n<em>Bacillus cereus ATCC 10876<br \/>\nStaphylococcus aureus ATCC 6538<br \/>\n<\/em><strong>Wielko\u015b\u0107 opakowania:<\/strong><br \/>\nSypkie: 500 g, 250 g, 100 g, gotowa nawa\u017cka na 250 ml<br \/>\nButelki: 6 x 400 ml,\u00a06 x\u00a0200 ml<\/p>\n<\/div>","protected":false},"excerpt":{"rendered":"<p>nr katalogowy: P-0056 &nbsp; Zastosowanie: Pod\u0142o\u017ce wybi\u00f3rcze do wykrywania, izolacji i okre\u015blania liczby Bacillus cereus w produktach spo\u017cywczych. Suplementy: D-071 emulsja \u017c\u00f3\u0142tka jaja + D-049 roztw\u00f3r siarczanu \u00df-polimyksyny Szczepy kontrolne: Bacillus cereus ATCC 10876 Staphylococcus aureus ATCC 6538 Wielko\u015b\u0107 opakowania: Sypkie: 500 g, 250 g, 100 g, gotowa nawa\u017cka na 250 ml Butelki: 6 x [&hellip;]<\/p>\n","protected":false},"featured_media":0,"template":"","meta":[],"product_brand":[],"product_cat":[99,126,78,77],"product_tag":[],"class_list":{"0":"post-2617","1":"product","2":"type-product","3":"status-publish","5":"product_cat-agary","6":"product_cat-butelki","7":"product_cat-podloza-mikrobiologiczne-gotowe","8":"product_cat-podloza-mikrobiologiczne-sypkie","10":"first","11":"instock","12":"shipping-taxable","13":"product-type-simple"},"_links":{"self":[{"href":"https:\/\/www.btl.com.pl\/en\/wp-json\/wp\/v2\/product\/2617","targetHints":{"allow":["GET"]}}],"collection":[{"href":"https:\/\/www.btl.com.pl\/en\/wp-json\/wp\/v2\/product"}],"about":[{"href":"https:\/\/www.btl.com.pl\/en\/wp-json\/wp\/v2\/types\/product"}],"version-history":[{"count":1,"href":"https:\/\/www.btl.com.pl\/en\/wp-json\/wp\/v2\/product\/2617\/revisions"}],"predecessor-version":[{"id":2618,"href":"https:\/\/www.btl.com.pl\/en\/wp-json\/wp\/v2\/product\/2617\/revisions\/2618"}],"wp:attachment":[{"href":"https:\/\/www.btl.com.pl\/en\/wp-json\/wp\/v2\/media?parent=2617"}],"wp:term":[{"taxonomy":"product_brand","embeddable":true,"href":"https:\/\/www.btl.com.pl\/en\/wp-json\/wp\/v2\/product_brand?post=2617"},{"taxonomy":"product_cat","embeddable":true,"href":"https:\/\/www.btl.com.pl\/en\/wp-json\/wp\/v2\/product_cat?post=2617"},{"taxonomy":"product_tag","embeddable":true,"href":"https:\/\/www.btl.com.pl\/en\/wp-json\/wp\/v2\/product_tag?post=2617"}],"curies":[{"name":"wp","href":"https:\/\/api.w.org\/{rel}","templated":true}]}}