{"id":2601,"date":"2021-11-29T22:23:00","date_gmt":"2021-11-29T21:23:00","guid":{"rendered":"https:\/\/btl.com.pl\/?post_type=product&#038;p=2601"},"modified":"2021-11-29T22:23:01","modified_gmt":"2021-11-29T21:23:01","slug":"plynne-podloze-i-bulion-z-czterotionianem-zolcia-i-zielenia-brylantowa-tbg-p-0184","status":"publish","type":"product","link":"https:\/\/www.btl.com.pl\/en\/produkty\/podloza-mikrobiologiczne-sypkie\/buliony\/plynne-podloze-i-bulion-z-czterotionianem-zolcia-i-zielenia-brylantowa-tbg-p-0184\/","title":{"rendered":"P\u0141YNNE POD\u0141O\u017bE I (Bulion z czterotionianem, \u017c\u00f3\u0142ci\u0105 i zieleni\u0105 brylantow\u0105) TBG. P-0184"},"content":{"rendered":"<div>nr katalogowy: <b>P-0184<\/b><\/div>\n<p>&nbsp;<\/p>\n<div>\n<p><strong>Zastosowanie:<\/strong><br \/>\nPod\u0142o\u017ce wybi\u00f3rcze do namna\u017cania bakterii z rodzaju <em>Salmonella<\/em>. Pod\u0142o\u017ce o poni\u017cszym sk\u0142adzie polecane jest przez Farmakopee do korzystania przy badaniach czysto\u015bci mikrobiologicznej w surowcach przeznaczonych do produkcji lek\u00f3w, jak i w lekach gotowych.<br \/>\n<strong>Szczepy kontrolne:<\/strong><br \/>\n<em>Salmonella enteritidis ATCC 13076<br \/>\nSalmonella typhimurium ATCC 14028<\/em><br \/>\n<strong>Wielko\u015b\u0107 opakowania:<br \/>\n<\/strong>Sypkie: 500 g, 250 g, 100 g, gotowa nawa\u017cka na 250 ml<\/p>\n<p>&nbsp;<\/p>\n<\/div>","protected":false},"excerpt":{"rendered":"<p>nr katalogowy: P-0184 &nbsp; Zastosowanie: Pod\u0142o\u017ce wybi\u00f3rcze do namna\u017cania bakterii z rodzaju Salmonella. Pod\u0142o\u017ce o poni\u017cszym sk\u0142adzie polecane jest przez Farmakopee do korzystania przy badaniach czysto\u015bci mikrobiologicznej w surowcach przeznaczonych do produkcji lek\u00f3w, jak i w lekach gotowych. Szczepy kontrolne: Salmonella enteritidis ATCC 13076 Salmonella typhimurium ATCC 14028 Wielko\u015b\u0107 opakowania: Sypkie: 500 g, 250 g, [&hellip;]<\/p>\n","protected":false},"featured_media":0,"template":"","meta":[],"product_brand":[],"product_cat":[100,77],"product_tag":[],"class_list":{"0":"post-2601","1":"product","2":"type-product","3":"status-publish","5":"product_cat-buliony","6":"product_cat-podloza-mikrobiologiczne-sypkie","8":"first","9":"instock","10":"shipping-taxable","11":"product-type-simple"},"_links":{"self":[{"href":"https:\/\/www.btl.com.pl\/en\/wp-json\/wp\/v2\/product\/2601","targetHints":{"allow":["GET"]}}],"collection":[{"href":"https:\/\/www.btl.com.pl\/en\/wp-json\/wp\/v2\/product"}],"about":[{"href":"https:\/\/www.btl.com.pl\/en\/wp-json\/wp\/v2\/types\/product"}],"version-history":[{"count":1,"href":"https:\/\/www.btl.com.pl\/en\/wp-json\/wp\/v2\/product\/2601\/revisions"}],"predecessor-version":[{"id":2602,"href":"https:\/\/www.btl.com.pl\/en\/wp-json\/wp\/v2\/product\/2601\/revisions\/2602"}],"wp:attachment":[{"href":"https:\/\/www.btl.com.pl\/en\/wp-json\/wp\/v2\/media?parent=2601"}],"wp:term":[{"taxonomy":"product_brand","embeddable":true,"href":"https:\/\/www.btl.com.pl\/en\/wp-json\/wp\/v2\/product_brand?post=2601"},{"taxonomy":"product_cat","embeddable":true,"href":"https:\/\/www.btl.com.pl\/en\/wp-json\/wp\/v2\/product_cat?post=2601"},{"taxonomy":"product_tag","embeddable":true,"href":"https:\/\/www.btl.com.pl\/en\/wp-json\/wp\/v2\/product_tag?post=2601"}],"curies":[{"name":"wp","href":"https:\/\/api.w.org\/{rel}","templated":true}]}}