{"id":2583,"date":"2021-09-01T13:56:00","date_gmt":"2021-09-01T11:56:00","guid":{"rendered":"https:\/\/btl.com.pl\/?post_type=product&#038;p=2583"},"modified":"2021-11-29T22:05:41","modified_gmt":"2021-11-29T21:05:41","slug":"kwasny-proteose-agar-p-0297","status":"publish","type":"product","link":"https:\/\/www.btl.com.pl\/en\/produkty\/podloza-mikrobiologiczne-sypkie\/agary\/kwasny-proteose-agar-p-0297\/","title":{"rendered":"Kwa\u015bny Proteose agar  P-0297"},"content":{"rendered":"<div>nr katalogowy: <b>P-0297<\/b><\/div>\n<p>&nbsp;<\/p>\n<div>\n<p><strong>Zastosowanie:<\/strong><br \/>\nPod\u0142o\u017ce do hodowli i oznaczania liczby bakterii termofilnych z produkt\u00f3w o obni\u017conym pH, np. przetwor\u00f3w pomidorowych.<br \/>\n<strong>Wielko\u015b\u0107 opakowania:<br \/>\n<\/strong>Sypkie: 500 g, 250 g, 100 g, gotowa nawa\u017cka na 250 ml<br \/>\nButelki: 6 x 400 ml, 6 x 200 ml<\/p>\n<\/div>","protected":false},"excerpt":{"rendered":"<p>nr katalogowy: P-0297 &nbsp; Zastosowanie: Pod\u0142o\u017ce do hodowli i oznaczania liczby bakterii termofilnych z produkt\u00f3w o obni\u017conym pH, np. przetwor\u00f3w pomidorowych. Wielko\u015b\u0107 opakowania: Sypkie: 500 g, 250 g, 100 g, gotowa nawa\u017cka na 250 ml Butelki: 6 x 400 ml, 6 x 200 ml<\/p>","protected":false},"featured_media":0,"template":"","meta":[],"product_brand":[],"product_cat":[99,77],"product_tag":[],"class_list":{"0":"post-2583","1":"product","2":"type-product","3":"status-publish","5":"product_cat-agary","6":"product_cat-podloza-mikrobiologiczne-sypkie","8":"first","9":"instock","10":"shipping-taxable","11":"product-type-simple"},"_links":{"self":[{"href":"https:\/\/www.btl.com.pl\/en\/wp-json\/wp\/v2\/product\/2583","targetHints":{"allow":["GET"]}}],"collection":[{"href":"https:\/\/www.btl.com.pl\/en\/wp-json\/wp\/v2\/product"}],"about":[{"href":"https:\/\/www.btl.com.pl\/en\/wp-json\/wp\/v2\/types\/product"}],"version-history":[{"count":1,"href":"https:\/\/www.btl.com.pl\/en\/wp-json\/wp\/v2\/product\/2583\/revisions"}],"predecessor-version":[{"id":2584,"href":"https:\/\/www.btl.com.pl\/en\/wp-json\/wp\/v2\/product\/2583\/revisions\/2584"}],"wp:attachment":[{"href":"https:\/\/www.btl.com.pl\/en\/wp-json\/wp\/v2\/media?parent=2583"}],"wp:term":[{"taxonomy":"product_brand","embeddable":true,"href":"https:\/\/www.btl.com.pl\/en\/wp-json\/wp\/v2\/product_brand?post=2583"},{"taxonomy":"product_cat","embeddable":true,"href":"https:\/\/www.btl.com.pl\/en\/wp-json\/wp\/v2\/product_cat?post=2583"},{"taxonomy":"product_tag","embeddable":true,"href":"https:\/\/www.btl.com.pl\/en\/wp-json\/wp\/v2\/product_tag?post=2583"}],"curies":[{"name":"wp","href":"https:\/\/api.w.org\/{rel}","templated":true}]}}