{"id":2581,"date":"2021-09-01T13:55:18","date_gmt":"2021-09-01T11:55:18","guid":{"rendered":"https:\/\/btl.com.pl\/?post_type=product&#038;p=2581"},"modified":"2022-03-01T15:23:14","modified_gmt":"2022-03-01T14:23:14","slug":"king-b-podstawowe-p-0086","status":"publish","type":"product","link":"https:\/\/www.btl.com.pl\/en\/produkty\/podloza-mikrobiologiczne-gotowe\/butelki\/king-b-podstawowe-p-0086\/","title":{"rendered":"King B \u2013 podstawowe  P-0086"},"content":{"rendered":"<div>nr katalogowy: <b>P-0086<\/b><\/div>\n<p>&nbsp;<\/p>\n<div>\n<p><strong>Zastosowanie:<\/strong><br \/>\nPod\u0142o\u017ce do wykrywania, r\u00f3\u017cnicowania i oznaczania liczby bakterii fluoryzuj\u0105cych (na podstawie tworzenia fluoresceiny) rodzaju <em>Pseudomonas<\/em>.<br \/>\n<a href=\"https:\/\/www.btl.com.pl\/en\/produktopis\/1\/0\/produkty\/13\/22\/\" target=\"_blank\" rel=\"noopener\"><strong>Suplementy:<\/strong><br \/>\n<\/a>D-015 glicerol<br \/>\n<strong>Szczepy kontrolne:<br \/>\n<\/strong><em>Pseudomonas aeruginosa ATCC 27853<br \/>\n<\/em><strong>Wielko\u015b\u0107 opakowania:<\/strong><br \/>\nSypkie: 500 g, 250 g, 100 g, gotowa nawa\u017cka na 250 ml<br \/>\nButelki: 6 x\u00a0400 ml,\u00a06 x\u00a0200 ml<\/p>\n<\/div>","protected":false},"excerpt":{"rendered":"<p>nr katalogowy: P-0086 &nbsp; Zastosowanie: Pod\u0142o\u017ce do wykrywania, r\u00f3\u017cnicowania i oznaczania liczby bakterii fluoryzuj\u0105cych (na podstawie tworzenia fluoresceiny) rodzaju Pseudomonas. Suplementy: D-015 glicerol Szczepy kontrolne: Pseudomonas aeruginosa ATCC 27853 Wielko\u015b\u0107 opakowania: Sypkie: 500 g, 250 g, 100 g, gotowa nawa\u017cka na 250 ml Butelki: 6 x\u00a0400 ml,\u00a06 x\u00a0200 ml<\/p>","protected":false},"featured_media":0,"template":"","meta":[],"product_brand":[],"product_cat":[126,77,99,78],"product_tag":[],"class_list":{"0":"post-2581","1":"product","2":"type-product","3":"status-publish","5":"product_cat-butelki","6":"product_cat-podloza-mikrobiologiczne-sypkie","7":"product_cat-agary","8":"product_cat-podloza-mikrobiologiczne-gotowe","10":"first","11":"instock","12":"shipping-taxable","13":"product-type-simple"},"_links":{"self":[{"href":"https:\/\/www.btl.com.pl\/en\/wp-json\/wp\/v2\/product\/2581","targetHints":{"allow":["GET"]}}],"collection":[{"href":"https:\/\/www.btl.com.pl\/en\/wp-json\/wp\/v2\/product"}],"about":[{"href":"https:\/\/www.btl.com.pl\/en\/wp-json\/wp\/v2\/types\/product"}],"version-history":[{"count":1,"href":"https:\/\/www.btl.com.pl\/en\/wp-json\/wp\/v2\/product\/2581\/revisions"}],"predecessor-version":[{"id":2582,"href":"https:\/\/www.btl.com.pl\/en\/wp-json\/wp\/v2\/product\/2581\/revisions\/2582"}],"wp:attachment":[{"href":"https:\/\/www.btl.com.pl\/en\/wp-json\/wp\/v2\/media?parent=2581"}],"wp:term":[{"taxonomy":"product_brand","embeddable":true,"href":"https:\/\/www.btl.com.pl\/en\/wp-json\/wp\/v2\/product_brand?post=2581"},{"taxonomy":"product_cat","embeddable":true,"href":"https:\/\/www.btl.com.pl\/en\/wp-json\/wp\/v2\/product_cat?post=2581"},{"taxonomy":"product_tag","embeddable":true,"href":"https:\/\/www.btl.com.pl\/en\/wp-json\/wp\/v2\/product_tag?post=2581"}],"curies":[{"name":"wp","href":"https:\/\/api.w.org\/{rel}","templated":true}]}}