{"id":2579,"date":"2021-09-01T13:54:40","date_gmt":"2021-09-01T11:54:40","guid":{"rendered":"https:\/\/btl.com.pl\/?post_type=product&#038;p=2579"},"modified":"2022-03-01T15:22:37","modified_gmt":"2022-03-01T14:22:37","slug":"king-a-podstawowe-p-0087","status":"publish","type":"product","link":"https:\/\/www.btl.com.pl\/en\/produkty\/podloza-mikrobiologiczne-gotowe\/butelki\/king-a-podstawowe-p-0087\/","title":{"rendered":"King A \u2013 podstawowe  P-0087"},"content":{"rendered":"<div>nr katalogowy: <b>P-0087<\/b><\/div>\n<p>&nbsp;<\/p>\n<div>\n<p><strong>Zastosowanie:<\/strong><br \/>\nPod\u0142o\u017ce do izolacji, r\u00f3\u017cnicowania i oznaczania liczby bakterii <em>Pseudomonas<\/em>, na podstawie tworzenia piocyjaniny i\/lub piorubiny.<br \/>\n<a href=\"https:\/\/www.btl.com.pl\/en\/produktopis\/1\/0\/produkty\/13\/22\/\" target=\"_blank\" rel=\"noopener\"><strong>Suplementy:<\/strong><\/a><br \/>\nD-031 nitrofurantoina + C-095 glikol<br \/>\n<strong>Wielko\u015b\u0107 opakowania:<\/strong><br \/>\nSypkie: 500 g, 250 g, 100 g, gotowa nawa\u017cka na 250 ml<br \/>\nButelki: 6 x 400 ml, 6 x 200 ml<\/p>\n<\/div>","protected":false},"excerpt":{"rendered":"<p>nr katalogowy: P-0087 &nbsp; Zastosowanie: Pod\u0142o\u017ce do izolacji, r\u00f3\u017cnicowania i oznaczania liczby bakterii Pseudomonas, na podstawie tworzenia piocyjaniny i\/lub piorubiny. Suplementy: D-031 nitrofurantoina + C-095 glikol Wielko\u015b\u0107 opakowania: Sypkie: 500 g, 250 g, 100 g, gotowa nawa\u017cka na 250 ml Butelki: 6 x 400 ml, 6 x 200 ml<\/p>","protected":false},"featured_media":0,"template":"","meta":[],"product_brand":[],"product_cat":[99,126,78,77],"product_tag":[],"class_list":{"0":"post-2579","1":"product","2":"type-product","3":"status-publish","5":"product_cat-agary","6":"product_cat-butelki","7":"product_cat-podloza-mikrobiologiczne-gotowe","8":"product_cat-podloza-mikrobiologiczne-sypkie","10":"first","11":"instock","12":"shipping-taxable","13":"product-type-simple"},"_links":{"self":[{"href":"https:\/\/www.btl.com.pl\/en\/wp-json\/wp\/v2\/product\/2579","targetHints":{"allow":["GET"]}}],"collection":[{"href":"https:\/\/www.btl.com.pl\/en\/wp-json\/wp\/v2\/product"}],"about":[{"href":"https:\/\/www.btl.com.pl\/en\/wp-json\/wp\/v2\/types\/product"}],"version-history":[{"count":1,"href":"https:\/\/www.btl.com.pl\/en\/wp-json\/wp\/v2\/product\/2579\/revisions"}],"predecessor-version":[{"id":2580,"href":"https:\/\/www.btl.com.pl\/en\/wp-json\/wp\/v2\/product\/2579\/revisions\/2580"}],"wp:attachment":[{"href":"https:\/\/www.btl.com.pl\/en\/wp-json\/wp\/v2\/media?parent=2579"}],"wp:term":[{"taxonomy":"product_brand","embeddable":true,"href":"https:\/\/www.btl.com.pl\/en\/wp-json\/wp\/v2\/product_brand?post=2579"},{"taxonomy":"product_cat","embeddable":true,"href":"https:\/\/www.btl.com.pl\/en\/wp-json\/wp\/v2\/product_cat?post=2579"},{"taxonomy":"product_tag","embeddable":true,"href":"https:\/\/www.btl.com.pl\/en\/wp-json\/wp\/v2\/product_tag?post=2579"}],"curies":[{"name":"wp","href":"https:\/\/api.w.org\/{rel}","templated":true}]}}