{"id":2577,"date":"2021-09-01T13:53:52","date_gmt":"2021-09-01T11:53:52","guid":{"rendered":"https:\/\/btl.com.pl\/?post_type=product&#038;p=2577"},"modified":"2021-11-29T22:04:16","modified_gmt":"2021-11-29T21:04:16","slug":"chromogenic-coliform-agar-cca-p-0504","status":"publish","type":"product","link":"https:\/\/www.btl.com.pl\/en\/produkty\/podloza-mikrobiologiczne-sypkie\/agary\/chromogenic-coliform-agar-cca-p-0504\/","title":{"rendered":"CHROMOGENIC COLIFORM AGAR CCA  P-0504"},"content":{"rendered":"<div>nr katalogowy: <b>P-0504<\/b><\/div>\n<p>&nbsp;<\/p>\n<div>\n<p><strong>Zastosowanie:<\/strong><\/p>\n<p>Sta\u0142a, r\u00f3\u017cnicuj\u0105ca i selektywna po\u017cywka do wykrywania i oznaczania wszystkich form <em>Escherichia coli<\/em>\u00a0w pr\u00f3bkach wody metod\u0105 filtracji membranowej.<\/p>\n<p><strong>Szczepy kontrolne:<\/strong><\/p>\n<p><em>Escherichia coli<\/em><\/p>\n<p><em>Pseudomonas aeruginosa<\/em><\/p>\n<p><strong>Wielko\u015b\u0107 opakowania:<\/strong><\/p>\n<p>Sypkie: 500g, 250g, 100g, gotowa nawa\u017cka na 250ml<\/p>\n<\/div>","protected":false},"excerpt":{"rendered":"<p>nr katalogowy: P-0504 &nbsp; Zastosowanie: Sta\u0142a, r\u00f3\u017cnicuj\u0105ca i selektywna po\u017cywka do wykrywania i oznaczania wszystkich form Escherichia coli\u00a0w pr\u00f3bkach wody metod\u0105 filtracji membranowej. Szczepy kontrolne: Escherichia coli Pseudomonas aeruginosa Wielko\u015b\u0107 opakowania: Sypkie: 500g, 250g, 100g, gotowa nawa\u017cka na 250ml<\/p>","protected":false},"featured_media":0,"template":"","meta":[],"product_brand":[],"product_cat":[99,77],"product_tag":[],"class_list":{"0":"post-2577","1":"product","2":"type-product","3":"status-publish","5":"product_cat-agary","6":"product_cat-podloza-mikrobiologiczne-sypkie","8":"first","9":"instock","10":"shipping-taxable","11":"product-type-simple"},"_links":{"self":[{"href":"https:\/\/www.btl.com.pl\/en\/wp-json\/wp\/v2\/product\/2577","targetHints":{"allow":["GET"]}}],"collection":[{"href":"https:\/\/www.btl.com.pl\/en\/wp-json\/wp\/v2\/product"}],"about":[{"href":"https:\/\/www.btl.com.pl\/en\/wp-json\/wp\/v2\/types\/product"}],"version-history":[{"count":1,"href":"https:\/\/www.btl.com.pl\/en\/wp-json\/wp\/v2\/product\/2577\/revisions"}],"predecessor-version":[{"id":2578,"href":"https:\/\/www.btl.com.pl\/en\/wp-json\/wp\/v2\/product\/2577\/revisions\/2578"}],"wp:attachment":[{"href":"https:\/\/www.btl.com.pl\/en\/wp-json\/wp\/v2\/media?parent=2577"}],"wp:term":[{"taxonomy":"product_brand","embeddable":true,"href":"https:\/\/www.btl.com.pl\/en\/wp-json\/wp\/v2\/product_brand?post=2577"},{"taxonomy":"product_cat","embeddable":true,"href":"https:\/\/www.btl.com.pl\/en\/wp-json\/wp\/v2\/product_cat?post=2577"},{"taxonomy":"product_tag","embeddable":true,"href":"https:\/\/www.btl.com.pl\/en\/wp-json\/wp\/v2\/product_tag?post=2577"}],"curies":[{"name":"wp","href":"https:\/\/api.w.org\/{rel}","templated":true}]}}