{"id":2571,"date":"2021-09-01T13:51:40","date_gmt":"2021-09-01T11:51:40","guid":{"rendered":"https:\/\/btl.com.pl\/?post_type=product&#038;p=2571"},"modified":"2022-03-01T15:19:38","modified_gmt":"2022-03-01T14:19:38","slug":"bulion-z-sorbitolem-i-solami-zolci-psb-p-0246","status":"publish","type":"product","link":"https:\/\/www.btl.com.pl\/en\/produkty\/podloza-mikrobiologiczne-gotowe\/butelki\/bulion-z-sorbitolem-i-solami-zolci-psb-p-0246\/","title":{"rendered":"Bulion z sorbitolem i solami \u017c\u00f3\u0142ci (PSB)  P-0246"},"content":{"rendered":"<div>nr katalogowy: <b>P-0246<\/b><\/div>\n<p>&nbsp;<\/p>\n<div>\n<p><strong>Zastosowanie:<\/strong><br \/>\nPod\u0142o\u017ce wybi\u00f3rcze do namna\u017cania bakterii <em>Yersinia enterocolitica<\/em> z produkt\u00f3w \u017cywno\u015bciowych i innych materia\u0142\u00f3w. Bulion PSB zawiera wystarczaj\u0105c\u0105 ilo\u015b\u0107 sk\u0142adnik\u00f3w od\u017cywczych gwarantuj\u0105cych wzrost bakterii <em>Yersinia enterocolitica <\/em>oraz innych pa\u0142eczek z rodziny <em>Enterobacteriaceae<\/em>.<br \/>\n<strong>Szczepy kontrolne:<br \/>\n<\/strong>Yersinia enterocolitica ATCC 9610<br \/>\nEscherichia coli ATCC 25922<br \/>\n<strong>Wielko\u015b\u0107 opakowania:<br \/>\n<\/strong>Sypkie: 500 g, 250 g, 100 g, gotowa nawa\u017cka na 250 ml<br \/>\nButelki: 6 x 400 ml, 6 x 200 ml<\/p>\n<\/div>","protected":false},"excerpt":{"rendered":"<p>nr katalogowy: P-0246 &nbsp; Zastosowanie: Pod\u0142o\u017ce wybi\u00f3rcze do namna\u017cania bakterii Yersinia enterocolitica z produkt\u00f3w \u017cywno\u015bciowych i innych materia\u0142\u00f3w. Bulion PSB zawiera wystarczaj\u0105c\u0105 ilo\u015b\u0107 sk\u0142adnik\u00f3w od\u017cywczych gwarantuj\u0105cych wzrost bakterii Yersinia enterocolitica oraz innych pa\u0142eczek z rodziny Enterobacteriaceae. Szczepy kontrolne: Yersinia enterocolitica ATCC 9610 Escherichia coli ATCC 25922 Wielko\u015b\u0107 opakowania: Sypkie: 500 g, 250 g, 100 g, [&hellip;]<\/p>\n","protected":false},"featured_media":0,"template":"","meta":[],"product_brand":[],"product_cat":[100,126,78,77],"product_tag":[],"class_list":{"0":"post-2571","1":"product","2":"type-product","3":"status-publish","5":"product_cat-buliony","6":"product_cat-butelki","7":"product_cat-podloza-mikrobiologiczne-gotowe","8":"product_cat-podloza-mikrobiologiczne-sypkie","10":"first","11":"instock","12":"shipping-taxable","13":"product-type-simple"},"_links":{"self":[{"href":"https:\/\/www.btl.com.pl\/en\/wp-json\/wp\/v2\/product\/2571","targetHints":{"allow":["GET"]}}],"collection":[{"href":"https:\/\/www.btl.com.pl\/en\/wp-json\/wp\/v2\/product"}],"about":[{"href":"https:\/\/www.btl.com.pl\/en\/wp-json\/wp\/v2\/types\/product"}],"version-history":[{"count":1,"href":"https:\/\/www.btl.com.pl\/en\/wp-json\/wp\/v2\/product\/2571\/revisions"}],"predecessor-version":[{"id":2572,"href":"https:\/\/www.btl.com.pl\/en\/wp-json\/wp\/v2\/product\/2571\/revisions\/2572"}],"wp:attachment":[{"href":"https:\/\/www.btl.com.pl\/en\/wp-json\/wp\/v2\/media?parent=2571"}],"wp:term":[{"taxonomy":"product_brand","embeddable":true,"href":"https:\/\/www.btl.com.pl\/en\/wp-json\/wp\/v2\/product_brand?post=2571"},{"taxonomy":"product_cat","embeddable":true,"href":"https:\/\/www.btl.com.pl\/en\/wp-json\/wp\/v2\/product_cat?post=2571"},{"taxonomy":"product_tag","embeddable":true,"href":"https:\/\/www.btl.com.pl\/en\/wp-json\/wp\/v2\/product_tag?post=2571"}],"curies":[{"name":"wp","href":"https:\/\/api.w.org\/{rel}","templated":true}]}}