{"id":2561,"date":"2021-08-31T23:50:21","date_gmt":"2021-08-31T21:50:21","guid":{"rendered":"https:\/\/btl.com.pl\/?post_type=product&#038;p=2561"},"modified":"2022-03-01T15:17:06","modified_gmt":"2022-03-01T14:17:06","slug":"bulion-wzbogacony-p-0022","status":"publish","type":"product","link":"https:\/\/www.btl.com.pl\/en\/produkty\/podloza-mikrobiologiczne-gotowe\/butelki\/bulion-wzbogacony-p-0022\/","title":{"rendered":"Bulion wzbogacony    P-0022"},"content":{"rendered":"<div id=\"glowna\">\n<div id=\"tresc_produkt\">\n<div>\n<div id=\"glowna\">\n<div id=\"tresc_produkt\">\n<div>nr katalogowy: <b>P-0022<\/b><\/div>\n<div>\n<p><strong>Zastosowanie:<br \/>\n<\/strong>Pod\u0142o\u017ce uniwersalne do hodowli i namna\u017cania mikroorganizm\u00f3w, o podwy\u017cszonych wymaganiach pokarmowych.<br \/>\n<strong>Szczepy kontrolne:<\/strong><br \/>\n<em>Salmonella enteritidis ATCC 13076<br \/>\nEscherichia coli ATCC 25922<br \/>\nStaphylococcus aureus ATCC 6538<br \/>\nBacillus cereus ATCC 10876<\/em><br \/>\n<strong>Wielko\u015b\u0107 opakowania:<\/strong><br \/>\nSypkie: 500 g, 250 g, 100 g, gotowa nawa\u017cka na 250 ml<br \/>\nButelki: 6 x 400 ml, 6 x 200 ml<\/p>\n<\/div>\n<\/div>\n<\/div>\n<\/div>\n<p>&nbsp;<\/p>\n<\/div>\n<\/div>","protected":false},"excerpt":{"rendered":"<p>nr katalogowy: P-0022 Zastosowanie: Pod\u0142o\u017ce uniwersalne do hodowli i namna\u017cania mikroorganizm\u00f3w, o podwy\u017cszonych wymaganiach pokarmowych. Szczepy kontrolne: Salmonella enteritidis ATCC 13076 Escherichia coli ATCC 25922 Staphylococcus aureus ATCC 6538 Bacillus cereus ATCC 10876 Wielko\u015b\u0107 opakowania: Sypkie: 500 g, 250 g, 100 g, gotowa nawa\u017cka na 250 ml Butelki: 6 x 400 ml, 6 x 200 [&hellip;]<\/p>\n","protected":false},"featured_media":0,"template":"","meta":[],"product_brand":[],"product_cat":[100,126,78,77],"product_tag":[],"class_list":{"0":"post-2561","1":"product","2":"type-product","3":"status-publish","5":"product_cat-buliony","6":"product_cat-butelki","7":"product_cat-podloza-mikrobiologiczne-gotowe","8":"product_cat-podloza-mikrobiologiczne-sypkie","10":"first","11":"instock","12":"shipping-taxable","13":"product-type-simple"},"_links":{"self":[{"href":"https:\/\/www.btl.com.pl\/en\/wp-json\/wp\/v2\/product\/2561","targetHints":{"allow":["GET"]}}],"collection":[{"href":"https:\/\/www.btl.com.pl\/en\/wp-json\/wp\/v2\/product"}],"about":[{"href":"https:\/\/www.btl.com.pl\/en\/wp-json\/wp\/v2\/types\/product"}],"version-history":[{"count":1,"href":"https:\/\/www.btl.com.pl\/en\/wp-json\/wp\/v2\/product\/2561\/revisions"}],"predecessor-version":[{"id":2562,"href":"https:\/\/www.btl.com.pl\/en\/wp-json\/wp\/v2\/product\/2561\/revisions\/2562"}],"wp:attachment":[{"href":"https:\/\/www.btl.com.pl\/en\/wp-json\/wp\/v2\/media?parent=2561"}],"wp:term":[{"taxonomy":"product_brand","embeddable":true,"href":"https:\/\/www.btl.com.pl\/en\/wp-json\/wp\/v2\/product_brand?post=2561"},{"taxonomy":"product_cat","embeddable":true,"href":"https:\/\/www.btl.com.pl\/en\/wp-json\/wp\/v2\/product_cat?post=2561"},{"taxonomy":"product_tag","embeddable":true,"href":"https:\/\/www.btl.com.pl\/en\/wp-json\/wp\/v2\/product_tag?post=2561"}],"curies":[{"name":"wp","href":"https:\/\/api.w.org\/{rel}","templated":true}]}}