{"id":2557,"date":"2021-08-31T23:48:15","date_gmt":"2021-08-31T21:48:15","guid":{"rendered":"https:\/\/btl.com.pl\/?post_type=product&#038;p=2557"},"modified":"2022-03-01T15:11:28","modified_gmt":"2022-03-01T14:11:28","slug":"bulion-slodowy-p-0197","status":"publish","type":"product","link":"https:\/\/www.btl.com.pl\/en\/produkty\/podloza-mikrobiologiczne-gotowe\/butelki\/bulion-slodowy-p-0197\/","title":{"rendered":"Bulion s\u0142odowy  P-0197"},"content":{"rendered":"<div id=\"glowna\">\n<div id=\"tresc_produkt\">\n<div>\n<div id=\"glowna\">\n<div id=\"tresc_produkt\">\n<div>nr katalogowy: <b>P-0197<\/b><\/div>\n<div>\n<p><strong>Zastosowanie:<\/strong><br \/>\nPod\u0142o\u017ce do hodowli i namna\u017cania dro\u017cd\u017cy i ple\u015bni. Bulion slodowy zawiera w swoim sk\u0142adzie ekstrakt s\u0142odowy i pepton sojowy, kt\u00f3re s\u0105 \u017ar\u00f3d\u0142em w\u0119gla, azotu i sk\u0142adnik\u00f3w od\u017cywczych, kt\u00f3re gwarantuj\u0105 wzrost grzyb\u00f3w.<br \/>\n<strong>Szczepy kontrolne:<br \/>\n<\/strong><em>Aspergillus niger ATCC 16404<br \/>\nSaccharomyces cerevisiae ATCC 9763<br \/>\nCandida albicans ATCC 10231<br \/>\n<\/em><strong>Wielko\u015b\u0107 opakowania:<br \/>\n<\/strong>Sypkie: 500 g, 250 g, 100 g, gotowa nawa\u017cka na 250 ml<br \/>\nButelki: 6 x 400 ml, 6 x 200 ml<\/p>\n<\/div>\n<\/div>\n<\/div>\n<\/div>\n<p>&nbsp;<\/p>\n<\/div>\n<\/div>","protected":false},"excerpt":{"rendered":"<p>nr katalogowy: P-0197 Zastosowanie: Pod\u0142o\u017ce do hodowli i namna\u017cania dro\u017cd\u017cy i ple\u015bni. Bulion slodowy zawiera w swoim sk\u0142adzie ekstrakt s\u0142odowy i pepton sojowy, kt\u00f3re s\u0105 \u017ar\u00f3d\u0142em w\u0119gla, azotu i sk\u0142adnik\u00f3w od\u017cywczych, kt\u00f3re gwarantuj\u0105 wzrost grzyb\u00f3w. Szczepy kontrolne: Aspergillus niger ATCC 16404 Saccharomyces cerevisiae ATCC 9763 Candida albicans ATCC 10231 Wielko\u015b\u0107 opakowania: Sypkie: 500 g, 250 [&hellip;]<\/p>\n","protected":false},"featured_media":0,"template":"","meta":[],"product_brand":[],"product_cat":[100,126,78,77],"product_tag":[],"class_list":{"0":"post-2557","1":"product","2":"type-product","3":"status-publish","5":"product_cat-buliony","6":"product_cat-butelki","7":"product_cat-podloza-mikrobiologiczne-gotowe","8":"product_cat-podloza-mikrobiologiczne-sypkie","10":"first","11":"instock","12":"shipping-taxable","13":"product-type-simple"},"_links":{"self":[{"href":"https:\/\/www.btl.com.pl\/en\/wp-json\/wp\/v2\/product\/2557","targetHints":{"allow":["GET"]}}],"collection":[{"href":"https:\/\/www.btl.com.pl\/en\/wp-json\/wp\/v2\/product"}],"about":[{"href":"https:\/\/www.btl.com.pl\/en\/wp-json\/wp\/v2\/types\/product"}],"version-history":[{"count":1,"href":"https:\/\/www.btl.com.pl\/en\/wp-json\/wp\/v2\/product\/2557\/revisions"}],"predecessor-version":[{"id":2558,"href":"https:\/\/www.btl.com.pl\/en\/wp-json\/wp\/v2\/product\/2557\/revisions\/2558"}],"wp:attachment":[{"href":"https:\/\/www.btl.com.pl\/en\/wp-json\/wp\/v2\/media?parent=2557"}],"wp:term":[{"taxonomy":"product_brand","embeddable":true,"href":"https:\/\/www.btl.com.pl\/en\/wp-json\/wp\/v2\/product_brand?post=2557"},{"taxonomy":"product_cat","embeddable":true,"href":"https:\/\/www.btl.com.pl\/en\/wp-json\/wp\/v2\/product_cat?post=2557"},{"taxonomy":"product_tag","embeddable":true,"href":"https:\/\/www.btl.com.pl\/en\/wp-json\/wp\/v2\/product_tag?post=2557"}],"curies":[{"name":"wp","href":"https:\/\/api.w.org\/{rel}","templated":true}]}}