{"id":2555,"date":"2021-08-31T23:47:25","date_gmt":"2021-08-31T21:47:25","guid":{"rendered":"https:\/\/btl.com.pl\/?post_type=product&#038;p=2555"},"modified":"2021-08-31T23:47:57","modified_gmt":"2021-08-31T21:47:57","slug":"bulion-schaedlera-p-0209","status":"publish","type":"product","link":"https:\/\/www.btl.com.pl\/en\/produkty\/podloza-mikrobiologiczne-sypkie\/buliony\/bulion-schaedlera-p-0209\/","title":{"rendered":"Bulion Schaedlera  P-0209"},"content":{"rendered":"<div id=\"glowna\">\n<div id=\"tresc_produkt\">\n<div>\n<div id=\"glowna\">\n<div id=\"tresc_produkt\">\n<div>nr katalogowy: <b>P-0209<\/b><\/div>\n<div>\n<p><strong>Zastosowanie:<\/strong><br \/>\nBulion Schaedler s\u0142u\u017cy do hodowli i izolacji szczep\u00f3w mikroorganizm\u00f3w beztlenowych i wzgl\u0119dnie beztlenowych, pochodzenia klinicznego i nieklinicznego np. bakterii z rodzaju <em>Clostridium, Lactobacillus, Streptococcus, Flavobacterium, Bacteroides.<\/em> Pod\u0142o\u017ce jest r\u00f3wnie\u017c u\u017cyteczne do regeneracji beztlenowych bakterii takich jak <em>Bacteroides, Prevotella<\/em>.<br \/>\n<strong>Szczepy kontrolne:<\/strong><br \/>\n<em>Clostridium perfringens ATCC 13124<br \/>\nBacteroides fragilis ATCC 25285<\/em><br \/>\n<strong>Wielko\u015b\u0107 opakowania:<\/strong><br \/>\nSypkie: 500 g, 250 g, 100 g, gotowa nawa\u017cka na 250 ml<br \/>\nButelki: 6 x 400 ml, 6 x 200 ml<\/p>\n<\/div>\n<\/div>\n<\/div>\n<\/div>\n<p>&nbsp;<\/p>\n<\/div>\n<\/div>","protected":false},"excerpt":{"rendered":"<p>nr katalogowy: P-0209 Zastosowanie: Bulion Schaedler s\u0142u\u017cy do hodowli i izolacji szczep\u00f3w mikroorganizm\u00f3w beztlenowych i wzgl\u0119dnie beztlenowych, pochodzenia klinicznego i nieklinicznego np. bakterii z rodzaju Clostridium, Lactobacillus, Streptococcus, Flavobacterium, Bacteroides. Pod\u0142o\u017ce jest r\u00f3wnie\u017c u\u017cyteczne do regeneracji beztlenowych bakterii takich jak Bacteroides, Prevotella. Szczepy kontrolne: Clostridium perfringens ATCC 13124 Bacteroides fragilis ATCC 25285 Wielko\u015b\u0107 opakowania: Sypkie: [&hellip;]<\/p>\n","protected":false},"featured_media":0,"template":"","meta":[],"product_brand":[],"product_cat":[100,77],"product_tag":[],"class_list":{"0":"post-2555","1":"product","2":"type-product","3":"status-publish","5":"product_cat-buliony","6":"product_cat-podloza-mikrobiologiczne-sypkie","8":"first","9":"instock","10":"shipping-taxable","11":"product-type-simple"},"_links":{"self":[{"href":"https:\/\/www.btl.com.pl\/en\/wp-json\/wp\/v2\/product\/2555","targetHints":{"allow":["GET"]}}],"collection":[{"href":"https:\/\/www.btl.com.pl\/en\/wp-json\/wp\/v2\/product"}],"about":[{"href":"https:\/\/www.btl.com.pl\/en\/wp-json\/wp\/v2\/types\/product"}],"version-history":[{"count":1,"href":"https:\/\/www.btl.com.pl\/en\/wp-json\/wp\/v2\/product\/2555\/revisions"}],"predecessor-version":[{"id":2556,"href":"https:\/\/www.btl.com.pl\/en\/wp-json\/wp\/v2\/product\/2555\/revisions\/2556"}],"wp:attachment":[{"href":"https:\/\/www.btl.com.pl\/en\/wp-json\/wp\/v2\/media?parent=2555"}],"wp:term":[{"taxonomy":"product_brand","embeddable":true,"href":"https:\/\/www.btl.com.pl\/en\/wp-json\/wp\/v2\/product_brand?post=2555"},{"taxonomy":"product_cat","embeddable":true,"href":"https:\/\/www.btl.com.pl\/en\/wp-json\/wp\/v2\/product_cat?post=2555"},{"taxonomy":"product_tag","embeddable":true,"href":"https:\/\/www.btl.com.pl\/en\/wp-json\/wp\/v2\/product_tag?post=2555"}],"curies":[{"name":"wp","href":"https:\/\/api.w.org\/{rel}","templated":true}]}}