{"id":2551,"date":"2021-08-31T23:39:02","date_gmt":"2021-08-31T21:39:02","guid":{"rendered":"https:\/\/btl.com.pl\/?post_type=product&#038;p=2551"},"modified":"2021-08-31T23:46:07","modified_gmt":"2021-08-31T21:46:07","slug":"bulion-pol-frasera-podstawowe-p-0245","status":"publish","type":"product","link":"https:\/\/www.btl.com.pl\/en\/produkty\/podloza-mikrobiologiczne-sypkie\/buliony\/bulion-pol-frasera-podstawowe-p-0245\/","title":{"rendered":"Bulion p\u00f3\u0142 &#8211; Frasera \u2013 podstawowe  P-0245"},"content":{"rendered":"<div id=\"glowna\">\n<div id=\"tresc_produkt\">\n<div>\n<div id=\"glowna\">\n<div id=\"tresc_produkt\">\n<div>nr katalogowy: <b>P-0245<\/b><\/div>\n<div>\n<p><strong>Zastosowanie:<\/strong><br \/>\nPod\u0142o\u017ce wybi\u00f3rcze stosowane do wst\u0119pnego namna\u017cania bakterii z gatunku <em>Listeria monocytogenes<\/em> z produkt\u00f3w \u017cywno\u015bciowych i pasz. Bulion p\u00f3\u0142-Fraser\u2019a zawiera du\u017c\u0105 ilo\u015b\u0107 sk\u0142adnik\u00f3w od\u017cywczych gwarantuj\u0105cych wzrost mikroorganizm\u00f3w o podwy\u017cszanych wymaganiach pokarmowych.<br \/>\n<strong><a href=\"https:\/\/www.btl.com.pl\/en\/produktopis\/1\/0\/produkty\/13\/22\/\" target=\"_blank\" rel=\"noopener\">Suplementy:<\/a><\/strong><br \/>\nD-076-2 Dodatek wybi\u00f3rczy do bulionu p\u00f3\u0142-Frasera<br \/>\n<strong>Szczepy kontrolne:<\/strong><br \/>\n<em>Listeria monocytogenes ATCC 15315<\/em><br \/>\n<strong>Wielko\u015b\u0107 opakowania:<br \/>\n<\/strong>Sypkie: 500 g, 250 g, 100 g, gotowa nawa\u017cka na 250 ml<\/p>\n<\/div>\n<\/div>\n<\/div>\n<\/div>\n<p>&nbsp;<\/p>\n<\/div>\n<\/div>","protected":false},"excerpt":{"rendered":"<p>nr katalogowy: P-0245 Zastosowanie: Pod\u0142o\u017ce wybi\u00f3rcze stosowane do wst\u0119pnego namna\u017cania bakterii z gatunku Listeria monocytogenes z produkt\u00f3w \u017cywno\u015bciowych i pasz. Bulion p\u00f3\u0142-Fraser\u2019a zawiera du\u017c\u0105 ilo\u015b\u0107 sk\u0142adnik\u00f3w od\u017cywczych gwarantuj\u0105cych wzrost mikroorganizm\u00f3w o podwy\u017cszanych wymaganiach pokarmowych. Suplementy: D-076-2 Dodatek wybi\u00f3rczy do bulionu p\u00f3\u0142-Frasera Szczepy kontrolne: Listeria monocytogenes ATCC 15315 Wielko\u015b\u0107 opakowania: Sypkie: 500 g, 250 g, 100 [&hellip;]<\/p>\n","protected":false},"featured_media":0,"template":"","meta":[],"product_brand":[],"product_cat":[100,77],"product_tag":[],"class_list":{"0":"post-2551","1":"product","2":"type-product","3":"status-publish","5":"product_cat-buliony","6":"product_cat-podloza-mikrobiologiczne-sypkie","8":"first","9":"instock","10":"shipping-taxable","11":"product-type-simple"},"_links":{"self":[{"href":"https:\/\/www.btl.com.pl\/en\/wp-json\/wp\/v2\/product\/2551","targetHints":{"allow":["GET"]}}],"collection":[{"href":"https:\/\/www.btl.com.pl\/en\/wp-json\/wp\/v2\/product"}],"about":[{"href":"https:\/\/www.btl.com.pl\/en\/wp-json\/wp\/v2\/types\/product"}],"version-history":[{"count":1,"href":"https:\/\/www.btl.com.pl\/en\/wp-json\/wp\/v2\/product\/2551\/revisions"}],"predecessor-version":[{"id":2552,"href":"https:\/\/www.btl.com.pl\/en\/wp-json\/wp\/v2\/product\/2551\/revisions\/2552"}],"wp:attachment":[{"href":"https:\/\/www.btl.com.pl\/en\/wp-json\/wp\/v2\/media?parent=2551"}],"wp:term":[{"taxonomy":"product_brand","embeddable":true,"href":"https:\/\/www.btl.com.pl\/en\/wp-json\/wp\/v2\/product_brand?post=2551"},{"taxonomy":"product_cat","embeddable":true,"href":"https:\/\/www.btl.com.pl\/en\/wp-json\/wp\/v2\/product_cat?post=2551"},{"taxonomy":"product_tag","embeddable":true,"href":"https:\/\/www.btl.com.pl\/en\/wp-json\/wp\/v2\/product_tag?post=2551"}],"curies":[{"name":"wp","href":"https:\/\/api.w.org\/{rel}","templated":true}]}}