{"id":2545,"date":"2021-08-31T23:32:57","date_gmt":"2021-08-31T21:32:57","guid":{"rendered":"https:\/\/btl.com.pl\/?post_type=product&#038;p=2545"},"modified":"2022-03-01T15:08:51","modified_gmt":"2022-03-01T14:08:51","slug":"bulion-odzywczy-e-p-0074","status":"publish","type":"product","link":"https:\/\/www.btl.com.pl\/en\/produkty\/podloza-mikrobiologiczne-gotowe\/butelki\/bulion-odzywczy-e-p-0074\/","title":{"rendered":"Bulion od\u017cywczy (E)  P-0074"},"content":{"rendered":"<div id=\"glowna\">\n<div id=\"tresc_produkt\">\n<div>nr katalogowy: <b>P-0074<\/b><\/div>\n<div>\n<p><strong>Zastosowanie:<\/strong><br \/>\nPod\u0142o\u017ce do hodowli i namna\u017cania drobnoustroj\u00f3w (szczeg\u00f3lnie enterokok\u00f3w) w r\u00f3\u017cnych materia\u0142ach.<br \/>\n<strong>Szczepy kontrolne:<\/strong><br \/>\n<em>Enterococcus faecalis ATCC 29212<br \/>\nStaphylococcus aureus ATCC 6538<br \/>\nSalmonella enteritidis ATCC 13076<br \/>\nEscherichia coli ATCC 25922<\/em><br \/>\n<strong>Wielko\u015b\u0107 opakowania:<\/strong><br \/>\nSypkie: 500 g, 250 g, 100 g, gotowa nawa\u017cka na 250 ml<br \/>\nButelki:\u00a06 x\u00a0400 ml,\u00a06 x\u00a0200 ml<\/p>\n<p>&nbsp;<\/p>\n<\/div>\n<\/div>\n<\/div>","protected":false},"excerpt":{"rendered":"<p>nr katalogowy: P-0074 Zastosowanie: Pod\u0142o\u017ce do hodowli i namna\u017cania drobnoustroj\u00f3w (szczeg\u00f3lnie enterokok\u00f3w) w r\u00f3\u017cnych materia\u0142ach. Szczepy kontrolne: Enterococcus faecalis ATCC 29212 Staphylococcus aureus ATCC 6538 Salmonella enteritidis ATCC 13076 Escherichia coli ATCC 25922 Wielko\u015b\u0107 opakowania: Sypkie: 500 g, 250 g, 100 g, gotowa nawa\u017cka na 250 ml Butelki:\u00a06 x\u00a0400 ml,\u00a06 x\u00a0200 ml &nbsp;<\/p>","protected":false},"featured_media":0,"template":"","meta":[],"product_brand":[],"product_cat":[100,126,78,77],"product_tag":[],"class_list":{"0":"post-2545","1":"product","2":"type-product","3":"status-publish","5":"product_cat-buliony","6":"product_cat-butelki","7":"product_cat-podloza-mikrobiologiczne-gotowe","8":"product_cat-podloza-mikrobiologiczne-sypkie","10":"first","11":"instock","12":"shipping-taxable","13":"product-type-simple"},"_links":{"self":[{"href":"https:\/\/www.btl.com.pl\/en\/wp-json\/wp\/v2\/product\/2545","targetHints":{"allow":["GET"]}}],"collection":[{"href":"https:\/\/www.btl.com.pl\/en\/wp-json\/wp\/v2\/product"}],"about":[{"href":"https:\/\/www.btl.com.pl\/en\/wp-json\/wp\/v2\/types\/product"}],"version-history":[{"count":1,"href":"https:\/\/www.btl.com.pl\/en\/wp-json\/wp\/v2\/product\/2545\/revisions"}],"predecessor-version":[{"id":2546,"href":"https:\/\/www.btl.com.pl\/en\/wp-json\/wp\/v2\/product\/2545\/revisions\/2546"}],"wp:attachment":[{"href":"https:\/\/www.btl.com.pl\/en\/wp-json\/wp\/v2\/media?parent=2545"}],"wp:term":[{"taxonomy":"product_brand","embeddable":true,"href":"https:\/\/www.btl.com.pl\/en\/wp-json\/wp\/v2\/product_brand?post=2545"},{"taxonomy":"product_cat","embeddable":true,"href":"https:\/\/www.btl.com.pl\/en\/wp-json\/wp\/v2\/product_cat?post=2545"},{"taxonomy":"product_tag","embeddable":true,"href":"https:\/\/www.btl.com.pl\/en\/wp-json\/wp\/v2\/product_tag?post=2545"}],"curies":[{"name":"wp","href":"https:\/\/api.w.org\/{rel}","templated":true}]}}