{"id":2541,"date":"2021-08-31T23:27:53","date_gmt":"2021-08-31T21:27:53","guid":{"rendered":"https:\/\/btl.com.pl\/?post_type=product&#038;p=2541"},"modified":"2022-03-01T15:07:16","modified_gmt":"2022-03-01T14:07:16","slug":"bulion-mrs-podstawowe-p-0132","status":"publish","type":"product","link":"https:\/\/www.btl.com.pl\/en\/produkty\/podloza-mikrobiologiczne-gotowe\/butelki\/bulion-mrs-podstawowe-p-0132\/","title":{"rendered":"Bulion MRS \u2013 podstawowe  P-0132"},"content":{"rendered":"<div>nr katalogowy: <b>P-0132<\/b><\/div>\n<p>&nbsp;<\/p>\n<div>\n<p><strong>Zastosowanie:<br \/>\n<\/strong>Pod\u0142o\u017ce wybi\u00f3rcze do namna\u017cania, hodowli, izolacji oraz okre\u015blania liczby bakterii mlekowych, szczeg\u00f3lnie z rodzaju <em>Lactobacillus<\/em> we wszystkich typach materia\u0142\u00f3w.<br \/>\n<strong><a href=\"https:\/\/www.btl.com.pl\/en\/produktopis\/1\/0\/produkty\/13\/22\/\" target=\"_blank\" rel=\"noopener\">Suplementy:<\/a><\/strong><br \/>\nD-061 Tween 80<br \/>\n<strong>Szczepy kontrolne:<br \/>\n<\/strong><em>Lactobacillus acidophilus ATCC 4356<br \/>\nLactobacillus lactisi\u00a0 ATCC 19435<\/em><br \/>\n<strong>Wielko\u015b\u0107 opakowania:<\/strong><br \/>\nSypkie: 500 g, 250 g, 100 g, gotowa nawa\u017cka na 250 ml<br \/>\nButelki: 6 x 400 ml,\u00a06 x\u00a0200 ml<\/p>\n<\/div>","protected":false},"excerpt":{"rendered":"<p>nr katalogowy: P-0132 &nbsp; Zastosowanie: Pod\u0142o\u017ce wybi\u00f3rcze do namna\u017cania, hodowli, izolacji oraz okre\u015blania liczby bakterii mlekowych, szczeg\u00f3lnie z rodzaju Lactobacillus we wszystkich typach materia\u0142\u00f3w. Suplementy: D-061 Tween 80 Szczepy kontrolne: Lactobacillus acidophilus ATCC 4356 Lactobacillus lactisi\u00a0 ATCC 19435 Wielko\u015b\u0107 opakowania: Sypkie: 500 g, 250 g, 100 g, gotowa nawa\u017cka na 250 ml Butelki: 6 x [&hellip;]<\/p>\n","protected":false},"featured_media":0,"template":"","meta":[],"product_brand":[],"product_cat":[100,126,78,77],"product_tag":[],"class_list":{"0":"post-2541","1":"product","2":"type-product","3":"status-publish","5":"product_cat-buliony","6":"product_cat-butelki","7":"product_cat-podloza-mikrobiologiczne-gotowe","8":"product_cat-podloza-mikrobiologiczne-sypkie","10":"first","11":"instock","12":"shipping-taxable","13":"product-type-simple"},"_links":{"self":[{"href":"https:\/\/www.btl.com.pl\/en\/wp-json\/wp\/v2\/product\/2541","targetHints":{"allow":["GET"]}}],"collection":[{"href":"https:\/\/www.btl.com.pl\/en\/wp-json\/wp\/v2\/product"}],"about":[{"href":"https:\/\/www.btl.com.pl\/en\/wp-json\/wp\/v2\/types\/product"}],"version-history":[{"count":1,"href":"https:\/\/www.btl.com.pl\/en\/wp-json\/wp\/v2\/product\/2541\/revisions"}],"predecessor-version":[{"id":2542,"href":"https:\/\/www.btl.com.pl\/en\/wp-json\/wp\/v2\/product\/2541\/revisions\/2542"}],"wp:attachment":[{"href":"https:\/\/www.btl.com.pl\/en\/wp-json\/wp\/v2\/media?parent=2541"}],"wp:term":[{"taxonomy":"product_brand","embeddable":true,"href":"https:\/\/www.btl.com.pl\/en\/wp-json\/wp\/v2\/product_brand?post=2541"},{"taxonomy":"product_cat","embeddable":true,"href":"https:\/\/www.btl.com.pl\/en\/wp-json\/wp\/v2\/product_cat?post=2541"},{"taxonomy":"product_tag","embeddable":true,"href":"https:\/\/www.btl.com.pl\/en\/wp-json\/wp\/v2\/product_tag?post=2541"}],"curies":[{"name":"wp","href":"https:\/\/api.w.org\/{rel}","templated":true}]}}