{"id":2537,"date":"2021-08-31T23:25:40","date_gmt":"2021-08-31T21:25:40","guid":{"rendered":"https:\/\/btl.com.pl\/?post_type=product&#038;p=2537"},"modified":"2022-03-01T15:06:39","modified_gmt":"2022-03-01T14:06:39","slug":"bulion-mozgowo-sercowy-p-0051","status":"publish","type":"product","link":"https:\/\/www.btl.com.pl\/en\/produkty\/podloza-mikrobiologiczne-gotowe\/butelki\/bulion-mozgowo-sercowy-p-0051\/","title":{"rendered":"Bulion m\u00f3zgowo-sercowy  P-0051"},"content":{"rendered":"<div>nr katalogowy: <b>P-0051<\/b><\/div>\n<p>&nbsp;<\/p>\n<div>\n<p><strong>Zastosowanie:<br \/>\n<\/strong>Pod\u0142o\u017ce do hodowli drobnoustroj\u00f3w (w tym chorobotw\u00f3rczych) o wysokich wymaganiach pokarmowych, zalecane do hodowli streptokok\u00f3w, <em>Neisseria, Haemophilus sp<\/em>. i innych.<br \/>\n<strong>Szczepy kontrolne:<br \/>\n<\/strong><em>Escherichia coli ATCC 25922<br \/>\nSalmonella typhimurium ATCC 14028<br \/>\nShigella sonnei ATCC 9290<br \/>\nPseudomonas aeruginosa ATCC 27853<br \/>\nStaphylococcus aureus ATCC 6538<br \/>\nClostridium perfringens ATCC 13124<\/em><br \/>\n<strong>Wielko\u015b\u0107 opakowania:<\/strong><br \/>\nSypkie: 500 g, 250 g, 100 g, gotowa nawa\u017cka na 250 ml<br \/>\nButelki:\u00a06 x\u00a0400 ml,\u00a06 x\u00a0200 ml<\/p>\n<\/div>","protected":false},"excerpt":{"rendered":"<p>nr katalogowy: P-0051 &nbsp; Zastosowanie: Pod\u0142o\u017ce do hodowli drobnoustroj\u00f3w (w tym chorobotw\u00f3rczych) o wysokich wymaganiach pokarmowych, zalecane do hodowli streptokok\u00f3w, Neisseria, Haemophilus sp. i innych. Szczepy kontrolne: Escherichia coli ATCC 25922 Salmonella typhimurium ATCC 14028 Shigella sonnei ATCC 9290 Pseudomonas aeruginosa ATCC 27853 Staphylococcus aureus ATCC 6538 Clostridium perfringens ATCC 13124 Wielko\u015b\u0107 opakowania: Sypkie: 500 [&hellip;]<\/p>\n","protected":false},"featured_media":0,"template":"","meta":[],"product_brand":[],"product_cat":[100,126,78,77],"product_tag":[],"class_list":{"0":"post-2537","1":"product","2":"type-product","3":"status-publish","5":"product_cat-buliony","6":"product_cat-butelki","7":"product_cat-podloza-mikrobiologiczne-gotowe","8":"product_cat-podloza-mikrobiologiczne-sypkie","10":"first","11":"instock","12":"shipping-taxable","13":"product-type-simple"},"_links":{"self":[{"href":"https:\/\/www.btl.com.pl\/en\/wp-json\/wp\/v2\/product\/2537","targetHints":{"allow":["GET"]}}],"collection":[{"href":"https:\/\/www.btl.com.pl\/en\/wp-json\/wp\/v2\/product"}],"about":[{"href":"https:\/\/www.btl.com.pl\/en\/wp-json\/wp\/v2\/types\/product"}],"version-history":[{"count":1,"href":"https:\/\/www.btl.com.pl\/en\/wp-json\/wp\/v2\/product\/2537\/revisions"}],"predecessor-version":[{"id":2538,"href":"https:\/\/www.btl.com.pl\/en\/wp-json\/wp\/v2\/product\/2537\/revisions\/2538"}],"wp:attachment":[{"href":"https:\/\/www.btl.com.pl\/en\/wp-json\/wp\/v2\/media?parent=2537"}],"wp:term":[{"taxonomy":"product_brand","embeddable":true,"href":"https:\/\/www.btl.com.pl\/en\/wp-json\/wp\/v2\/product_brand?post=2537"},{"taxonomy":"product_cat","embeddable":true,"href":"https:\/\/www.btl.com.pl\/en\/wp-json\/wp\/v2\/product_cat?post=2537"},{"taxonomy":"product_tag","embeddable":true,"href":"https:\/\/www.btl.com.pl\/en\/wp-json\/wp\/v2\/product_tag?post=2537"}],"curies":[{"name":"wp","href":"https:\/\/api.w.org\/{rel}","templated":true}]}}