{"id":2528,"date":"2021-08-31T23:21:34","date_gmt":"2021-08-31T21:21:34","guid":{"rendered":"https:\/\/btl.com.pl\/?post_type=product&#038;p=2528"},"modified":"2022-03-01T15:05:01","modified_gmt":"2022-03-01T14:05:01","slug":"bulion-kazeina-sojowy-z-ekstraktem-drozdzowym-tsyeb-p-0236","status":"publish","type":"product","link":"https:\/\/www.btl.com.pl\/en\/produkty\/podloza-mikrobiologiczne-gotowe\/butelki\/bulion-kazeina-sojowy-z-ekstraktem-drozdzowym-tsyeb-p-0236\/","title":{"rendered":"Bulion kazeina-sojowy z ekstraktem dro\u017cd\u017cowym (TSYEB)  P-0236"},"content":{"rendered":"<div>nr katalogowy: <b>P-0236<\/b><\/div>\n<p>&nbsp;<\/p>\n<div>\n<p><strong>Zastosowanie:<\/strong><br \/>\nPod\u0142o\u017ce do hodowli drobnoustroj\u00f3w, w tym chorobotw\u00f3rczych, o podwy\u017cszonych wymaganiach pokarmowych. Stosowane jest jako pod\u0142o\u017ce wybi\u00f3rcze do wst\u0119pnego namna\u017cania bakterii <em>Listeria monocytogenes<\/em>, po dodaniu odpowiednich suplement\u00f3w.<br \/>\n<strong>Szczepy kontrolne:<\/strong><br \/>\n<em>Listeria monocytogenes ATCC 15315<\/em><br \/>\n<strong>Wielko\u015b\u0107 opakowania:<\/strong><br \/>\nSypkie: 500 g, 250 g, 100 g, gotowa nawa\u017cka na 250 ml<br \/>\nButelki: 6 x 400 ml, 6 x 200 ml<\/p>\n<\/div>","protected":false},"excerpt":{"rendered":"<p>nr katalogowy: P-0236 &nbsp; Zastosowanie: Pod\u0142o\u017ce do hodowli drobnoustroj\u00f3w, w tym chorobotw\u00f3rczych, o podwy\u017cszonych wymaganiach pokarmowych. Stosowane jest jako pod\u0142o\u017ce wybi\u00f3rcze do wst\u0119pnego namna\u017cania bakterii Listeria monocytogenes, po dodaniu odpowiednich suplement\u00f3w. Szczepy kontrolne: Listeria monocytogenes ATCC 15315 Wielko\u015b\u0107 opakowania: Sypkie: 500 g, 250 g, 100 g, gotowa nawa\u017cka na 250 ml Butelki: 6 x 400 [&hellip;]<\/p>\n","protected":false},"featured_media":0,"template":"","meta":[],"product_brand":[],"product_cat":[100,126,78,77],"product_tag":[],"class_list":{"0":"post-2528","1":"product","2":"type-product","3":"status-publish","5":"product_cat-buliony","6":"product_cat-butelki","7":"product_cat-podloza-mikrobiologiczne-gotowe","8":"product_cat-podloza-mikrobiologiczne-sypkie","10":"first","11":"instock","12":"shipping-taxable","13":"product-type-simple"},"_links":{"self":[{"href":"https:\/\/www.btl.com.pl\/en\/wp-json\/wp\/v2\/product\/2528","targetHints":{"allow":["GET"]}}],"collection":[{"href":"https:\/\/www.btl.com.pl\/en\/wp-json\/wp\/v2\/product"}],"about":[{"href":"https:\/\/www.btl.com.pl\/en\/wp-json\/wp\/v2\/types\/product"}],"version-history":[{"count":1,"href":"https:\/\/www.btl.com.pl\/en\/wp-json\/wp\/v2\/product\/2528\/revisions"}],"predecessor-version":[{"id":2529,"href":"https:\/\/www.btl.com.pl\/en\/wp-json\/wp\/v2\/product\/2528\/revisions\/2529"}],"wp:attachment":[{"href":"https:\/\/www.btl.com.pl\/en\/wp-json\/wp\/v2\/media?parent=2528"}],"wp:term":[{"taxonomy":"product_brand","embeddable":true,"href":"https:\/\/www.btl.com.pl\/en\/wp-json\/wp\/v2\/product_brand?post=2528"},{"taxonomy":"product_cat","embeddable":true,"href":"https:\/\/www.btl.com.pl\/en\/wp-json\/wp\/v2\/product_cat?post=2528"},{"taxonomy":"product_tag","embeddable":true,"href":"https:\/\/www.btl.com.pl\/en\/wp-json\/wp\/v2\/product_tag?post=2528"}],"curies":[{"name":"wp","href":"https:\/\/api.w.org\/{rel}","templated":true}]}}