{"id":2513,"date":"2021-08-30T23:35:42","date_gmt":"2021-08-30T21:35:42","guid":{"rendered":"https:\/\/btl.com.pl\/?post_type=product&#038;p=2513"},"modified":"2021-09-01T14:22:50","modified_gmt":"2021-09-01T12:22:50","slug":"proteobak-pepton-s-0018","status":"publish","type":"product","link":"https:\/\/www.btl.com.pl\/en\/produkty\/skladniki-do-podlozy-mikrobiologicznych\/peptony-skladanki-do-podlozy-mikrobiologicznych\/proteobak-pepton-s-0018\/","title":{"rendered":"Proteobak- pepton  S-0018"},"content":{"rendered":"<div>nr katalogowy: <b>S-0018<\/b><\/div>\n<p>&nbsp;<\/p>\n<div>\n<p><strong>Zastosowanie:<br \/>\n<\/strong>Enzymatyczny hydrolizat tkanki zwierz\u0119cej o du\u017cej zawarto\u015bci wysokocz\u0105steczkowych peptyd\u00f3w. Sk\u0142adnik wielu pod\u0142o\u017cy mikrobiologicznych.<br \/>\n<strong>Wielko\u015b\u0107 opakowania:<\/strong><br \/>\n1000 g, 500 g, 250 g, 100 g<\/p>\n<\/div>","protected":false},"excerpt":{"rendered":"<p>nr katalogowy: S-0018 &nbsp; Zastosowanie: Enzymatyczny hydrolizat tkanki zwierz\u0119cej o du\u017cej zawarto\u015bci wysokocz\u0105steczkowych peptyd\u00f3w. Sk\u0142adnik wielu pod\u0142o\u017cy mikrobiologicznych. Wielko\u015b\u0107 opakowania: 1000 g, 500 g, 250 g, 100 g<\/p>","protected":false},"featured_media":0,"template":"","meta":[],"product_brand":[],"product_cat":[110,79],"product_tag":[],"class_list":{"0":"post-2513","1":"product","2":"type-product","3":"status-publish","5":"product_cat-peptony-skladanki-do-podlozy-mikrobiologicznych","6":"product_cat-skladniki-do-podlozy-mikrobiologicznych","8":"first","9":"instock","10":"shipping-taxable","11":"product-type-simple"},"_links":{"self":[{"href":"https:\/\/www.btl.com.pl\/en\/wp-json\/wp\/v2\/product\/2513","targetHints":{"allow":["GET"]}}],"collection":[{"href":"https:\/\/www.btl.com.pl\/en\/wp-json\/wp\/v2\/product"}],"about":[{"href":"https:\/\/www.btl.com.pl\/en\/wp-json\/wp\/v2\/types\/product"}],"version-history":[{"count":1,"href":"https:\/\/www.btl.com.pl\/en\/wp-json\/wp\/v2\/product\/2513\/revisions"}],"predecessor-version":[{"id":2514,"href":"https:\/\/www.btl.com.pl\/en\/wp-json\/wp\/v2\/product\/2513\/revisions\/2514"}],"wp:attachment":[{"href":"https:\/\/www.btl.com.pl\/en\/wp-json\/wp\/v2\/media?parent=2513"}],"wp:term":[{"taxonomy":"product_brand","embeddable":true,"href":"https:\/\/www.btl.com.pl\/en\/wp-json\/wp\/v2\/product_brand?post=2513"},{"taxonomy":"product_cat","embeddable":true,"href":"https:\/\/www.btl.com.pl\/en\/wp-json\/wp\/v2\/product_cat?post=2513"},{"taxonomy":"product_tag","embeddable":true,"href":"https:\/\/www.btl.com.pl\/en\/wp-json\/wp\/v2\/product_tag?post=2513"}],"curies":[{"name":"wp","href":"https:\/\/api.w.org\/{rel}","templated":true}]}}