{"id":2482,"date":"2021-08-30T23:09:02","date_gmt":"2021-08-30T21:09:02","guid":{"rendered":"https:\/\/btl.com.pl\/?post_type=product&#038;p=2482"},"modified":"2021-09-01T14:17:28","modified_gmt":"2021-09-01T12:17:28","slug":"agar-bakteriologiczny-s-0001","status":"publish","type":"product","link":"https:\/\/www.btl.com.pl\/en\/produkty\/skladniki-do-podlozy-mikrobiologicznych\/agary-skladanki-do-podlozy-mikrobiologicznych\/agar-bakteriologiczny-s-0001\/","title":{"rendered":"Agar bakteriologiczny  S-0001"},"content":{"rendered":"<div>nr katalogowy: <b>S-0001<\/b><\/div>\n<p>&nbsp;<\/p>\n<div>\n<p><strong>Zastosowanie:<br \/>\n<\/strong>Wysokiej jako\u015bci agar bakteriologiczny. Polecany szczeg\u00f3lnie do pod\u0142o\u017cy wymagaj\u0105cych podwy\u017cszonej przejrzysto\u015bci. Czynnik zestalaj\u0105cy pod\u0142o\u017ca.<br \/>\n<strong>Wielko\u015b\u0107 opakowania:<\/strong><br \/>\n1000 g, 500 g, 250 g, 100 g<\/p>\n<\/div>","protected":false},"excerpt":{"rendered":"<p>nr katalogowy: S-0001 &nbsp; Zastosowanie: Wysokiej jako\u015bci agar bakteriologiczny. Polecany szczeg\u00f3lnie do pod\u0142o\u017cy wymagaj\u0105cych podwy\u017cszonej przejrzysto\u015bci. Czynnik zestalaj\u0105cy pod\u0142o\u017ca. Wielko\u015b\u0107 opakowania: 1000 g, 500 g, 250 g, 100 g<\/p>","protected":false},"featured_media":0,"template":"","meta":[],"product_brand":[],"product_cat":[108,79],"product_tag":[],"class_list":{"0":"post-2482","1":"product","2":"type-product","3":"status-publish","5":"product_cat-agary-skladanki-do-podlozy-mikrobiologicznych","6":"product_cat-skladniki-do-podlozy-mikrobiologicznych","8":"first","9":"instock","10":"shipping-taxable","11":"product-type-simple"},"_links":{"self":[{"href":"https:\/\/www.btl.com.pl\/en\/wp-json\/wp\/v2\/product\/2482","targetHints":{"allow":["GET"]}}],"collection":[{"href":"https:\/\/www.btl.com.pl\/en\/wp-json\/wp\/v2\/product"}],"about":[{"href":"https:\/\/www.btl.com.pl\/en\/wp-json\/wp\/v2\/types\/product"}],"version-history":[{"count":1,"href":"https:\/\/www.btl.com.pl\/en\/wp-json\/wp\/v2\/product\/2482\/revisions"}],"predecessor-version":[{"id":2483,"href":"https:\/\/www.btl.com.pl\/en\/wp-json\/wp\/v2\/product\/2482\/revisions\/2483"}],"wp:attachment":[{"href":"https:\/\/www.btl.com.pl\/en\/wp-json\/wp\/v2\/media?parent=2482"}],"wp:term":[{"taxonomy":"product_brand","embeddable":true,"href":"https:\/\/www.btl.com.pl\/en\/wp-json\/wp\/v2\/product_brand?post=2482"},{"taxonomy":"product_cat","embeddable":true,"href":"https:\/\/www.btl.com.pl\/en\/wp-json\/wp\/v2\/product_cat?post=2482"},{"taxonomy":"product_tag","embeddable":true,"href":"https:\/\/www.btl.com.pl\/en\/wp-json\/wp\/v2\/product_tag?post=2482"}],"curies":[{"name":"wp","href":"https:\/\/api.w.org\/{rel}","templated":true}]}}