{"id":2478,"date":"2021-08-30T22:27:59","date_gmt":"2021-08-30T20:27:59","guid":{"rendered":"https:\/\/btl.com.pl\/?post_type=product&#038;p=2478"},"modified":"2021-08-30T22:29:00","modified_gmt":"2021-08-30T20:29:00","slug":"mini-inkubator-113311","status":"publish","type":"product","link":"https:\/\/www.btl.com.pl\/en\/produkty\/plytki-odciskowe\/mini-inkubator-113311\/","title":{"rendered":"Mini Inkubator  113311"},"content":{"rendered":"<p>nr katalogowy: <strong>113311<\/strong><\/p>\n<p>&nbsp;<\/p>\n<p>&nbsp;<\/p>\n<p><strong>Cieplarka przeznaczona do inkubacji np.:<\/strong><\/p>\n<ul>\n<li>20 p\u0142ytek odciskowych typu RODAC<\/li>\n<li>18 dip-slid\u00f3w<\/li>\n<li>12 p\u0142ytek Petriego<\/li>\n<li>butelek do hodowli krwi<\/li>\n<li>system\u00f3w do identyfikacji (ka\u017cdy typ)<\/li>\n<\/ul>\n<p><strong>Zalety:<\/strong><\/p>\n<ul>\n<li>wysoka jako\u015b\u0107<\/li>\n<li>oszcz\u0119dno\u015b\u0107 przestrzeni<\/li>\n<li>bezpiecze\u0144stwo u\u017cytkowania (certyfikaty VDE\/TUV; CE i GS zgodne z wymaganiami<\/li>\n<\/ul>\n<p>mi\u0119dzynarodowymi)<\/p>\n<ul>\n<li>nie wymaga konserwacji<\/li>\n<\/ul>\n<p><strong>Parametry Techniczne:<\/strong><\/p>\n<ul>\n<li>zakres temperatur inkubacji 25 \u2013 45 \u00b0C<\/li>\n<li>zagwarantowana kontrola wizualna (przejrzyste drzwi z plexiglasu)<\/li>\n<li>Wymiary zew. (WxHxD): 310x155x168 mm<\/li>\n<li>Wymiary wew. (WxHxD): 220x120x150 mm<\/li>\n<li>Waga (netto): 1,1 kg<\/li>\n<li>Pob\u00f3r pr\u0105du: 26 W\/ 220 V<\/li>\n<li>Zakres temperatur: 25 \u2013 45\u00b0C (ustawiona: 35\u00b0C)<\/li>\n<li>Dok\u0142adno\u015b\u0107: 1\u00b0C<\/li>\n<\/ul>","protected":false},"excerpt":{"rendered":"<p>nr katalogowy: 113311 &nbsp; &nbsp; Cieplarka przeznaczona do inkubacji np.: 20 p\u0142ytek odciskowych typu RODAC 18 dip-slid\u00f3w 12 p\u0142ytek Petriego butelek do hodowli krwi system\u00f3w do identyfikacji (ka\u017cdy typ) Zalety: wysoka jako\u015b\u0107 oszcz\u0119dno\u015b\u0107 przestrzeni bezpiecze\u0144stwo u\u017cytkowania (certyfikaty VDE\/TUV; CE i GS zgodne z wymaganiami mi\u0119dzynarodowymi) nie wymaga konserwacji Parametry Techniczne: zakres temperatur inkubacji 25 \u2013 [&hellip;]<\/p>\n","protected":false},"featured_media":0,"template":"","meta":[],"product_brand":[],"product_cat":[81],"product_tag":[],"class_list":{"0":"post-2478","1":"product","2":"type-product","3":"status-publish","5":"product_cat-plytki-odciskowe","7":"first","8":"instock","9":"shipping-taxable","10":"product-type-simple"},"_links":{"self":[{"href":"https:\/\/www.btl.com.pl\/en\/wp-json\/wp\/v2\/product\/2478","targetHints":{"allow":["GET"]}}],"collection":[{"href":"https:\/\/www.btl.com.pl\/en\/wp-json\/wp\/v2\/product"}],"about":[{"href":"https:\/\/www.btl.com.pl\/en\/wp-json\/wp\/v2\/types\/product"}],"version-history":[{"count":1,"href":"https:\/\/www.btl.com.pl\/en\/wp-json\/wp\/v2\/product\/2478\/revisions"}],"predecessor-version":[{"id":2479,"href":"https:\/\/www.btl.com.pl\/en\/wp-json\/wp\/v2\/product\/2478\/revisions\/2479"}],"wp:attachment":[{"href":"https:\/\/www.btl.com.pl\/en\/wp-json\/wp\/v2\/media?parent=2478"}],"wp:term":[{"taxonomy":"product_brand","embeddable":true,"href":"https:\/\/www.btl.com.pl\/en\/wp-json\/wp\/v2\/product_brand?post=2478"},{"taxonomy":"product_cat","embeddable":true,"href":"https:\/\/www.btl.com.pl\/en\/wp-json\/wp\/v2\/product_cat?post=2478"},{"taxonomy":"product_tag","embeddable":true,"href":"https:\/\/www.btl.com.pl\/en\/wp-json\/wp\/v2\/product_tag?post=2478"}],"curies":[{"name":"wp","href":"https:\/\/api.w.org\/{rel}","templated":true}]}}